{"id":1051,"date":"2021-06-15T17:07:43","date_gmt":"2021-06-15T15:07:43","guid":{"rendered":"https:\/\/www.counterrisk.eu\/the-project\/"},"modified":"2021-08-02T19:39:13","modified_gmt":"2021-08-02T17:39:13","slug":"the-project","status":"publish","type":"page","link":"https:\/\/www.counterrisk.eu\/cs\/the-project\/","title":{"rendered":"Projekt"},"content":{"rendered":"<div class=\"wpb-content-wrapper\"><p>[vc_row top_padding=&#8220;80&#8243;][vc_column animation=&#8220;fade-in-from-left&#8220; column_center=&#8220;true&#8220; width=&#8220;2\/3&#8243; delay=&#8220;400&#8243;]<div class=\"headline font-inherit fontsize-m fontweight-inherit lh-15 align-left transform-inherit \" style=\"margin: 0 0 20px 0;\">CounterRisk je mezin\u00e1rodn\u00ed projekt, podporovan\u00fd Evropskou komis\u00ed z programu Erasmus + jeho\u017e c\u00edlem je vytvo\u0159it ve\u0159ejn\u011b p\u0159\u00edstupn\u00e9 vzd\u011bl\u00e1vac\u00ed zdroje o tom, jak bojovat s pad\u011blky v\u00fdrobk\u016f ur\u010den\u00fdch d\u011btem, \u0159e\u0161it ochranu pr\u00e1v du\u0161evn\u00edho vlastnictv\u00ed, bezpe\u010dnost d\u011bt\u00ed a sezn\u00e1mit s nov\u00fdmi technologiemi umo\u017e\u0148uj\u00edc\u00edmi zv\u00fd\u0161en\u00ed ochrany spot\u0159ebitel\u016f.<\/div>[\/vc_column][vc_column animation=&#8220;fade-in-from-right&#8220; width=&#8220;1\/3&#8243; delay=&#8220;400&#8243;]<div class=\"single_image wpb_content_element align-center   image_greyscale \" data-animation=\"none\" data-delay=\"0\"><img loading=\"lazy\" decoding=\"async\" width=\"509\" height=\"339\" src=\"https:\/\/www.counterrisk.eu\/wp-content\/uploads\/2021\/06\/real-falso.png\" class=\"attachment-full\" alt=\"\" title=\"real-falso\" srcset=\"https:\/\/www.counterrisk.eu\/wp-content\/uploads\/2021\/06\/real-falso.png 509w, https:\/\/www.counterrisk.eu\/wp-content\/uploads\/2021\/06\/real-falso-300x200.png 300w\" sizes=\"auto, (max-width: 509px) 100vw, 509px\" \/><\/div>[\/vc_column][\/vc_row][vc_row top_padding=&#8220;40&#8243; bottom_padding=&#8220;40&#8243;][vc_column width=&#8220;1\/1&#8243;]<h3 class=\"headline font-special fontsize-xxl fontweight-inherit lh-inherit align-left transform-inherit \" style=\"margin: 0 30px 0px 0;\">C\u00cdLOV\u00c1 SKUPINA<\/h3>[\/vc_column][vc_column width=&#8220;2\/3&#8243;]<div class=\"headline font-inherit fontsize-m fontweight-600 lh-inherit align-left transform-inherit \" style=\"margin: 0 0px 30px 0;\">Projekt je ur\u010den t\u011bmto c\u00edlov\u00fdm skupin\u00e1m:<\/div><div class=\"iconbox  wpb_content_element iconbox-style-2 icon-color-accent color-dark clearfix\"><div class=\"iconbox-icon\"><img src='https:\/\/www.counterrisk.eu\/wp-content\/uploads\/2021\/05\/cub.png' class='iconimg' alt='' \/><\/div><div class=\"iconbox-content\"><h3><\/h3><p>odborn\u00ed pracovn\u00edc\u00ed ve v\u00fdrobn\u00edch podnic\u00edch, zejm\u00e9na SMS a<\/p><\/div><\/div><div class=\"iconbox  wpb_content_element iconbox-style-2 icon-color-accent color-dark clearfix\"><div class=\"iconbox-icon\"><img src='https:\/\/www.counterrisk.eu\/wp-content\/uploads\/2021\/05\/cub.png' class='iconimg' alt='' \/><\/div><div class=\"iconbox-content\"><h3><\/h3><p>technici ve spot\u0159ebitelsk\u00fdch organizac\u00edch, jako c\u00edlov\u00e1 skupina oslovuj\u00edc\u00ed z\u00e1kazn\u00edky nakupuj\u00edc\u00ed pot\u0159eby pro d\u011bti online i v kamen\u00fdch obchodech.<\/p><\/div><\/div>[\/vc_column][vc_column width=&#8220;1\/3&#8243;]<div class=\"headline font-inherit fontsize-m fontweight-600 lh-inherit align-left transform-inherit \" style=\"margin: 0 0 30px 0;\">Dal\u0161\u00ed p\u0159\u00edjemci<\/div>[vc_column_text]pracovn\u00edci st\u00e1tn\u00edch org\u00e1n\u016f odpov\u011bdn\u00fdch za dohled nad trhem a za vzd\u011bl\u00e1v\u00e1n\u00ed spot\u0159ebitel\u016f, u\u010ditel\u00e9 a studenti obor\u016f souvisej\u00edc\u00edch s \u0159e\u0161enou problematikou.[\/vc_column_text][\/vc_column][\/vc_row][vc_row bg_image=&#8220;204&#8243; text_color=&#8220;light&#8220; top_padding=&#8220;80&#8243; bottom_padding=&#8220;80&#8243;][vc_column width=&#8220;1\/1&#8243;]<h3 class=\"headline font-special fontsize-xxl fontweight-inherit lh-inherit align-left transform-inherit \" style=\"margin: 0 30px 0px 0;\">C\u00cdLE<\/h3><div class=\"spacer\" style=\"height: 40px;\"><\/div><div class=\"minti_boxedholder   clearfix\" style=\"padding: 40px 40px 40px 40px; margin: 0px 0px 0px 0px; background-color: rgba(12,12,12,0.6); \">[vc_column_text]Pad\u011bl\u00e1n\u00ed v\u00fdrobk\u016f je nebezpe\u010dn\u00e9 jak pro podnik\u00e1n\u00ed tak pro zdrav\u00ed spot\u0159ebitel\u016f. V p\u0159\u00edpad\u011b d\u011btsk\u00fdch v\u00fdrobk\u016f p\u0159edstavuj\u00ed pad\u011blky v\u00e1\u017en\u00e9 zdravotn\u00ed riziko pro nejzraniteln\u011bj\u0161\u00ed spot\u0159ebitele, kter\u00fdmi jsou d\u011bti. Podle studie EUIPO ! kvalifikace rizik pro spot\u0159ebitele zp\u016fsoben\u00fdch pad\u011blan\u00fdmi v\u00fdrobky z roku 2019, ohro\u017euj\u00ed nebezpe\u010dn\u00e9 v\u00fdrobky z 80% pr\u00e1v\u011b d\u011bti.[\/vc_column_text][vc_column_text]Hlavn\u00edm c\u00edlem projektu ConterRisk je zv\u00fd\u0161en\u00ed kl\u00ed\u010dov\u00fdch kompetenc\u00ed odborn\u00edk\u016f (mal\u00fdch a st\u0159edn\u00edch podnik\u016f a spot\u0159ebitelsk\u00fdch organizac\u00ed) chr\u00e1nit se p\u0159ed pad\u011blky zvy\u0161ov\u00e1n\u00edm znalost\u00ed o ochran\u011b du\u0161evn\u00edho vlastnictv\u00ed a bezpe\u010dnosti v\u00fdrobk\u016f a o tom jak tomu mohou b\u00fdt n\u00e1pomocn\u00e9 modern\u00ed technologie[\/vc_column_text]<\/div>[\/vc_column][\/vc_row][vc_row top_padding=&#8220;80&#8243; bottom_padding=&#8220;60&#8243;][vc_column width=&#8220;1\/1&#8243;]<h3 class=\"headline font-special fontsize-xxl fontweight-inherit lh-inherit align-center transform-inherit \" style=\"margin: 0 0px 0px 0;\">Hlavn\u00ed v\u00fdsledky projektu<\/h3><h3 class=\"headline font-special fontsize-xl fontweight-inherit lh-inherit align-center transform-inherit \" style=\"margin: 0 80px 0px 0; color: #1e73be;\">Dva intelektu\u00e1ln\u00ed v\u00fdstupy:<\/h3><div class=\"spacer\" style=\"height: 40px;\"><\/div>[\/vc_column][vc_column width=&#8220;1\/2&#8243;]<div class=\"iconbox  wpb_content_element iconbox-style-5 icon-color-accent color-dark clearfix\"><div class=\"iconbox-icon\"><i class=\"fa fa-arrow-right boxicon\" style=\"\"><\/i><\/div><div class=\"iconbox-content\"><h3>1. NOOC pro spot\u0159ebitelsk\u00e9 organizace<\/h3><p>bezplatn\u00fd otev\u0159en\u00fd online kurz ve form\u00e1tu NOOC vytvo\u0159en\u00fd pro pracovn\u00edky spot\u0159ebitelsk\u00fdch organizac\u00ed a dal\u0161\u00ed odborn\u00edky zapojen\u00fdch do vzd\u011bl\u00e1vac\u00edch a osv\u011btov\u00fdch \u010dinnost\u00ed.<\/p>\n<p>pro\u010d a jak se vyhnout n\u00e1kupu pad\u011blan\u00fdch v\u00fdrobk\u016f<\/p><\/div><\/div>[\/vc_column][vc_column width=&#8220;1\/2&#8243;]<div class=\"iconbox  wpb_content_element iconbox-style-5 icon-color-accent color-dark clearfix\"><div class=\"iconbox-icon\"><i class=\"fa fa-arrow-right boxicon\" style=\"\"><\/i><\/div><div class=\"iconbox-content\"><h3>2. NOOC pro firmy z oboru v\u00fdroby pot\u0159eb pro d\u011bti<\/h3><p>zam\u011b\u0159en\u00e9 na pracovn\u00edky firem z oboru, zejm\u00e9na SMS<\/p>\n<p>ochrana va\u0161ich v\u00fdrobk\u016f a va\u0161\u00ed firmy prost\u0159ednictv\u00edm ochrany du\u0161evn\u00edho vlastnictv\u00ed, bezpe\u010dnosti v\u00fdrobk\u016f a nov\u00fdch technologi\u00ed<\/p><\/div><\/div>[\/vc_column][\/vc_row][vc_row bg_color=&#8220;#ddedfc&#8220; top_padding=&#8220;40&#8243; bottom_padding=&#8220;40&#8243;][vc_column column_padding=&#8220;padding-2&#8243; width=&#8220;1\/3&#8243;]<h3 class=\"headline font-special fontsize-xxl fontweight-inherit lh-15 align-left transform-inherit \" style=\"margin: 0px 0px 0px 0;\">Co je CounterRisk NOOC?<\/h3><div class=\"divider divider5\" style='margin:30px 0 30px 0 !important;'><\/div><div class=\"single_image wpb_content_element align-left    \" data-animation=\"none\" data-delay=\"0\"><img loading=\"lazy\" decoding=\"async\" width=\"608\" height=\"551\" src=\"https:\/\/www.counterrisk.eu\/wp-content\/uploads\/2021\/06\/ilustracion.png\" class=\"attachment-full\" alt=\"\" title=\"ilustracion\" srcset=\"https:\/\/www.counterrisk.eu\/wp-content\/uploads\/2021\/06\/ilustracion.png 608w, https:\/\/www.counterrisk.eu\/wp-content\/uploads\/2021\/06\/ilustracion-300x272.png 300w\" sizes=\"auto, (max-width: 608px) 100vw, 608px\" \/><\/div>[\/vc_column][vc_column column_padding=&#8220;padding-2&#8243; width=&#8220;1\/3&#8243;]<div class=\"iconbox  wpb_content_element iconbox-style-2 icon-color-accent color-dark clearfix\"><div class=\"iconbox-icon\"><i class=\"fa sl-briefcase boxicon\" style=\"\"><\/i><\/div><div class=\"iconbox-content\"><h3>T\u00e9mata<\/h3><p>v\u00fdrobky ur\u010den\u00e9 d\u011btem &#8211; bezpe\u010dnost v\u00fdrobk\u016f &#8211; nov\u00e9 technologie uplat\u0148ovan\u00e9 p\u0159i ochran\u011b bezpe\u010dnosti v\u00fdrobk\u016f &#8211; blockchein.<\/p><\/div><\/div><div class=\"iconbox  wpb_content_element iconbox-style-2 icon-color-accent color-dark clearfix\"><div class=\"iconbox-icon\"><i class=\"fa sl-social-youtube boxicon\" style=\"\"><\/i><\/div><div class=\"iconbox-content\"><h3>Kr\u00e1tk\u00e9 cvi\u010dn\u00e9 uk\u00e1zky<\/h3><p>z\u00e1bavn\u00e1 videa, infografika, p\u00edsemn\u00e9 materi\u00e1ly, kv\u00edzy a pod.<\/p><\/div><\/div><div class=\"iconbox  wpb_content_element iconbox-style-2 icon-color-accent color-dark clearfix\"><div class=\"iconbox-icon\"><i class=\"fa sl-link boxicon\" style=\"\"><\/i><\/div><div class=\"iconbox-content\"><h3>Integrovan\u00e9 n\u00e1stroje<\/h3><p>Integrovan\u00e9 n\u00e1stroje umo\u017e\u0148uj\u00edc\u00ed b\u011bhem vzd\u011bl\u00e1vac\u00edho procesu z\u00edsk\u00e1vat ocen\u011bn\u00ed pro postup do vy\u0161\u0161\u00edch \u00farovn\u00ed procesu.<\/p><\/div><\/div><div class=\"iconbox  wpb_content_element iconbox-style-2 icon-color-accent color-dark clearfix\"><div class=\"iconbox-icon\"><i class=\"fa sl-eye boxicon\" style=\"\"><\/i><\/div><div class=\"iconbox-content\"><h3>Roz\u0161\u00ed\u0159en\u00e9 reality<\/h3><p>Z\u00e1bavn\u00e1 forma p\u0159\u00edpadov\u00fdch studi\u00ed a roz\u0161\u00ed\u0159en\u00e9 reality<\/p><\/div><\/div>[\/vc_column][vc_column column_padding=&#8220;padding-2&#8243; width=&#8220;1\/3&#8243;]<div class=\"iconbox  wpb_content_element iconbox-style-2 icon-color-accent color-dark clearfix\"><div class=\"iconbox-icon\"><i class=\"fa sl-earphones boxicon\" style=\"\"><\/i><\/div><div class=\"iconbox-content\"><h3>U\u010dit se m\u016f\u017eete kdykoli<\/h3><p>Materi\u00e1ly m\u016f\u017eete b\u011bhem kurzu pou\u017e\u00edt strukturovan\u011b nebo jednotliv\u011b. Kdykoli m\u016f\u017eete vyu\u017e\u00edt pot\u0159ebnou \u010d\u00e1st.<\/p><\/div><\/div><div class=\"iconbox  wpb_content_element iconbox-style-2 icon-color-accent color-dark clearfix\"><div class=\"iconbox-icon\"><i class=\"fa sl-like boxicon\" style=\"\"><\/i><\/div><div class=\"iconbox-content\"><h3>Voln\u00fd p\u0159\u00edstup pro ka\u017ed\u00e9ho<\/h3><p>K p\u0159\u00edstupu k NOOC pot\u0159ebujete pouze p\u0159ipojen\u00ed k internetu a za\u0159\u00edzen\u00ed iOS nebo Android (smartphone nebo tablet)<\/p><\/div><\/div><div class=\"iconbox  wpb_content_element iconbox-style-2 icon-color-accent color-dark clearfix\"><div class=\"iconbox-icon\"><i class=\"fa sl-emoticon-smile boxicon\" style=\"\"><\/i><\/div><div class=\"iconbox-content\"><h3>Zdarma<\/h3><p>V\u0161echny produkty budou k dispozici zdarma v digit\u00e1ln\u00edm form\u00e1tu na internetu, na webov\u00fdch str\u00e1nk\u00e1ch projektu a na platform\u011b programu Erasmus +<\/p><\/div><\/div><div class=\"iconbox  wpb_content_element iconbox-style-2 icon-color-accent color-dark clearfix\"><div class=\"iconbox-icon\"><i class=\"fa sl-flag boxicon\" style=\"\"><\/i><\/div><div class=\"iconbox-content\"><h3>Jazyky<\/h3><p>NOOC je v Angli\u010dtin\u011b, \u0160pan\u011bl\u0161tin\u011b, Francou\u0161tin\u011b, \u010ce\u0161tin\u011b a Portugal\u0161tin\u011b<\/p><\/div><\/div>[\/vc_column][\/vc_row][vc_row bg_color=&#8220;#1e73be&#8220; text_color=&#8220;light&#8220; text_align=&#8220;center&#8220; top_padding=&#8220;30&#8243; bottom_padding=&#8220;30&#8243;][vc_column width=&#8220;1\/1&#8243;]<h1 class=\"headline font-special fontsize-xxxl fontweight-inherit lh-inherit align-center transform-inherit \" style=\"margin: 0 0 0px 0;\">TRV\u00c1N\u00cd PROJEKTU<\/h1><h1 class=\"headline font-special fontsize-m fontweight-inherit lh-inherit align-center transform-inherit \" style=\"margin: 0 0 20px 0;\">za\u010d\u00e1tek 01\/12\/20 ukon\u010den\u00ed 31\/03\/23<\/h1>[\/vc_column][\/vc_row]<\/p>\n<\/div>","protected":false},"excerpt":{"rendered":"<p>[vc_row top_padding=&#8220;80&#8243;][vc_column animation=&#8220;fade-in-from-left&#8220; column_center=&#8220;true&#8220; width=&#8220;2\/3&#8243; delay=&#8220;400&#8243;][\/vc_column][vc_column animation=&#8220;fade-in-from-right&#8220; width=&#8220;1\/3&#8243; delay=&#8220;400&#8243;][\/vc_column][\/vc_row][vc_row top_padding=&#8220;40&#8243; bottom_padding=&#8220;40&#8243;][vc_column width=&#8220;1\/1&#8243;][\/vc_column][vc_column width=&#8220;2\/3&#8243;][\/vc_column][vc_column width=&#8220;1\/3&#8243;][vc_column_text]pracovn\u00edci st\u00e1tn\u00edch org\u00e1n\u016f odpov\u011bdn\u00fdch za dohled nad trhem a za vzd\u011bl\u00e1v\u00e1n\u00ed spot\u0159ebitel\u016f, u\u010ditel\u00e9 a studenti obor\u016f souvisej\u00edc\u00edch s \u0159e\u0161enou problematikou.[\/vc_column_text][\/vc_column][\/vc_row][vc_row bg_image=&#8220;204&#8243; text_color=&#8220;light&#8220; top_padding=&#8220;80&#8243; bottom_padding=&#8220;80&#8243;][vc_column width=&#8220;1\/1&#8243;][\/vc_column][\/vc_row][vc_row top_padding=&#8220;80&#8243; bottom_padding=&#8220;60&#8243;][vc_column width=&#8220;1\/1&#8243;][\/vc_column][vc_column width=&#8220;1\/2&#8243;][\/vc_column][vc_column width=&#8220;1\/2&#8243;][\/vc_column][\/vc_row][vc_row bg_color=&#8220;#ddedfc&#8220; top_padding=&#8220;40&#8243; bottom_padding=&#8220;40&#8243;][vc_column column_padding=&#8220;padding-2&#8243; width=&#8220;1\/3&#8243;][\/vc_column][vc_column column_padding=&#8220;padding-2&#8243; width=&#8220;1\/3&#8243;][\/vc_column][vc_column column_padding=&#8220;padding-2&#8243; width=&#8220;1\/3&#8243;][\/vc_column][\/vc_row][vc_row bg_color=&#8220;#1e73be&#8220; text_color=&#8220;light&#8220; text_align=&#8220;center&#8220; top_padding=&#8220;30&#8243; bottom_padding=&#8220;30&#8243;][vc_column width=&#8220;1\/1&#8243;][\/vc_column][\/vc_row]<\/p>\n","protected":false},"author":1,"featured_media":0,"parent":0,"menu_order":0,"comment_status":"closed","ping_status":"closed","template":"","meta":{"footnotes":""},"class_list":["post-1051","page","type-page","status-publish","hentry"],"_links":{"self":[{"href":"https:\/\/www.counterrisk.eu\/cs\/wp-json\/wp\/v2\/pages\/1051","targetHints":{"allow":["GET"]}}],"collection":[{"href":"https:\/\/www.counterrisk.eu\/cs\/wp-json\/wp\/v2\/pages"}],"about":[{"href":"https:\/\/www.counterrisk.eu\/cs\/wp-json\/wp\/v2\/types\/page"}],"author":[{"embeddable":true,"href":"https:\/\/www.counterrisk.eu\/cs\/wp-json\/wp\/v2\/users\/1"}],"replies":[{"embeddable":true,"href":"https:\/\/www.counterrisk.eu\/cs\/wp-json\/wp\/v2\/comments?post=1051"}],"version-history":[{"count":3,"href":"https:\/\/www.counterrisk.eu\/cs\/wp-json\/wp\/v2\/pages\/1051\/revisions"}],"predecessor-version":[{"id":1055,"href":"https:\/\/www.counterrisk.eu\/cs\/wp-json\/wp\/v2\/pages\/1051\/revisions\/1055"}],"wp:attachment":[{"href":"https:\/\/www.counterrisk.eu\/cs\/wp-json\/wp\/v2\/media?parent=1051"}],"curies":[{"name":"wp","href":"https:\/\/api.w.org\/{rel}","templated":true}]}}