{"id":1063,"date":"2021-06-15T17:15:10","date_gmt":"2021-06-15T15:15:10","guid":{"rendered":"https:\/\/www.counterrisk.eu\/faqs\/"},"modified":"2021-08-02T19:55:44","modified_gmt":"2021-08-02T17:55:44","slug":"faqs","status":"publish","type":"page","link":"https:\/\/www.counterrisk.eu\/cs\/faqs\/","title":{"rendered":"FAQS"},"content":{"rendered":"<div class=\"wpb-content-wrapper\"><p>[vc_row bottom_padding=&#8220;40&#8243;][vc_column el_class=&#8220;hidden-xs&#8220; width=&#8220;1\/6&#8243;]<div class=\"single_image wpb_content_element align-center    \" data-animation=\"none\" data-delay=\"0\"><img loading=\"lazy\" decoding=\"async\" width=\"75\" height=\"300\" src=\"https:\/\/www.counterrisk.eu\/wp-content\/uploads\/2021\/06\/cubs-trans-75x300.png\" class=\"attachment-medium\" alt=\"\" title=\"cubs-trans\" srcset=\"https:\/\/www.counterrisk.eu\/wp-content\/uploads\/2021\/06\/cubs-trans-75x300.png 75w, https:\/\/www.counterrisk.eu\/wp-content\/uploads\/2021\/06\/cubs-trans.png 121w\" sizes=\"auto, (max-width: 75px) 100vw, 75px\" \/><\/div>[\/vc_column][vc_column width=&#8220;2\/3&#8243;]<div class=\"iconbox  wpb_content_element iconbox-style-2 icon-color-accent color-dark clearfix\"><div class=\"iconbox-icon\"><i class=\"fa fa-question boxicon\" style=\"\"><\/i><\/div><div class=\"iconbox-content\"><h3>Je kurz kompletn\u011b bezplatn\u00fd?<\/h3><p>Ano, je zcela zdarma a p\u0159\u00edstupn\u00fd komukoli.<\/p><\/div><\/div><div class=\"divider divider1\" style='margin:20px 0 20px 0 !important;'><\/div><div class=\"iconbox  wpb_content_element iconbox-style-2 icon-color-accent color-dark clearfix\"><div class=\"iconbox-icon\"><i class=\"fa fa-question boxicon\" style=\"\"><\/i><\/div><div class=\"iconbox-content\"><h3>Existuj\u00ed n\u011bjak\u00e9 podm\u00ednky pro absolvov\u00e1n\u00ed kurzu?<\/h3><p>Pokud chcete absolvovat tyto kurzy je pouze pot\u0159eba, abyste se zaj\u00edmali o problematiku pad\u011blan\u00fdch v\u00fdrobk\u016f a jejich rizika pro spot\u0159ebitele v\u00fdrobce a spole\u010dnost. Berte na v\u011bdom\u00ed, \u017ee se jedn\u00e1 o dva kurzy, jeden pro firmy z oboru v\u00fdrobk\u016f ur\u010den\u00fdch d\u011btema druh\u00fd pro pracovn\u00edky organizac\u00ed zab\u00fdvaj\u00edc\u00edmi se dozorem nad trhem a pro pedagogy a studenty z oborua spot\u0159ebitele.<\/p><\/div><\/div><div class=\"divider divider1\" style='margin:20px 0 20px 0 !important;'><\/div><div class=\"iconbox  wpb_content_element iconbox-style-2 icon-color-accent color-dark clearfix\"><div class=\"iconbox-icon\"><i class=\"fa fa-question boxicon\" style=\"\"><\/i><\/div><div class=\"iconbox-content\"><h3>Jak\u00e1 zaj\u00edmav\u00e1 t\u00e9mate zde najdeme?<\/h3><p>Tyto kurzy jsou koncipov\u00e1ny jako samostatn\u00e9 cvi\u010dn\u00e9 odd\u00edly, kter\u00e9 m\u016f\u017eete absolvovat podle pot\u0159eb a preferenc\u00ed,. Prost\u0159ednictv\u00edm smartphonu m\u016f\u017eete vyhledat pot\u0159ebnou \u010d\u00e1st s n\u00e1vodem jak m\u016f\u017ee va\u0161e organizace, firma nebo instituce bojovat proti pad\u011blk\u016fm.<\/p><\/div><\/div><div class=\"divider divider1\" style='margin:20px 0 20px 0 !important;'><\/div><div class=\"iconbox  wpb_content_element iconbox-style-2 icon-color-accent color-dark clearfix\"><div class=\"iconbox-icon\"><i class=\"fa fa-question boxicon\" style=\"\"><\/i><\/div><div class=\"iconbox-content\"><h3>Co pot\u0159ebuji k absolvov\u00e1n\u00ed tohoto kurzu?<\/h3><p>V\u0161e je p\u0159\u00edstupn\u00e9 prost\u0159ednictv\u00edm smartphonu nebo tabletu (se syst\u00e9mem Android nebo IOS) a na internetu.<\/p><\/div><\/div><div class=\"divider divider1\" style='margin:20px 0 20px 0 !important;'><\/div><div class=\"iconbox  wpb_content_element iconbox-style-2 icon-color-accent color-dark clearfix\"><div class=\"iconbox-icon\"><i class=\"fa fa-question boxicon\" style=\"\"><\/i><\/div><div class=\"iconbox-content\"><h3>Je mo\u017en\u00e9 z\u00edskat certifik\u00e1t o absolvov\u00e1n\u00ed kurzu?<\/h3><p>Po dokon\u010den\u00ed kurzu si m\u016f\u017eete st\u00e1hnou certifik\u00e1t o absolvov\u00e1n\u00ed s blockchair technologi\u00ed.<\/p><\/div><\/div><div class=\"divider divider1\" style='margin:20px 0 20px 0 !important;'><\/div><div class=\"iconbox  wpb_content_element iconbox-style-2 icon-color-accent color-dark clearfix\"><div class=\"iconbox-icon\"><i class=\"fa fa-question boxicon\" style=\"\"><\/i><\/div><div class=\"iconbox-content\"><h3>Kdy kurz startuje?<\/h3><p>V sou\u010dasn\u00e9 dob\u011b partne\u0159i projektu vyvijej\u00ed pot\u0159ebn\u00e9 materi\u00e1ly pro projekt. Kurz nen\u00ed zat\u00edm dokon\u010den\u00fd, ale m\u016f\u017eete se zaregistrovat a b\u00fdt sou\u010d\u00e1st\u00ed skupiny potenci\u00e1ln\u00edch u\u017eivatel\u016f, kte\u0159\u00ed se budou moci \u00fa\u010dastnit testovac\u00ed f\u00e1ze syst\u00e9mu NOOC pro spot\u0159ebitele a podniky. Projekt bude dokon\u010den v b\u0159eznu 2023. Pokud n\u00e1s budete kontaktovat na <a href=\"mailto:royectosseguridad@aiju.es\">proyectosseguridad@aiju.es<\/a> r\u00e1di v\u00e1m vysv\u011btl\u00edme v\u0161echny detaily o testovac\u00ed f\u00e1zi.<\/p><\/div><\/div><div class=\"divider divider1\" style='margin:20px 0 20px 0 !important;'><\/div><div class=\"iconbox  wpb_content_element iconbox-style-2 icon-color-accent color-dark clearfix\"><div class=\"iconbox-icon\"><i class=\"fa fa-question boxicon\" style=\"\"><\/i><\/div><div class=\"iconbox-content\"><h3>Jsem lektorem. M\u016f\u017ee mn\u011b tento n\u00e1stroj pomoci p\u0159i v\u00fduce?<\/h3><p>Prodej pad\u011blk\u016f v\u00fdrobk\u016f v posledn\u00ed dob\u011b exponenci\u00e1ln\u011b roste zejm\u00e9na vlivem elektronick\u00e9ho obchodov\u00e1n\u00ed , proto je velmi d\u016fle\u017eit\u00e9 vzd\u011bl\u00e1v\u00e1n\u00ed spot\u0159ebitel\u016f.<\/p>\n<p>Prost\u0159ednictv\u00edm tohoto n\u00e1stroje m\u016f\u017eete informovat sv\u00e9 studenty, budouc\u00ed spot\u0159ebitele, o n\u00e1strah\u00e1ch prodeje pad\u011blan\u00fdch v\u00fdrobk\u016f a jejich nebezpe\u010d\u00ed pro zdrav\u00ed a ochranu \u017eivotn\u00edho prost\u0159ed\u00ed.<\/p><\/div><\/div>[\/vc_column][vc_column el_class=&#8220;hidden-xs&#8220; width=&#8220;1\/6&#8243;][\/vc_column][\/vc_row]<\/p>\n<\/div>","protected":false},"excerpt":{"rendered":"<p>[vc_row bottom_padding=&#8220;40&#8243;][vc_column el_class=&#8220;hidden-xs&#8220; width=&#8220;1\/6&#8243;][\/vc_column][vc_column width=&#8220;2\/3&#8243;][\/vc_column][vc_column el_class=&#8220;hidden-xs&#8220; width=&#8220;1\/6&#8243;][\/vc_column][\/vc_row]<\/p>\n","protected":false},"author":1,"featured_media":0,"parent":0,"menu_order":0,"comment_status":"closed","ping_status":"closed","template":"","meta":{"footnotes":""},"class_list":["post-1063","page","type-page","status-publish","hentry"],"_links":{"self":[{"href":"https:\/\/www.counterrisk.eu\/cs\/wp-json\/wp\/v2\/pages\/1063","targetHints":{"allow":["GET"]}}],"collection":[{"href":"https:\/\/www.counterrisk.eu\/cs\/wp-json\/wp\/v2\/pages"}],"about":[{"href":"https:\/\/www.counterrisk.eu\/cs\/wp-json\/wp\/v2\/types\/page"}],"author":[{"embeddable":true,"href":"https:\/\/www.counterrisk.eu\/cs\/wp-json\/wp\/v2\/users\/1"}],"replies":[{"embeddable":true,"href":"https:\/\/www.counterrisk.eu\/cs\/wp-json\/wp\/v2\/comments?post=1063"}],"version-history":[{"count":2,"href":"https:\/\/www.counterrisk.eu\/cs\/wp-json\/wp\/v2\/pages\/1063\/revisions"}],"predecessor-version":[{"id":1065,"href":"https:\/\/www.counterrisk.eu\/cs\/wp-json\/wp\/v2\/pages\/1063\/revisions\/1065"}],"wp:attachment":[{"href":"https:\/\/www.counterrisk.eu\/cs\/wp-json\/wp\/v2\/media?parent=1063"}],"curies":[{"name":"wp","href":"https:\/\/api.w.org\/{rel}","templated":true}]}}