{"id":1071,"date":"2021-06-15T18:07:35","date_gmt":"2021-06-15T16:07:35","guid":{"rendered":"https:\/\/www.counterrisk.eu\/contact\/"},"modified":"2021-08-02T20:26:13","modified_gmt":"2021-08-02T18:26:13","slug":"contact","status":"publish","type":"page","link":"https:\/\/www.counterrisk.eu\/cs\/contact\/","title":{"rendered":"Kontakt"},"content":{"rendered":"<div class=\"wpb-content-wrapper\"><p>[vc_row][vc_column width=&#8220;2\/3&#8243;]<h2 class=\"headline font-inherit fontsize-xl fontweight-inherit lh-15 align-left transform-inherit \" style=\"margin: 0 0 20px 0;\">Budem r\u00e1di, kdy\u017e n\u00e1m sd\u011bl\u00edte va\u0161e n\u00e1zory, nev\u00e1hejte n\u00e1s kontaktovat<\/h2>\n<div class=\"wpcf7 no-js\" id=\"wpcf7-f1074-o1\" lang=\"cs-CZ\" dir=\"ltr\" data-wpcf7-id=\"1074\">\n<div class=\"screen-reader-response\"><p role=\"status\" aria-live=\"polite\" aria-atomic=\"true\"><\/p> <ul><\/ul><\/div>\n<form action=\"\/cs\/wp-json\/wp\/v2\/pages\/1071#wpcf7-f1074-o1\" method=\"post\" class=\"wpcf7-form init\" aria-label=\"Kontaktn\u00ed formul\u00e1\u0159\" novalidate=\"novalidate\" data-status=\"init\">\n<div style=\"display: none;\">\n<input type=\"hidden\" name=\"_wpcf7\" value=\"1074\" \/>\n<input type=\"hidden\" name=\"_wpcf7_version\" value=\"6.0.5\" \/>\n<input type=\"hidden\" name=\"_wpcf7_locale\" value=\"cs_CZ\" \/>\n<input type=\"hidden\" name=\"_wpcf7_unit_tag\" value=\"wpcf7-f1074-o1\" \/>\n<input type=\"hidden\" name=\"_wpcf7_container_post\" value=\"0\" \/>\n<input type=\"hidden\" name=\"_wpcf7_posted_data_hash\" value=\"\" \/>\n<input type=\"hidden\" name=\"_wpcf7_recaptcha_response\" value=\"\" \/>\n<\/div>\n<p><label> Va\u0161e jm\u00e9no<br \/>\n<span class=\"wpcf7-form-control-wrap\" data-name=\"your-name\"><input size=\"40\" maxlength=\"400\" class=\"wpcf7-form-control wpcf7-text wpcf7-validates-as-required\" aria-required=\"true\" aria-invalid=\"false\" value=\"\" type=\"text\" name=\"your-name\" \/><\/span> <\/label>\n<\/p>\n<p><label> V\u00e1\u0161 e-mail<br \/>\n<span class=\"wpcf7-form-control-wrap\" data-name=\"your-email\"><input size=\"40\" maxlength=\"400\" class=\"wpcf7-form-control wpcf7-email wpcf7-validates-as-required wpcf7-text wpcf7-validates-as-email\" aria-required=\"true\" aria-invalid=\"false\" value=\"\" type=\"email\" name=\"your-email\" \/><\/span> <\/label>\n<\/p>\n<p><label> P\u0159edm\u011bt<br \/>\n<span class=\"wpcf7-form-control-wrap\" data-name=\"your-subject\"><input size=\"40\" maxlength=\"400\" class=\"wpcf7-form-control wpcf7-text wpcf7-validates-as-required\" aria-required=\"true\" aria-invalid=\"false\" value=\"\" type=\"text\" name=\"your-subject\" \/><\/span> <\/label>\n<\/p>\n<p><label> Va\u0161e zpr\u00e1va (voliteln\u00fd)<br \/>\n<span class=\"wpcf7-form-control-wrap\" data-name=\"your-message\"><textarea cols=\"40\" rows=\"10\" maxlength=\"2000\" class=\"wpcf7-form-control wpcf7-textarea\" aria-invalid=\"false\" name=\"your-message\"><\/textarea><\/span> <\/label>\n<\/p>\n<p><small>In compliance with current regulations on data protection, we inform you that:<br \/>\n- THE RESPONSIBLE FOR THE TREATMENT is ASOCIACI\u00d3N DE INVESTIGACI\u00d3N DE LA INDUSTRIA DEL JUGUETE, CONEXAS Y AFINES (CIF: G03182862) located at AV. DE LA INDUSTRIA, 23. 03440, IBI (ALICANTE). Telephone: 96 555 44 75.<br \/>\n- The PURPOSE OF THE TREATMENT respond to requests for information received.<br \/>\n- THE LEGITIMATING BASE OF THE TREATMENT is the consent of the interested party.<br \/>\n- The CONSERVATION DEADLINE of the data is until the user does not express his right of deletion.<br \/>\n- THE RECIPIENT OF THE TREATMENT of the personal data collected will be communicated in all those cases in which it is necessary for the development, compliance and control of the formalized relationship, they will not be transferred to third parties or made public, in any case, except in the cases in which you consent or participate voluntarily and by express legal obligations. No international transfers are made<br \/>\n- You can EXERCISE YOUR RIGHTS on data protection (access, rectification, opposition, deletion, automated decisions, limitation of treatment, portability) by email at <a href=\"mailto:rgpd@aiju.es\">rgpd@aiju.es<\/a>. In any case, you can request the protection of the Spanish Agency for Data Protection through its website <a href=\"https:\/\/www.aepd.es\/\">https:\/\/www.aepd.es\/<\/a>. You can consult more information about the <a href=\"\/en\/privacy-policy\/\">privacy policy<\/a> here<br \/>\n<\/small>\n<\/p>\n<p><input class=\"wpcf7-form-control wpcf7-submit has-spinner\" type=\"submit\" value=\"Odeslat\" \/>\n<\/p><div class=\"wpcf7-response-output\" aria-hidden=\"true\"><\/div>\n<\/form>\n<\/div>\n[\/vc_column][vc_column width=&#8220;1\/3&#8243;]<h3 class=\"headline font-inherit fontsize-l fontweight-inherit lh-inherit align-left transform-inherit \" style=\"margin: 0 0 20px 0;\">Kontakt<\/h3><div class=\"divider divider5\" style='margin:0px 0 30px 0 !important;'><\/div>[vc_column_text]<\/p>\n<h4><strong>AIJU Technological Institute for Children&#8217;s Products and Leisure<\/strong><\/h4>\n<h5><i class=\"fa fa-map-marker minti-icon\" style=\"color:#009fe3 !important; font-size: 18px; margin: 0px 10px 0px 0px\"><\/i> Av. Industria, 23 \u2013 03440 Ibi (Alicante) SPAIN<\/h5>\n<h5><i class=\"fa fa-phone minti-icon\" style=\"color:#009fe3 !important; font-size: 18px; margin: 0px 10px 0px 0px\"><\/i> +34 965 55 44 75<\/h5>\n<h5><i class=\"fa fa-envelope minti-icon\" style=\"color:#009fe3 !important; font-size: 18px; margin: 0px 10px 0px 0px\"><\/i> <a href=\"mailto:proyectosseguridad@aiju.es\">proyectosseguridad@aiju.es<\/a><\/h5>\n<p>[\/vc_column_text][\/vc_column][\/vc_row]<\/p>\n<\/div>","protected":false},"excerpt":{"rendered":"<p>[vc_row][vc_column width=&#8220;2\/3&#8243;][\/vc_column][vc_column width=&#8220;1\/3&#8243;][vc_column_text] AIJU Technological Institute for Children&#8217;s Products and Leisure Av. Industria, 23 \u2013 03440 Ibi (Alicante) SPAIN +34 965 55 44 75 proyectosseguridad@aiju.es [\/vc_column_text][\/vc_column][\/vc_row]<\/p>\n","protected":false},"author":1,"featured_media":0,"parent":0,"menu_order":0,"comment_status":"closed","ping_status":"closed","template":"","meta":{"footnotes":""},"class_list":["post-1071","page","type-page","status-publish","hentry"],"_links":{"self":[{"href":"https:\/\/www.counterrisk.eu\/cs\/wp-json\/wp\/v2\/pages\/1071","targetHints":{"allow":["GET"]}}],"collection":[{"href":"https:\/\/www.counterrisk.eu\/cs\/wp-json\/wp\/v2\/pages"}],"about":[{"href":"https:\/\/www.counterrisk.eu\/cs\/wp-json\/wp\/v2\/types\/page"}],"author":[{"embeddable":true,"href":"https:\/\/www.counterrisk.eu\/cs\/wp-json\/wp\/v2\/users\/1"}],"replies":[{"embeddable":true,"href":"https:\/\/www.counterrisk.eu\/cs\/wp-json\/wp\/v2\/comments?post=1071"}],"version-history":[{"count":3,"href":"https:\/\/www.counterrisk.eu\/cs\/wp-json\/wp\/v2\/pages\/1071\/revisions"}],"predecessor-version":[{"id":1108,"href":"https:\/\/www.counterrisk.eu\/cs\/wp-json\/wp\/v2\/pages\/1071\/revisions\/1108"}],"wp:attachment":[{"href":"https:\/\/www.counterrisk.eu\/cs\/wp-json\/wp\/v2\/media?parent=1071"}],"curies":[{"name":"wp","href":"https:\/\/api.w.org\/{rel}","templated":true}]}}