{"id":178,"date":"2021-05-31T19:04:34","date_gmt":"2021-05-31T17:04:34","guid":{"rendered":"https:\/\/www.counterrisk.eu\/?page_id=178"},"modified":"2021-06-15T13:01:04","modified_gmt":"2021-06-15T11:01:04","slug":"el-proyecto","status":"publish","type":"page","link":"https:\/\/www.counterrisk.eu\/es\/el-proyecto\/","title":{"rendered":"El proyecto"},"content":{"rendered":"<div class=\"wpb-content-wrapper\"><p>[vc_row top_padding=\u00bb80&#8243;][vc_column animation=\u00bbfade-in-from-left\u00bb column_center=\u00bbtrue\u00bb width=\u00bb2\/3&#8243; delay=\u00bb400&#8243;]<div class=\"headline font-inherit fontsize-m fontweight-inherit lh-15 align-left transform-inherit \" style=\"margin: 0 0 20px 0;\">CounterRisk es un proyecto transnacional, financiado por el Programa Erasmus + de la Comisi\u00f3n Europea, que tiene como objetivo <b>desarrollar recursos educativos abiertos TIC sobre c\u00f3mo luchar contra las falsificaciones en productos infantiles<\/b>, abordando la protecci\u00f3n de los derechos de propiedad intelectual, la seguridad de producto infantil y c\u00f3mo las nuevas tecnolog\u00edas, como por ejemplo el blockchain, pueden ayudar a proteger los productos y mejorar su seguridad. <\/div>[\/vc_column][vc_column animation=\u00bbfade-in-from-right\u00bb width=\u00bb1\/3&#8243; delay=\u00bb400&#8243;]<div class=\"single_image wpb_content_element align-center   image_greyscale \" data-animation=\"none\" data-delay=\"0\"><img loading=\"lazy\" decoding=\"async\" width=\"509\" height=\"339\" src=\"https:\/\/www.counterrisk.eu\/wp-content\/uploads\/2021\/06\/real-falso.png\" class=\"attachment-full\" alt=\"\" title=\"real-falso\" srcset=\"https:\/\/www.counterrisk.eu\/wp-content\/uploads\/2021\/06\/real-falso.png 509w, https:\/\/www.counterrisk.eu\/wp-content\/uploads\/2021\/06\/real-falso-300x200.png 300w\" sizes=\"auto, (max-width: 509px) 100vw, 509px\" \/><\/div>[\/vc_column][\/vc_row][vc_row top_padding=\u00bb40&#8243; bottom_padding=\u00bb40&#8243;][vc_column width=\u00bb2\/3&#8243;]<div class=\"headline font-inherit fontsize-m fontweight-600 lh-inherit align-left transform-inherit \" style=\"margin: 0 0px 30px 0;\">El proyecto est\u00e1 dirigido principalmente a dos colectivos clave: <\/div><div class=\"iconbox  wpb_content_element iconbox-style-2 icon-color-accent color-dark clearfix\"><div class=\"iconbox-icon\"><img src='https:\/\/www.counterrisk.eu\/wp-content\/uploads\/2021\/05\/cub.png' class='iconimg' alt='' \/><\/div><div class=\"iconbox-content\"><h3><\/h3><p>profesionales de las <strong>empresas de productos infantiles<\/strong>, especialmente pymes<\/p><\/div><\/div><div class=\"iconbox  wpb_content_element iconbox-style-2 icon-color-accent color-dark clearfix\"><div class=\"iconbox-icon\"><img src='https:\/\/www.counterrisk.eu\/wp-content\/uploads\/2021\/05\/cub.png' class='iconimg' alt='' \/><\/div><div class=\"iconbox-content\"><h3><\/h3><p><strong>personal t\u00e9cnico de las organizaciones de consumidores<\/strong>, como colectivo clave que alcanza a las personas que compran productos de consumo para ni\u00f1os, tanto en el canal online como en tiendas f\u00edsicas.<\/p><\/div><\/div>[\/vc_column][vc_column width=\u00bb1\/3&#8243;]<div class=\"headline font-inherit fontsize-m fontweight-600 lh-inherit align-left transform-inherit \" style=\"margin: 0 0 30px 0;\">Otros beneficiarios:<\/div>[vc_column_text]personal de la <strong>administraci\u00f3n p\u00fablica<\/strong> a cargo de las actividades de vigilancia de mercado y educaci\u00f3n de los consumidores, <strong>profesores<\/strong>, <strong>estudiantes<\/strong> de disciplinas relacionadas con las tem\u00e1ticas del proyecto y <strong>personas en general<\/strong>.[\/vc_column_text][\/vc_column][\/vc_row][vc_row bg_image=\u00bb204&#8243; text_color=\u00bblight\u00bb top_padding=\u00bb80&#8243; bottom_padding=\u00bb80&#8243;][vc_column width=\u00bb1\/1&#8243;]<h3 class=\"headline font-special fontsize-xxl fontweight-inherit lh-inherit align-left transform-inherit \" style=\"margin: 0 30px 0px 0;\">Prop\u00f3sito<\/h3><div class=\"spacer\" style=\"height: 40px;\"><\/div><div class=\"minti_boxedholder   clearfix\" style=\"padding: 40px 40px 40px 40px; margin: 0px 0px 0px 0px; background-color: rgba(12,12,12,0.6); \">[vc_column_text]Las <strong>falsificaciones<\/strong> suponen un perjuicio tanto econ\u00f3mico para las empresas como para la salud de los consumidores. En el caso de los productos infantiles, las falsificaciones suponen un grave peligro para la salud de los consumidores m\u00e1s vulnerables, como son los ni\u00f1os. Seg\u00fan el estudio de la EUIPO \u201cQualitative Study on Risks Posed by Counterfeits to Consumers. 2019\u201d, el <strong>80% de los productos inseguros y falsificados eran productos para ni\u00f1os. <\/strong>[\/vc_column_text][vc_column_text]El fin \u00faltimo del proyecto CounterRisk es ayudar a mejorar las competencias clave de los profesionales (pymes y asociaciones de consumidores) para <strong>protegerse de las falsificaciones<\/strong> a trav\u00e9s de un mayor conocimiento de la propiedad intelectual y seguridad de producto infantil y c\u00f3mo la implementaci\u00f3n de nuevas tecnolog\u00edas en los productos puede ser decisiva para <strong>asegurar la autenticidad<\/strong> de los productos ante las autoridades y los consumidores.[\/vc_column_text]<\/div>[\/vc_column][vc_column animation=\u00bbfade-in-from-left\u00bb width=\u00bb1\/2&#8243; delay=\u00bb300&#8243;][\/vc_column][vc_column animation=\u00bbfade-in-from-right\u00bb width=\u00bb1\/2&#8243; delay=\u00bb300&#8243;][\/vc_column][\/vc_row][vc_row top_padding=\u00bb80&#8243; bottom_padding=\u00bb60&#8243;][vc_column width=\u00bb1\/1&#8243;]<h3 class=\"headline font-special fontsize-xxl fontweight-inherit lh-inherit align-center transform-inherit \" style=\"margin: 0 0px 0px 0;\">Principales resultados del proyecto<\/h3><h3 class=\"headline font-special fontsize-xl fontweight-inherit lh-inherit align-center transform-inherit \" style=\"margin: 0 80px 0px 0; color: #1e73be;\">Dos productos intelectuales <\/h3><div class=\"spacer\" style=\"height: 40px;\"><\/div>[\/vc_column][vc_column width=\u00bb1\/2&#8243;]<div class=\"iconbox  wpb_content_element iconbox-style-5 icon-color-accent color-dark clearfix\"><div class=\"iconbox-icon\"><i class=\"fa fa-arrow-right boxicon\" style=\"\"><\/i><\/div><div class=\"iconbox-content\"><h3>1. NOOC para organizaciones de consumidores<\/h3><p>curso online, abierto y gratuito, en formato NOOC, espec\u00edficamente dise\u00f1ado para el personal de asociaciones de consumidores y otros profesionales que realizan actividades de concienciaci\u00f3n y educaci\u00f3n de los consumidores.<\/p>\n<p>c\u00f3mo y por qu\u00e9 evitar comprar productos falsificados para ni\u00f1os<\/p><\/div><\/div>[\/vc_column][vc_column width=\u00bb1\/2&#8243;]<div class=\"iconbox  wpb_content_element iconbox-style-5 icon-color-accent color-dark clearfix\"><div class=\"iconbox-icon\"><i class=\"fa fa-arrow-right boxicon\" style=\"\"><\/i><\/div><div class=\"iconbox-content\"><h3>2. NOOC para empresas del sector de los productos infantiles<\/h3><p>dirigido al personal de las empresas del sector, especialmente pymes.<\/p>\n<p>protege tu producto y tu empresa a trav\u00e9s de la propiedad intelectual, la seguridad de producto y las nuevas tecnolog\u00edas.<\/p><\/div><\/div>[\/vc_column][\/vc_row][vc_row bg_color=\u00bb#ddedfc\u00bb top_padding=\u00bb40&#8243; bottom_padding=\u00bb40&#8243;][vc_column column_padding=\u00bbpadding-2&#8243; width=\u00bb1\/3&#8243;]<h3 class=\"headline font-special fontsize-xxl fontweight-inherit lh-15 align-left transform-inherit \" style=\"margin: 0px 0px 0px 0;\">\u00bfC\u00f3mo son los NOOCs CounterRisk?<\/h3><div class=\"divider divider5\" style='margin:30px 0 30px 0 !important;'><\/div><div class=\"single_image wpb_content_element align-left    \" data-animation=\"none\" data-delay=\"0\"><img loading=\"lazy\" decoding=\"async\" width=\"608\" height=\"551\" src=\"https:\/\/www.counterrisk.eu\/wp-content\/uploads\/2021\/06\/ilustracion.png\" class=\"attachment-full\" alt=\"\" title=\"ilustracion\" srcset=\"https:\/\/www.counterrisk.eu\/wp-content\/uploads\/2021\/06\/ilustracion.png 608w, https:\/\/www.counterrisk.eu\/wp-content\/uploads\/2021\/06\/ilustracion-300x272.png 300w\" sizes=\"auto, (max-width: 608px) 100vw, 608px\" \/><\/div>[\/vc_column][vc_column column_padding=\u00bbpadding-2&#8243; width=\u00bb1\/3&#8243;]<div class=\"iconbox  wpb_content_element iconbox-style-2 icon-color-accent color-dark clearfix\"><div class=\"iconbox-icon\"><i class=\"fa sl-briefcase boxicon\" style=\"\"><\/i><\/div><div class=\"iconbox-content\"><h3>Tem\u00e1ticas<\/h3><p>producto infantil &#8211; propiedad intelectual &#8211; seguridad de producto &#8211; nuevas tecnolog\u00edas aplicadas a la protecci\u00f3n del producto y gesti\u00f3n de la seguridad &#8211; blockchain<\/p><\/div><\/div><div class=\"iconbox  wpb_content_element iconbox-style-2 icon-color-accent color-dark clearfix\"><div class=\"iconbox-icon\"><i class=\"fa sl-social-youtube boxicon\" style=\"\"><\/i><\/div><div class=\"iconbox-content\"><h3>Mini-p\u00edldoras formativas<\/h3><p>con v\u00eddeos amenos, infogr\u00e1ficos, materiales de lectura, tests, actividades, etc<\/p><\/div><\/div><div class=\"iconbox  wpb_content_element iconbox-style-2 icon-color-accent color-dark clearfix\"><div class=\"iconbox-icon\"><i class=\"fa sl-link boxicon\" style=\"\"><\/i><\/div><div class=\"iconbox-content\"><h3>Herramientas gamificadas<\/h3><p>conoce la tecnolog\u00eda <strong>blockchain<\/strong> mientras aprendes, consigue tokens para acceder a nuevos recursos y evaluar tus nuevas habilidades tras realizar el curso.<\/p><\/div><\/div><div class=\"iconbox  wpb_content_element iconbox-style-2 icon-color-accent color-dark clearfix\"><div class=\"iconbox-icon\"><i class=\"fa sl-eye boxicon\" style=\"\"><\/i><\/div><div class=\"iconbox-content\"><h3>Realidad aumentada<\/h3><p>Divi\u00e9rtete con los casos de estudio propuestos con realidad aumentada.<\/p><\/div><\/div>[\/vc_column][vc_column column_padding=\u00bbpadding-2&#8243; width=\u00bb1\/3&#8243;]<div class=\"iconbox  wpb_content_element iconbox-style-2 icon-color-accent color-dark clearfix\"><div class=\"iconbox-icon\"><i class=\"fa sl-earphones boxicon\" style=\"\"><\/i><\/div><div class=\"iconbox-content\"><h3>Aprende c\u00f3mo y cu\u00e1ndo quieras<\/h3><p>Los materiales formativos se pueden utilizar de forma estructurada a trav\u00e9s del curso o bien de forma independiente, toma la p\u00edldora que necesites en cada momento.<\/p><\/div><\/div><div class=\"iconbox  wpb_content_element iconbox-style-2 icon-color-accent color-dark clearfix\"><div class=\"iconbox-icon\"><i class=\"fa sl-like boxicon\" style=\"\"><\/i><\/div><div class=\"iconbox-content\"><h3>Libre acceso<\/h3><p>Para acceder a los NOOCs solo necesitas conexi\u00f3n a Internet y un dispositivo iOS o Android (tableta o m\u00f3vil)<\/p><\/div><\/div><div class=\"iconbox  wpb_content_element iconbox-style-2 icon-color-accent color-dark clearfix\"><div class=\"iconbox-icon\"><i class=\"fa sl-emoticon-smile boxicon\" style=\"\"><\/i><\/div><div class=\"iconbox-content\"><h3>Gratuito<\/h3><p>A disposici\u00f3n del p\u00fablico en formato digital y de manera gratuita a trav\u00e9s de Internet, en esta web y en la plataforma Erasmus+ para la difusi\u00f3n de resultados de los proyectos Erasmus+.<\/p><\/div><\/div><div class=\"iconbox  wpb_content_element iconbox-style-2 icon-color-accent color-dark clearfix\"><div class=\"iconbox-icon\"><i class=\"fa sl-flag boxicon\" style=\"\"><\/i><\/div><div class=\"iconbox-content\"><h3>Idiomas<\/h3><p>NOOCs en ingl\u00e9s, espa\u00f1ol, franc\u00e9s, checo y portugu\u00e9s.<\/p><\/div><\/div>[\/vc_column][\/vc_row][vc_row bg_color=\u00bb#1e73be\u00bb text_color=\u00bblight\u00bb text_align=\u00bbcenter\u00bb top_padding=\u00bb30&#8243; bottom_padding=\u00bb30&#8243;][vc_column width=\u00bb1\/1&#8243;]<h1 class=\"headline font-special fontsize-xxxl fontweight-inherit lh-inherit align-center transform-inherit \" style=\"margin: 0 0 0px 0;\">DURACI\u00d3N DEL PROYECTO<\/h1><h1 class=\"headline font-special fontsize-m fontweight-inherit lh-inherit align-center transform-inherit \" style=\"margin: 0 0 20px 0;\">FECHA INICIO: 01\/12\/20 FECHA FIN: 31\/03\/2023<\/h1>[\/vc_column][\/vc_row]<\/p>\n<\/div>","protected":false},"excerpt":{"rendered":"<p>[vc_row top_padding=\u00bb80&#8243;][vc_column animation=\u00bbfade-in-from-left\u00bb column_center=\u00bbtrue\u00bb width=\u00bb2\/3&#8243; delay=\u00bb400&#8243;][\/vc_column][vc_column animation=\u00bbfade-in-from-right\u00bb width=\u00bb1\/3&#8243; delay=\u00bb400&#8243;][\/vc_column][\/vc_row][vc_row top_padding=\u00bb40&#8243; bottom_padding=\u00bb40&#8243;][vc_column width=\u00bb2\/3&#8243;][\/vc_column][vc_column width=\u00bb1\/3&#8243;][vc_column_text]personal de la administraci\u00f3n p\u00fablica a cargo de las actividades de vigilancia de mercado y educaci\u00f3n de los consumidores, profesores, estudiantes de disciplinas relacionadas con las tem\u00e1ticas del proyecto y personas en general.[\/vc_column_text][\/vc_column][\/vc_row][vc_row bg_image=\u00bb204&#8243; text_color=\u00bblight\u00bb top_padding=\u00bb80&#8243; bottom_padding=\u00bb80&#8243;][vc_column width=\u00bb1\/1&#8243;][\/vc_column][vc_column animation=\u00bbfade-in-from-left\u00bb width=\u00bb1\/2&#8243; delay=\u00bb300&#8243;][\/vc_column][vc_column animation=\u00bbfade-in-from-right\u00bb width=\u00bb1\/2&#8243; delay=\u00bb300&#8243;][\/vc_column][\/vc_row][vc_row top_padding=\u00bb80&#8243; bottom_padding=\u00bb60&#8243;][vc_column width=\u00bb1\/1&#8243;][\/vc_column][vc_column width=\u00bb1\/2&#8243;][\/vc_column][vc_column width=\u00bb1\/2&#8243;][\/vc_column][\/vc_row][vc_row bg_color=\u00bb#ddedfc\u00bb top_padding=\u00bb40&#8243; bottom_padding=\u00bb40&#8243;][vc_column column_padding=\u00bbpadding-2&#8243; width=\u00bb1\/3&#8243;][\/vc_column][vc_column column_padding=\u00bbpadding-2&#8243; width=\u00bb1\/3&#8243;][\/vc_column][vc_column column_padding=\u00bbpadding-2&#8243; width=\u00bb1\/3&#8243;][\/vc_column][\/vc_row][vc_row bg_color=\u00bb#1e73be\u00bb text_color=\u00bblight\u00bb text_align=\u00bbcenter\u00bb top_padding=\u00bb30&#8243; bottom_padding=\u00bb30&#8243;][vc_column width=\u00bb1\/1&#8243;][\/vc_column][\/vc_row]<\/p>\n","protected":false},"author":1,"featured_media":0,"parent":0,"menu_order":0,"comment_status":"closed","ping_status":"closed","template":"","meta":{"footnotes":""},"class_list":["post-178","page","type-page","status-publish","hentry"],"_links":{"self":[{"href":"https:\/\/www.counterrisk.eu\/es\/wp-json\/wp\/v2\/pages\/178","targetHints":{"allow":["GET"]}}],"collection":[{"href":"https:\/\/www.counterrisk.eu\/es\/wp-json\/wp\/v2\/pages"}],"about":[{"href":"https:\/\/www.counterrisk.eu\/es\/wp-json\/wp\/v2\/types\/page"}],"author":[{"embeddable":true,"href":"https:\/\/www.counterrisk.eu\/es\/wp-json\/wp\/v2\/users\/1"}],"replies":[{"embeddable":true,"href":"https:\/\/www.counterrisk.eu\/es\/wp-json\/wp\/v2\/comments?post=178"}],"version-history":[{"count":103,"href":"https:\/\/www.counterrisk.eu\/es\/wp-json\/wp\/v2\/pages\/178\/revisions"}],"predecessor-version":[{"id":785,"href":"https:\/\/www.counterrisk.eu\/es\/wp-json\/wp\/v2\/pages\/178\/revisions\/785"}],"wp:attachment":[{"href":"https:\/\/www.counterrisk.eu\/es\/wp-json\/wp\/v2\/media?parent=178"}],"curies":[{"name":"wp","href":"https:\/\/api.w.org\/{rel}","templated":true}]}}