{"id":1796,"date":"2022-10-05T12:28:57","date_gmt":"2022-10-05T10:28:57","guid":{"rendered":"https:\/\/www.counterrisk.eu\/materials\/"},"modified":"2023-05-30T15:24:57","modified_gmt":"2023-05-30T13:24:57","slug":"materiales","status":"publish","type":"page","link":"https:\/\/www.counterrisk.eu\/es\/materiales\/","title":{"rendered":"Materiales"},"content":{"rendered":"<div class=\"wpb-content-wrapper\"><p>[vc_row][vc_column width=\u00bb1\/1&#8243;]<div class=\"toggle\"><div class=\"toggle-title \">Producto intelectual O1 - NOOC 1 para organizaciones de consumidores<\/div><div class=\"toggle-inner\"><p>CounterRisk NOOC 1 (nano open online course) para organizaciones de consumidores. Disponible en cinco idiomas ES, EN, FR, CS y PT.<\/p>\n<p>Curso dirigido al personal de las organizaciones de consumidores y a todos los que participan en actividades de educaci\u00f3n y sensibilizaci\u00f3n de los consumidores.<\/p>\n<p>El curso se ofrece en una aplicaci\u00f3n m\u00f3vil y consta de minip\u00edldoras formativas, v\u00eddeos, infograf\u00edas, actividades, material de lectura, pruebas de autoevaluaci\u00f3n y casos pr\u00e1cticos con realidad aumentada. El proceso de aprendizaje se premia con tokens, como elemento de gamificaci\u00f3n.<\/p>\n<p>Temas tratados desde el punto de vista de las organizaciones de consumidores: riesgos de la falsificaci\u00f3n de productos infantiles, protecci\u00f3n del consumidor, nuevas tecnolog\u00edas, propiedad intelectual y seguridad de los productos.<\/p>\n<p><a href=\"https:\/\/drive.google.com\/file\/d\/1t1jlZQfRZh7vyVC-h516RACxyXUS5V3l\/view\">Descarga<\/a> la apk en tu m\u00f3vil o tablet.<\/p>\n<p>Esta aplicaci\u00f3n tambi\u00e9n se puede encontrar en Play Store (dispositivos Android) y App Store (dispositivos iOS).<\/p><\/div><\/div><div class=\"spacer\" style=\"height: 20px;\"><\/div><div class=\"toggle\"><div class=\"toggle-title \">Producto intelectual O2 - NOOC 2 para la industria<\/div><div class=\"toggle-inner\"><p>CounterRisk NOOC 2 (nano open online course) para la industria del sector de los productos infantiles, especialmente para PYMEs. Disponible en cinco idiomas: ES, EN, FR, CZ y PT.<\/p>\n<p>El curso va dirigido al personal de las empresas de productos de consumo para ni\u00f1os.<\/p>\n<p>El curso se ofrece en una aplicaci\u00f3n m\u00f3vil y consta de minip\u00edldoras formativas, v\u00eddeos, infograf\u00edas, actividades, material de lectura, pruebas de autoevaluaci\u00f3n y casos pr\u00e1cticos con realidad aumentada. El proceso de aprendizaje se premia con tokens, como elemento de gamificaci\u00f3n.<\/p>\n<p>Temas tratados desde el punto de vista de las pymes: propiedad intelectual, nuevas tecnolog\u00edas como blockchain, seguridad de los productos infantiles y comunicaci\u00f3n con los consumidores.<\/p>\n<p><a href=\"https:\/\/drive.google.com\/file\/d\/1UcBFqbdmzaTYvMNbBNgxfpWb6z3NZ-wh\/view?usp=sharing\">Descarga<\/a> la apk en tu m\u00f3vil o tablet.<\/p>\n<p>Disponible en Play Store (dispositivos android) y App Store (dispositivos iOS)<\/p><\/div><\/div><div class=\"spacer\" style=\"height: 20px;\"><\/div><div class=\"toggle\"><div class=\"toggle-title \">Resultados del webinar dentro de la iniciativa Erasmus Days<\/div><div class=\"toggle-inner\"><p><a href=\"https:\/\/www.counterrisk.eu\/wp-content\/uploads\/2022\/10\/Webinar-Erasmus-Days-22-1_compressed.pdf\" target=\"_blank\" class=\"button color-1 medium \" style=\"border-radius: 2px;\"><i class='fa fa-download'><\/i>Descargar<\/a>\n<p><span class=\"x_ContentPasted0\">Material del webinar \u00ab<\/span><i><span class=\"x_ContentPasted0\">Nuevos horizontes en seguridad en la UE. Implicaciones para los productos infantiles.\u00a0Las falsificaciones: un problema grave para la salud de los m\u00e1s peque\u00f1os\u00bb<\/span><\/i><span class=\"x_ContentPasted0\"> impartido por AIJU dentro de la iniciativa Erasmus Days de 2022.<\/span><\/p>\n<p><a href=\"https:\/\/youtu.be\/4UR7-2boVnA\">Grabaci\u00f3n<\/a><\/p><\/div><\/div><div class=\"spacer\" style=\"height: 20px;\"><\/div><div class=\"toggle\"><div class=\"toggle-title \">Resultados del evento de formaci\u00f3n conjunta para el personal a corto plazo C1<\/div><div class=\"toggle-inner\"><p><a href=\"https:\/\/bit.ly\/3RVI4Ve\">Descargar<\/a><\/p>\n<p>Evento organizado por el Centro de Estudios Internacionales de Propiedad Intelectual (CEIPI) de la Universidad de Estrasburgo (Francia). Temas abordados desde el punto de vista de las empresas: aspectos legales de la propiedad intelectual e industrial, el blockchain aplicado a la protecci\u00f3n de productos y empresas, la normativa de seguridad de los productos infantiles, el fomento de la confianza del consumidor en la industria.<\/p><\/div><\/div><div class=\"spacer\" style=\"height: 20px;\"><\/div><div class=\"toggle\"><div class=\"toggle-title \">Resultados del evento online de formaci\u00f3n del personal<\/div><div class=\"toggle-inner\"><p><a href=\"https:\/\/bit.ly\/3s1DRoh\">Descargar<\/a><\/p>\n<p>Material de la sesi\u00f3n de intercambio de conocimiento online para el personal de las organizaciones europeas que forman el consorcio CounterRisk. Temas tratados desde el punto de vista del consumidor: Normativa europea, problemas medioambientales derivados de la falsificaci\u00f3n, introducci\u00f3n a la tecnolog\u00eda blockchain, riesgos de los productos falsificados.<\/p><\/div><\/div><div class=\"spacer\" style=\"height: 20px;\"><\/div><div class=\"toggle\"><div class=\"toggle-title \">Resultados del primer evento multiplicador organizado por Lucentia Lab<\/div><div class=\"toggle-inner\"><p><a href=\"https:\/\/drive.google.com\/file\/d\/1gKwHEcGkhEek4dTVE9WZq8LpSTAXqKUJ\/view?usp=share_link\" target=\"_blank\" rel=\"noopener\">Descargar<\/a><\/p>\n<p>Materiales del primer evento multiplicador organizado por Lucentia Lab \u00ab<em>Nuevas tecnolog\u00edas y mecanismos para proteger al consumidor infantil de las falsificaciones. CounterRisk NOOC: lo que los consumidores deben saber<\/em>\u00aben septiembre de 2022.<\/p>\n<p>Se abordaron temas como los riesgos de los productos falsificados y c\u00f3mo identificarlos, el impacto en la industria, el papel de la propiedad intelectual y c\u00f3mo las nuevas tecnolog\u00edas, incluida la blockchain, pueden contribuir a la protecci\u00f3n de los productos. Presentaci\u00f3n de NOOC para consumidores.<\/p><\/div><\/div><div class=\"spacer\" style=\"height: 20px;\"><\/div><div class=\"toggle\"><div class=\"toggle-title \">Resultados del evento multiplicador final organizado por AIJU<\/div><div class=\"toggle-inner\"><p><a href=\"https:\/\/drive.google.com\/file\/d\/1Ga2MmY_W7nEX9RXSZ7TzejuDhx2rR-hn\/view?usp=share_link\" target=\"_blank\" rel=\"noopener\">Descargar<\/a><\/p>\n<p>Materiales del evento multiplicador final <em>\u00abNuevo marco legal europeo para los productos de consumo. Implicaciones para la seguridad de los productos infantiles. Presentaci\u00f3n de las herramientas de formaci\u00f3n CounterRisk\u00bb\u00a0<\/em>del 16 de marzo 2023.<\/p>\n<p>Entre los temas abordados figuran los riesgos ocultos de los productos falsificados, c\u00f3mo defender su empresa contra ellos, las novedades para los productos infantiles en el nuevo marco jur\u00eddico europeo y las actividades llevadas a cabo por las autoridades de vigilancia del mercado, la propiedad intelectual e industrial y el papel de las nuevas tecnolog\u00edas en la protecci\u00f3n de las marcas. Presentaci\u00f3n de las herramientas de formaci\u00f3n CounterRisk.<\/p><\/div><\/div><div class=\"spacer\" style=\"height: 20px;\"><\/div><div class=\"toggle\"><div class=\"toggle-title \">Resultados del evento multiplicador organizado por SHH<\/div><div class=\"toggle-inner\"><p><a href=\"https:\/\/drive.google.com\/file\/d\/1ulKB1UVpDYQ9LDpJo9I4Wulb-thDAejR\/view?usp=share_link\"><span style=\"font-weight: 400;\">Descargar<\/span><\/a><\/p>\n<p><span style=\"font-weight: 400;\">Material del evento multiplicador organizado por SHH el 30 de marzo de 2023 \u00abSemin\u00e1\u0159 o boji proti pad\u011blk\u016fm hra\u010dek a prezentaci projektu CounterRisk\u00bb. Seminario sobre la lucha contra los juguetes falsificados y presentaci\u00f3n del proyecto CounterRisk.<\/span><\/p>\n<p><span style=\"font-weight: 400;\">Entre los temas abordados se encontraban la presentaci\u00f3n de las herramientas de formaci\u00f3n CounterRisk, la problem\u00e1tica de la lucha contra las falsificaciones, los derechos de propiedad intelectual y la aplicaci\u00f3n de nuevas tecnolog\u00edas para la protecci\u00f3n de los productos.<\/span><\/p><\/div><\/div><div class=\"spacer\" style=\"height: 20px;\"><\/div><div class=\"toggle\"><div class=\"toggle-title \">NOOC1 competencias para las organizaciones de consumidores y los formadores de consumidores<\/div><div class=\"toggle-inner\"><p><a href=\"https:\/\/www.counterrisk.eu\/wp-content\/uploads\/2023\/01\/Es-nooc-1.pdf\" target=\"_blank\" class=\"button color-1 medium \" style=\"border-radius: 2px;\"><i class='fa fa-download'><\/i>Descargar<\/a>\n<p>Qu\u00e9 aprender\u00e1s sobre los productos infantiles falsificados.<\/p><\/div><\/div><div class=\"spacer\" style=\"height: 20px;\"><\/div><div class=\"toggle\"><div class=\"toggle-title \">NOOC2 competencias para las empresas del sector de los productos infantiles<\/div><div class=\"toggle-inner\"><p><a href=\"https:\/\/www.counterrisk.eu\/wp-content\/uploads\/2023\/02\/NOOC2-ES-2.pdf\" target=\"_blank\" class=\"button color-1 medium \" style=\"border-radius: 2px;\"><i class='fa fa-download'><\/i>Descargar<\/a>\n<p>Qu\u00e9 aprender\u00e1s en el NOOC para la industria.<\/p><\/div><\/div><div class=\"spacer\" style=\"height: 20px;\"><\/div><div class=\"toggle\"><div class=\"toggle-title \">Material de difusi\u00f3n y concienciaci\u00f3n para organizaciones de consumidores<\/div><div class=\"toggle-inner\"><p><a href=\"https:\/\/drive.google.com\/file\/d\/1fAamPq4CBBA0ygtQ7zvRBdXm7EGQHGrH\/view?usp=share_link\">Descargar<\/a><\/p>\n<p>Material de difusi\u00f3n y concienciaci\u00f3n publicado en las redes sociales del proyecto CounterRisk dirigido a organizaciones de consumidores.<\/p><\/div><\/div><div class=\"spacer\" style=\"height: 20px;\"><\/div><div class=\"toggle\"><div class=\"toggle-title \">Material de difusi\u00f3n y concienciaci\u00f3n para empresas del sector de los productos infantiles<\/div><div class=\"toggle-inner\"><p><a href=\"https:\/\/drive.google.com\/file\/d\/1GFKGRLmYyaJrANE84u4rEFswvC3TH6Yb\/view?usp=share_link\">Descargar<\/a><\/p>\n<p>Material de difusi\u00f3n y concienciaci\u00f3n publicado en las redes sociales del proyecto CounterRisk dirigido a empresas del sector de los productos infantiles.<\/p><\/div><\/div><div class=\"spacer\" style=\"height: 20px;\"><\/div><div class=\"toggle\"><div class=\"toggle-title \">Lecciones aprendidas<\/div><div class=\"toggle-inner\"><p><a href=\"https:\/\/www.counterrisk.eu\/wp-content\/uploads\/2023\/05\/lessons-learned-1.pdf\" target=\"_blank\" class=\"button color-1 medium \" style=\"border-radius: 2px;\"><i class='fa fa-download'><\/i>Descargar<\/a>\n<p>Lecciones aprendidas por los miembros del consorcio CounterRisk. Las lecciones aprendidas pueden utilizarse para identificar las mejoras en el proceso de gesti\u00f3n de proyectos y los puntos fuertes de los mismos.<\/p><\/div><\/div>[\/vc_column][\/vc_row]<\/p>\n<\/div>","protected":false},"excerpt":{"rendered":"<p>[vc_row][vc_column width=\u00bb1\/1&#8243;][\/vc_column][\/vc_row]<\/p>\n","protected":false},"author":1,"featured_media":0,"parent":0,"menu_order":0,"comment_status":"closed","ping_status":"closed","template":"","meta":{"footnotes":""},"class_list":["post-1796","page","type-page","status-publish","hentry"],"_links":{"self":[{"href":"https:\/\/www.counterrisk.eu\/es\/wp-json\/wp\/v2\/pages\/1796","targetHints":{"allow":["GET"]}}],"collection":[{"href":"https:\/\/www.counterrisk.eu\/es\/wp-json\/wp\/v2\/pages"}],"about":[{"href":"https:\/\/www.counterrisk.eu\/es\/wp-json\/wp\/v2\/types\/page"}],"author":[{"embeddable":true,"href":"https:\/\/www.counterrisk.eu\/es\/wp-json\/wp\/v2\/users\/1"}],"replies":[{"embeddable":true,"href":"https:\/\/www.counterrisk.eu\/es\/wp-json\/wp\/v2\/comments?post=1796"}],"version-history":[{"count":24,"href":"https:\/\/www.counterrisk.eu\/es\/wp-json\/wp\/v2\/pages\/1796\/revisions"}],"predecessor-version":[{"id":2259,"href":"https:\/\/www.counterrisk.eu\/es\/wp-json\/wp\/v2\/pages\/1796\/revisions\/2259"}],"wp:attachment":[{"href":"https:\/\/www.counterrisk.eu\/es\/wp-json\/wp\/v2\/media?parent=1796"}],"curies":[{"name":"wp","href":"https:\/\/api.w.org\/{rel}","templated":true}]}}