{"id":272,"date":"2021-06-02T18:11:49","date_gmt":"2021-06-02T16:11:49","guid":{"rendered":"https:\/\/www.counterrisk.eu\/?page_id=272"},"modified":"2021-06-10T18:27:55","modified_gmt":"2021-06-10T16:27:55","slug":"faqs","status":"publish","type":"page","link":"https:\/\/www.counterrisk.eu\/es\/faqs\/","title":{"rendered":"FAQS &#8211; Preguntas frecuentes"},"content":{"rendered":"<div class=\"wpb-content-wrapper\"><p>[vc_row bottom_padding=\u00bb40&#8243;][vc_column el_class=\u00bbhidden-xs\u00bb width=\u00bb1\/6&#8243;]<div class=\"single_image wpb_content_element align-center    \" data-animation=\"none\" data-delay=\"0\"><img loading=\"lazy\" decoding=\"async\" width=\"75\" height=\"300\" src=\"https:\/\/www.counterrisk.eu\/wp-content\/uploads\/2021\/06\/cubs-trans-75x300.png\" class=\"attachment-medium\" alt=\"\" title=\"cubs-trans\" srcset=\"https:\/\/www.counterrisk.eu\/wp-content\/uploads\/2021\/06\/cubs-trans-75x300.png 75w, https:\/\/www.counterrisk.eu\/wp-content\/uploads\/2021\/06\/cubs-trans.png 121w\" sizes=\"auto, (max-width: 75px) 100vw, 75px\" \/><\/div>[\/vc_column][vc_column width=\u00bb2\/3&#8243;]<div class=\"iconbox  wpb_content_element iconbox-style-2 icon-color-accent color-dark clearfix\"><div class=\"iconbox-icon\"><i class=\"fa fa-question boxicon\" style=\"\"><\/i><\/div><div class=\"iconbox-content\"><h3>\u00bfLos cursos son completamente gratuitos?<\/h3><p>S\u00ed, son cursos <strong>100% gratuitos<\/strong> para todas las personas.<\/p><\/div><\/div><div class=\"divider divider1\" style='margin:20px 0 20px 0 !important;'><\/div><div class=\"iconbox  wpb_content_element iconbox-style-2 icon-color-accent color-dark clearfix\"><div class=\"iconbox-icon\"><i class=\"fa fa-question boxicon\" style=\"\"><\/i><\/div><div class=\"iconbox-content\"><h3>\u00bfHay alg\u00fan requisito previo para realizar los cursos?<\/h3><p>Para realizar estos cursos, solo necesitas<strong> tener inter\u00e9s en las falsificaciones y sus riesgos<\/strong> para el consumidor, la empresa y la sociedad en general. Recuerda hay dos cursos, uno con contenidos dise\u00f1ados desde la perpectiva de las empresas del sector de los productos infantiles y otro para el personal de las asociaciones de consumidores y todos aquellos perfiles profesionales que realizan actividades formativas y de concienciaci\u00f3n hacia el consumidor.<\/p><\/div><\/div><div class=\"divider divider1\" style='margin:20px 0 20px 0 !important;'><\/div><div class=\"iconbox  wpb_content_element iconbox-style-2 icon-color-accent color-dark clearfix\"><div class=\"iconbox-icon\"><i class=\"fa fa-question boxicon\" style=\"\"><\/i><\/div><div class=\"iconbox-content\"><h3>\u00bfQu\u00e9 voy a encontrar en estos cursos de inter\u00e9s?<\/h3><p>Estos cursos est\u00e1n concebidos como <strong>minip\u00edldoras formativas<\/strong> que podr\u00e1s \u00abtomar\u00bb seg\u00fan tus necesidades y\/o preferencias. Desde tu m\u00f3vil podr\u00e1s acceder de forma r\u00e1pida y amena a los contenidos clave sobre c\u00f3mo luchar desde tu empresa, organizaci\u00f3n o como administraci\u00f3n contra las falsificaciones en el mundo de los productos de consumo dirigidos al consumidor infantil.<\/p><\/div><\/div><div class=\"divider divider1\" style='margin:20px 0 20px 0 !important;'><\/div><div class=\"iconbox  wpb_content_element iconbox-style-2 icon-color-accent color-dark clearfix\"><div class=\"iconbox-icon\"><i class=\"fa fa-question boxicon\" style=\"\"><\/i><\/div><div class=\"iconbox-content\"><h3>\u00bfQu\u00e9 necesito para realizar el curso?<\/h3><p>S\u00f3lo necesitas un <strong>m\u00f3vil o una tablet<\/strong> (Android o iOS) y <strong>conexi\u00f3n a internet<\/strong>.<\/p><\/div><\/div><div class=\"divider divider1\" style='margin:20px 0 20px 0 !important;'><\/div><div class=\"iconbox  wpb_content_element iconbox-style-2 icon-color-accent color-dark clearfix\"><div class=\"iconbox-icon\"><i class=\"fa fa-question boxicon\" style=\"\"><\/i><\/div><div class=\"iconbox-content\"><h3>\u00bfCu\u00e1ndo acabe el curso obtendr\u00e9 un certificado?<\/h3><p>Cuando finalices el curso podr\u00e1s descargarte tu <strong>certificado con tecnolog\u00eda blockchain.<\/strong><\/p><\/div><\/div><div class=\"divider divider1\" style='margin:20px 0 20px 0 !important;'><\/div><div class=\"iconbox  wpb_content_element iconbox-style-2 icon-color-accent color-dark clearfix\"><div class=\"iconbox-icon\"><i class=\"fa fa-question boxicon\" style=\"\"><\/i><\/div><div class=\"iconbox-content\"><h3>\u00bfCu\u00e1ndo empieza el curso?<\/h3><p>Actualmente los socios del proyecto est\u00e1n desarrollando los materiales formativos que incluir\u00e1n los cursos. Aunque el curso no est\u00e1 disponible, si lo deseas puedes <strong>pre-inscribirte<\/strong>, y formar parte del grupo potencial de usuarios que podr\u00e1n participar en la<strong> fase de pruebas de<\/strong> los NOOCs para consumidores o para empresas, antes de su lanzamiento.<\/p>\n<p><strong>El proyecto finaliza en marzo de 202<\/strong>3. Contacta con nosotros en <a href=\"mailto:proyectosseguridad@aiju.es\">proyectosseguridad@aiju.es<\/a> y te explicaremos con m\u00e1s detalle c\u00f3mo participar en nuestro primer piloto.<\/p><\/div><\/div><div class=\"divider divider1\" style='margin:20px 0 20px 0 !important;'><\/div><div class=\"iconbox  wpb_content_element iconbox-style-2 icon-color-accent color-dark clearfix\"><div class=\"iconbox-icon\"><i class=\"fa fa-question boxicon\" style=\"\"><\/i><\/div><div class=\"iconbox-content\"><h3>Soy profesor, \u00bfme puede ayudar esta herramienta en mis clases?<\/h3><p>La compra de falsificaciones se ha incrementado exponencialmente en los \u00faltimos a\u00f1os, debido principalmente al auge del comercio electr\u00f3nico, por lo que es necesario <strong>educar a los consumidores<\/strong> para la toma de decisiones informadas.<\/p>\n<p>Puedes utilizar esta herramienta <strong>en clase con tus alumnos<\/strong>, futuros consumidores, y concienciarlos as\u00ed de los riesgos de los productos falsificados no s\u00f3lo para la empresa, sino tambi\u00e9n para la salud, el medio ambiente y la sociedad en general.<\/p><\/div><\/div><div class=\"divider divider1\" style='margin:20px 0 20px 0 !important;'><\/div>[\/vc_column][vc_column el_class=\u00bbhidden-xs\u00bb width=\u00bb1\/6&#8243;][\/vc_column][\/vc_row]<\/p>\n<\/div>","protected":false},"excerpt":{"rendered":"<p>[vc_row bottom_padding=\u00bb40&#8243;][vc_column el_class=\u00bbhidden-xs\u00bb width=\u00bb1\/6&#8243;][\/vc_column][vc_column width=\u00bb2\/3&#8243;][\/vc_column][vc_column el_class=\u00bbhidden-xs\u00bb width=\u00bb1\/6&#8243;][\/vc_column][\/vc_row]<\/p>\n","protected":false},"author":1,"featured_media":0,"parent":0,"menu_order":0,"comment_status":"closed","ping_status":"closed","template":"","meta":{"footnotes":""},"class_list":["post-272","page","type-page","status-publish","hentry"],"_links":{"self":[{"href":"https:\/\/www.counterrisk.eu\/es\/wp-json\/wp\/v2\/pages\/272","targetHints":{"allow":["GET"]}}],"collection":[{"href":"https:\/\/www.counterrisk.eu\/es\/wp-json\/wp\/v2\/pages"}],"about":[{"href":"https:\/\/www.counterrisk.eu\/es\/wp-json\/wp\/v2\/types\/page"}],"author":[{"embeddable":true,"href":"https:\/\/www.counterrisk.eu\/es\/wp-json\/wp\/v2\/users\/1"}],"replies":[{"embeddable":true,"href":"https:\/\/www.counterrisk.eu\/es\/wp-json\/wp\/v2\/comments?post=272"}],"version-history":[{"count":23,"href":"https:\/\/www.counterrisk.eu\/es\/wp-json\/wp\/v2\/pages\/272\/revisions"}],"predecessor-version":[{"id":393,"href":"https:\/\/www.counterrisk.eu\/es\/wp-json\/wp\/v2\/pages\/272\/revisions\/393"}],"wp:attachment":[{"href":"https:\/\/www.counterrisk.eu\/es\/wp-json\/wp\/v2\/media?parent=272"}],"curies":[{"name":"wp","href":"https:\/\/api.w.org\/{rel}","templated":true}]}}