{"id":298,"date":"2021-06-02T18:56:20","date_gmt":"2021-06-02T16:56:20","guid":{"rendered":"https:\/\/www.counterrisk.eu\/?page_id=298"},"modified":"2021-06-17T11:53:22","modified_gmt":"2021-06-17T09:53:22","slug":"socios","status":"publish","type":"page","link":"https:\/\/www.counterrisk.eu\/es\/socios\/","title":{"rendered":"Socios"},"content":{"rendered":"<div class=\"wpb-content-wrapper\"><p>[vc_row bottom_padding=\u00bb40&#8243;][vc_column width=\u00bb1\/4&#8243;]<div class=\"single_image wpb_content_element align-left    \" data-animation=\"none\" data-delay=\"0\"><img loading=\"lazy\" decoding=\"async\" width=\"406\" height=\"105\" src=\"https:\/\/www.counterrisk.eu\/wp-content\/uploads\/2021\/06\/AIJU-completo.png\" class=\"attachment-full\" alt=\"\" title=\"AIJU-completo\" srcset=\"https:\/\/www.counterrisk.eu\/wp-content\/uploads\/2021\/06\/AIJU-completo.png 406w, https:\/\/www.counterrisk.eu\/wp-content\/uploads\/2021\/06\/AIJU-completo-300x78.png 300w\" sizes=\"auto, (max-width: 406px) 100vw, 406px\" \/><\/div>[\/vc_column][vc_column width=\u00bb3\/4&#8243;]<h3 class=\"headline font-special fontsize-xxl fontweight-500 lh-15 align-left transform-inherit \" style=\"margin: 0 0 0px 0; color: #666666;\">AIJU, INSTITUTO TECNOL\u00d3GICO DE PRODUCTO INFANTIL Y OCIO<\/h3>[vc_column_text]IBI, ALICANTE (ESPA\u00d1A)<br \/>\n<a href=\"http:\/\/www.aiju.es\" target=\"_blank\" rel=\"noopener\"><strong>www.aiju.es<\/strong><\/a><\/p>\n<p>El Instituto Tecnol\u00f3gico del Producto Infantil y de Ocio es una asociaci\u00f3n de investigaci\u00f3n sin \u00e1nimo de lucro fundada en 1985 para dar soporte al sector de los productos infantiles y llevar a cabo proyectos de I+D para incrementar los niveles de seguridad y calidad de sus productos. Actualmente AIJU cuenta unas 450 empresas asociadas y con un equipo de m\u00e1s de 100 expertos en diferentes disciplinas relacionadas con los productos infantiles y de ocio, como seguridad de producto, comportamiento del consumidor infantil, formaci\u00f3n o innovaci\u00f3n para la industria. Desde el a\u00f1o 2014, desarrolla proyectos de innovaci\u00f3n en el \u00e1rea de la formaci\u00f3n para transferir su conocimiento en materia de seguridad de producto infantil a las empresas, las organizaciones de consumidores y las autoridades a cargo del control de mercado.<br \/>\nAdem\u00e1s, AIJU es miembro de diversos foros de seguridad as\u00ed como comit\u00e9s nacionales y europeos que trabajan en seguridad de productos infantiles, como juguetes, art\u00edculos de puericultura o mobiliario infantil.[\/vc_column_text][\/vc_column][vc_column width=\u00bb1\/1&#8243;]<div class=\"divider divider1\" style='margin:50px 0 30px 0 !important;'><\/div>[\/vc_column][\/vc_row][vc_row bottom_padding=\u00bb40&#8243;][vc_column width=\u00bb1\/4&#8243;]<div class=\"single_image wpb_content_element align-left    \" data-animation=\"none\" data-delay=\"0\"><img loading=\"lazy\" decoding=\"async\" width=\"150\" height=\"150\" src=\"https:\/\/www.counterrisk.eu\/wp-content\/uploads\/2021\/05\/CEIPI-logo-trans-150.png\" class=\"attachment-full\" alt=\"\" title=\"CEIPI-logo-trans-150\" srcset=\"https:\/\/www.counterrisk.eu\/wp-content\/uploads\/2021\/05\/CEIPI-logo-trans-150.png 150w, https:\/\/www.counterrisk.eu\/wp-content\/uploads\/2021\/05\/CEIPI-logo-trans-150-80x80.png 80w\" sizes=\"auto, (max-width: 150px) 100vw, 150px\" \/><\/div>[\/vc_column][vc_column width=\u00bb3\/4&#8243;]<div class=\"single_image wpb_content_element align-left    \" data-animation=\"none\" data-delay=\"0\"><img loading=\"lazy\" decoding=\"async\" width=\"600\" height=\"121\" src=\"https:\/\/www.counterrisk.eu\/wp-content\/uploads\/2021\/06\/CEIPI-completo-1.png\" class=\"attachment-full\" alt=\"\" title=\"CEIPI-completo\" srcset=\"https:\/\/www.counterrisk.eu\/wp-content\/uploads\/2021\/06\/CEIPI-completo-1.png 600w, https:\/\/www.counterrisk.eu\/wp-content\/uploads\/2021\/06\/CEIPI-completo-1-300x61.png 300w\" sizes=\"auto, (max-width: 600px) 100vw, 600px\" \/><\/div><h3 class=\"headline font-special fontsize-xxl fontweight-500 lh-15 align-left transform-inherit \" style=\"margin: 0 0 0px 0; color: #666666;\">UNIVERSIDAD DE ESTRASBURGO (UNISTRA)<\/h3>[vc_column_text]ESTRASBURGO (FRANCIA)<br \/>\n<a href=\"http:\/\/www.ceipi.edu\" target=\"_blank\" rel=\"noopener\"><strong>www.ceipi.edu<\/strong><\/a><br \/>\n<a href=\"http:\/\/www.ceipi.edu\" target=\"_blank\" rel=\"noopener\"><strong>www.unistra.fr <\/strong><\/a><\/p>\n<p>Situada en el coraz\u00f3n de Europa, la Universidad de Estrasburgo (UNISTRA) es heredera de una gran tradici\u00f3n nacida del humanismo del siglo XVI cuando Jean Sturm cre\u00f3 una instituci\u00f3n donde se pod\u00eda estudiar teolog\u00eda, filosof\u00eda, medicina y derecho. UNISTRA es una de las universidades m\u00e1s grandes de Francia, con m\u00e1s de 52 000 estudiantes (con un 20% de estudiantes internacionales). UNISTRA ofrece 60 t\u00edtulos internacionales en asociaci\u00f3n con universidades de todo el mundo. La Universidad participa en 17 proyectos Erasmus +, incluidos 2 M\u00e1steres Erasmus Mundus, 5 Asociaciones Estrat\u00e9gicas Erasmus +, una Alianza de Conocimientos y un Centro de Excelencia Jean Monnet. La investigaci\u00f3n es un activo importante para el desarrollo internacional de la Universidad. UNISTRA cuenta con 71 unidades de investigaci\u00f3n que abarcan todos los campos disciplinarios. UNISTRA constituye un centro de excelencia en biolog\u00eda, biotecnolog\u00eda, medicina, qu\u00edmica y f\u00edsica de materiales, y tambi\u00e9n participa activamente en el desarrollo de las ciencias sociales y las humanidades. Se han otorgado numerosos premios prestigiosos a nuestros investigadores de \u00e1mbito mundial, que atestiguan la calidad de la investigaci\u00f3n en la Universidad de Estrasburgo, que incluyen: 4 premios Nobel, 1 premio Kavli y 21 investigadores honrados por el Consejo Europeo de Investigaci\u00f3n desde 2008.<\/p>\n<p>En UNISTRA el proyecto ser\u00e1 implementado por el Centro de Estudios Internacionales de Propiedad Intelectual (CEIPI). El CEIPI es parte integrante de la Universidad de Estrasburgo, dedicado a la investigaci\u00f3n y formaci\u00f3n en el \u00e1mbito de la propiedad intelectual. El cuerpo docente del CEIPI est\u00e1 compuesto por casi 400 acad\u00e9micos y abogados en ejercicio en 22 pa\u00edses y 41 ciudades de Europa. Durante m\u00e1s de 50 a\u00f1os, CEIPI ha estado formando a m\u00e1s de 50 000 profesionales y estudiantes en el campo de la propiedad intelectual. El CEIPI ofrece varios diplomas (otorgados por la Universidad de Estrasburgo) en formaci\u00f3n inicial o profesional, cuyo objetivo es preparar a ingenieros, cient\u00edficos o juristas para ex\u00e1menes profesionales en propiedad industrial, as\u00ed como estudiantes para el M\u00e1ster en Derecho de orientaci\u00f3n profesional. Desde la creaci\u00f3n del CEIPI, su mandato ha sido la formaci\u00f3n de especialistas en derecho de propiedad intelectual en diversas profesiones: representantes legales franceses y europeos, abogados especialistas en propiedad intelectual, funcionarios de organismos y despachos nacionales, europeos e internacionales y acad\u00e9micos. Adem\u00e1s, el CEIPI organiza peri\u00f3dicamente conferencias sobre diferentes aspectos del derecho de propiedad intelectual de la UE.<\/p>\n<p>El Departamento de Investigaci\u00f3n del CEIPI es un equipo din\u00e1mico con un s\u00f3lido historial de trabajo individual y colectivo en el campo de la legislaci\u00f3n de propiedad intelectual de la UE. El equipo est\u00e1 compuesto por 20 acad\u00e9micos y 24 candidatos a doctorado que trabajan en una amplia gama de disciplinas en derecho de propiedad intelectual. El equipo de CEIPI tiene una experiencia s\u00f3lida y ampliamente reconocida en todos los campos de la propiedad intelectual, que incluyen: falsificaci\u00f3n, patentes y certificados de protecci\u00f3n complementaria, derecho de marcas, derecho de dise\u00f1o, derechos de autor, denominaciones de origen, indicaciones geogr\u00e1ficas, protecci\u00f3n de variedades vegetales, protecci\u00f3n de secretos industriales, aplicaci\u00f3n de los derechos de propiedad intelectual.[\/vc_column_text][\/vc_column][vc_column width=\u00bb1\/1&#8243;]<div class=\"divider divider1\" style='margin:50px 0 30px 0 !important;'><\/div>[\/vc_column][\/vc_row][vc_row bottom_padding=\u00bb40&#8243;][vc_column width=\u00bb1\/4&#8243;]<div class=\"single_image wpb_content_element align-left    \" data-animation=\"none\" data-delay=\"0\"><img loading=\"lazy\" decoding=\"async\" width=\"150\" height=\"150\" src=\"https:\/\/www.counterrisk.eu\/wp-content\/uploads\/2021\/05\/Logo_lucentialab-150.png\" class=\"attachment-full\" alt=\"\" title=\"Logo_lucentialab-150\" srcset=\"https:\/\/www.counterrisk.eu\/wp-content\/uploads\/2021\/05\/Logo_lucentialab-150.png 150w, https:\/\/www.counterrisk.eu\/wp-content\/uploads\/2021\/05\/Logo_lucentialab-150-80x80.png 80w\" sizes=\"auto, (max-width: 150px) 100vw, 150px\" \/><\/div>[\/vc_column][vc_column width=\u00bb3\/4&#8243;]<h3 class=\"headline font-special fontsize-xxl fontweight-500 lh-15 align-left transform-inherit \" style=\"margin: 0 0 0px 0; color: #666666;\">LUCENTIA-LAB<\/h3>[vc_column_text]ALICANTE (ESPA\u00d1A)<br \/>\n<strong><a href=\"https:\/\/lucentialab.com\/\" target=\"_blank\" rel=\"noopener\">https:\/\/lucentialab.com\/<\/a><\/strong><\/p>\n<p>Lucentia Lab es una empresa de base tecnol\u00f3gica (EBT) vinculada al Parque cient\u00edfico, que surge en el a\u00f1o 2015 como spin off de la Universidad de Alicante, una f\u00f3rmula que permite poner en valor el conocimiento que se genera en un entorno universitario, para llevarlo al mundo empresarial. Tenemos el sello de Pyme innovadora y el de Joven empresa innovadora. As\u00ed pues, Lucentia Lab es una empresa en la que participan profesores, catedr\u00e1ticos e investigadores de la Universidad, desarrollando soluciones de inteligencia de negocio para las empresas.<\/p>\n<p>Estamos ubicados en Torre Juana OST (Open Space Technology), sede de varias empresas tecnol\u00f3gicas de Alicante. Trabajamos con empresas locales y con grandes corporaciones como SUMA, INDRA o GTT. Tambi\u00e9n participamos en proyectos internacionales de la mano de Google como Act\u00edvate y Digital Garage, donde programamos herramientas de cloud computing y realizamos anal\u00edtica de predicci\u00f3n de usuarios, o DQIoT, proyecto internacional que cuenta con el sello Eureka y financiado por CDTI, en el que realizamos anal\u00edtica predictiva de datos provenientes de sensores en turbinas de gas, junto a Intelligent Environments y la UCLM en Espa\u00f1a, GTone y la Universidad de Miyonji, en Corea del Sur, y Siemens Europa.<\/p>\n<p>Somos ingenieros inform\u00e1ticos, economistas, soci\u00f3logos y expertos en propiedad intelectual y protecci\u00f3n de datos. Utilizamos metodolog\u00edas que son fruto de la investigaci\u00f3n universitaria y las aplicamos al mundo de la empresa. Mantenemos un esp\u00edritu de constante investigaci\u00f3n e innovaci\u00f3n, fruto de nuestra fuerte vinculaci\u00f3n con el entorno universitario.[\/vc_column_text][\/vc_column][vc_column width=\u00bb1\/1&#8243;]<div class=\"divider divider1\" style='margin:50px 0 30px 0 !important;'><\/div>[\/vc_column][\/vc_row][vc_row bottom_padding=\u00bb40&#8243;][vc_column width=\u00bb1\/4&#8243;]<div class=\"single_image wpb_content_element align-left    \" data-animation=\"none\" data-delay=\"0\"><img loading=\"lazy\" decoding=\"async\" width=\"200\" height=\"150\" src=\"https:\/\/www.counterrisk.eu\/wp-content\/uploads\/2021\/05\/logo-sdruzeni-color.png\" class=\"attachment-full\" alt=\"\" title=\"logo-sdruzeni-color\" \/><\/div>[\/vc_column][vc_column width=\u00bb3\/4&#8243;]<h3 class=\"headline font-special fontsize-xxl fontweight-500 lh-15 align-left transform-inherit \" style=\"margin: 0 0 0px 0; color: #666666;\">SDRUZENI PRO HRACKU A HRU (SHH)<\/h3>[vc_column_text]PRAGA (REP\u00daBLICA CHECA)<br \/>\n<strong><a href=\"https:\/\/www.sdruzenihracky.cz\" target=\"_blank\" rel=\"noopener\">www.sdruzenihracky.cz<\/a><\/strong><\/p>\n<p>SHH, la Asociaci\u00f3n Checa de Juguetes y Juego representa y re\u00fane a toda la industria del juguete en la Rep\u00fablica Checa, formada por fabricantes de juguetes, mayoristas, minoristas, escuelas, dise\u00f1adores y laboratorios de ensayo. Hoy en d\u00eda, la asociaci\u00f3n cuenta con 140 asociados. Tambi\u00e9n son miembros los laboratorios de ensayo de juguetes de Zlin, el Museo del Juguete de Praga, la Escuela de Arte Industrial de Praga y la Facultad de Pedagog\u00eda de Charles University.<\/p>\n<p>El objetivo de la asociaci\u00f3n es que los ni\u00f1os reciban juguetes seguros que contribuyan positivamente a desarrollar su personalidad. Adem\u00e1s, SHH tiene una gran experiencia en la organizaci\u00f3n de cursos de formaci\u00f3n para sus miembros en temas espec\u00edficos del sector, tales como la seguridad de los juguetes y protecci\u00f3n de los consumidores.[\/vc_column_text][\/vc_column][vc_column width=\u00bb1\/1&#8243;]<div class=\"divider divider1\" style='margin:50px 0 30px 0 !important;'><\/div>[\/vc_column][\/vc_row][vc_row bottom_padding=\u00bb40&#8243;][vc_column width=\u00bb1\/4&#8243;]<div class=\"single_image wpb_content_element align-left    \" data-animation=\"none\" data-delay=\"0\"><img loading=\"lazy\" decoding=\"async\" width=\"354\" height=\"92\" src=\"https:\/\/www.counterrisk.eu\/wp-content\/uploads\/2021\/06\/APSI-completo.png\" class=\"attachment-full\" alt=\"\" title=\"APSI-completo\" srcset=\"https:\/\/www.counterrisk.eu\/wp-content\/uploads\/2021\/06\/APSI-completo.png 354w, https:\/\/www.counterrisk.eu\/wp-content\/uploads\/2021\/06\/APSI-completo-300x78.png 300w\" sizes=\"auto, (max-width: 354px) 100vw, 354px\" \/><\/div>[\/vc_column][vc_column width=\u00bb3\/4&#8243;]<h3 class=\"headline font-special fontsize-xxl fontweight-500 lh-15 align-left transform-inherit \" style=\"margin: 0 0 0px 0; color: #666666;\">ASSOCIA\u00c7\u00c3O PARA A PROMO\u00c7\u00c3O DA SEGURAN\u00c7A INFANTIL (APSI)<\/h3>[vc_column_text]LISBOA (PORTUGAL)<br \/>\n<a href=\"https:\/\/www.apsi.org.pt\" target=\"_blank\" rel=\"noopener\"><strong>www.apsi.org.pt<\/strong><\/a><\/p>\n<p>Con m\u00e1s de 25 a\u00f1os de experiencia trabajando en seguridad infantil, la Asociaci\u00f3n Portuguesa para la Promoci\u00f3n de la Seguridad Infantil trabaja para fomentar ciertas actitudes y pr\u00e1cticas, as\u00ed como la creaci\u00f3n de entornos seguros que garanticen el crecimiento saludable de los ni\u00f1os y\u00a0gente joven. Su objetivo principal es reducir el n\u00famero y la gravedad de las lesiones en estos grupos de edad.<\/p>\n<p>APSI es una organizaci\u00f3n privada sin \u00e1nimo de lucro fundada en 1992, con el status de utilidad p\u00fablica. Es una organizaci\u00f3n de familias y de consumidores. Es un l\u00edder de opini\u00f3n en t\u00e9rminos de seguridad acu\u00e1tica, \u00e1reas de juegos y seguridad del pasajero en el autom\u00f3vil, seguridad del transporte p\u00fablico infantil, actuando como entidad de referencia en Portugal y en\u00a0Europa en el campo de la seguridad infantil. Es la \u00fanica entidad en Portugal dedicada exclusivamente a la prevenci\u00f3n de lesiones.<br \/>\nAPSI interviene en la sociedad a trav\u00e9s de la informaci\u00f3n y comunicaci\u00f3n, investigaci\u00f3n, formaci\u00f3n y participaci\u00f3n en el desarrollo de la legislaci\u00f3n y la normalizaci\u00f3n[\/vc_column_text][\/vc_column][\/vc_row]<\/p>\n<\/div>","protected":false},"excerpt":{"rendered":"<p>[vc_row bottom_padding=\u00bb40&#8243;][vc_column width=\u00bb1\/4&#8243;][\/vc_column][vc_column width=\u00bb3\/4&#8243;][vc_column_text]IBI, ALICANTE (ESPA\u00d1A) www.aiju.es El Instituto Tecnol\u00f3gico del Producto Infantil y de Ocio es una asociaci\u00f3n de investigaci\u00f3n sin \u00e1nimo de lucro fundada en 1985 para dar soporte al sector de los productos infantiles y llevar a cabo proyectos de I+D para incrementar los niveles de seguridad y calidad de sus productos. Actualmente AIJU cuenta unas 450 empresas asociadas y con un equipo de m\u00e1s de 100 expertos en diferentes disciplinas relacionadas con los productos infantiles y de ocio, como seguridad de producto, comportamiento del consumidor infantil, formaci\u00f3n o innovaci\u00f3n para la industria. Desde el a\u00f1o 2014, desarrolla proyectos de innovaci\u00f3n en el \u00e1rea de la formaci\u00f3n para transferir su conocimiento en materia de seguridad de producto infantil a las empresas, las organizaciones de consumidores y las autoridades a cargo del control de mercado. Adem\u00e1s, AIJU es miembro de diversos foros de seguridad as\u00ed como comit\u00e9s nacionales y europeos que trabajan en seguridad de productos infantiles, como juguetes, art\u00edculos de puericultura o mobiliario infantil.[\/vc_column_text][\/vc_column][vc_column width=\u00bb1\/1&#8243;][\/vc_column][\/vc_row][vc_row bottom_padding=\u00bb40&#8243;][vc_column width=\u00bb1\/4&#8243;][\/vc_column][vc_column width=\u00bb3\/4&#8243;][vc_column_text]ESTRASBURGO (FRANCIA) www.ceipi.edu www.unistra.fr Situada en el coraz\u00f3n de Europa, la Universidad de Estrasburgo (UNISTRA) es heredera de una gran tradici\u00f3n nacida del humanismo del siglo XVI cuando Jean Sturm [&hellip;]<\/p>\n","protected":false},"author":1,"featured_media":0,"parent":0,"menu_order":0,"comment_status":"closed","ping_status":"closed","template":"","meta":{"footnotes":""},"class_list":["post-298","page","type-page","status-publish","hentry"],"_links":{"self":[{"href":"https:\/\/www.counterrisk.eu\/es\/wp-json\/wp\/v2\/pages\/298","targetHints":{"allow":["GET"]}}],"collection":[{"href":"https:\/\/www.counterrisk.eu\/es\/wp-json\/wp\/v2\/pages"}],"about":[{"href":"https:\/\/www.counterrisk.eu\/es\/wp-json\/wp\/v2\/types\/page"}],"author":[{"embeddable":true,"href":"https:\/\/www.counterrisk.eu\/es\/wp-json\/wp\/v2\/users\/1"}],"replies":[{"embeddable":true,"href":"https:\/\/www.counterrisk.eu\/es\/wp-json\/wp\/v2\/comments?post=298"}],"version-history":[{"count":26,"href":"https:\/\/www.counterrisk.eu\/es\/wp-json\/wp\/v2\/pages\/298\/revisions"}],"predecessor-version":[{"id":852,"href":"https:\/\/www.counterrisk.eu\/es\/wp-json\/wp\/v2\/pages\/298\/revisions\/852"}],"wp:attachment":[{"href":"https:\/\/www.counterrisk.eu\/es\/wp-json\/wp\/v2\/media?parent=298"}],"curies":[{"name":"wp","href":"https:\/\/api.w.org\/{rel}","templated":true}]}}