{"id":314,"date":"2021-06-03T13:14:40","date_gmt":"2021-06-03T11:14:40","guid":{"rendered":"https:\/\/www.counterrisk.eu\/?page_id=314"},"modified":"2021-06-15T12:47:32","modified_gmt":"2021-06-15T10:47:32","slug":"preinscribete","status":"publish","type":"page","link":"https:\/\/www.counterrisk.eu\/es\/preinscribete\/","title":{"rendered":"Preinscr\u00edbete"},"content":{"rendered":"<div class=\"wpb-content-wrapper\"><p>[vc_row][vc_column width=\u00bb1\/1&#8243;]<h2 class=\"headline font-special fontsize-xxl fontweight-500 lh-15 align-left transform-inherit \" style=\"margin: 0 0 0px 0;\">\u00a1Preinscr\u00edbete ya en la prueba piloto! <\/h2><div class=\"divider divider5\" style='margin:0px 0 50px 0 !important;'><\/div>\n<div class=\"wpcf7 no-js\" id=\"wpcf7-f328-o1\" lang=\"es-ES\" dir=\"ltr\" data-wpcf7-id=\"328\">\n<div class=\"screen-reader-response\"><p role=\"status\" aria-live=\"polite\" aria-atomic=\"true\"><\/p> <ul><\/ul><\/div>\n<form action=\"\/es\/wp-json\/wp\/v2\/pages\/314#wpcf7-f328-o1\" method=\"post\" class=\"wpcf7-form init\" aria-label=\"Formulario de contacto\" novalidate=\"novalidate\" data-status=\"init\">\n<div style=\"display: none;\">\n<input type=\"hidden\" name=\"_wpcf7\" value=\"328\" \/>\n<input type=\"hidden\" name=\"_wpcf7_version\" value=\"6.0.5\" \/>\n<input type=\"hidden\" name=\"_wpcf7_locale\" value=\"es_ES\" \/>\n<input type=\"hidden\" name=\"_wpcf7_unit_tag\" value=\"wpcf7-f328-o1\" \/>\n<input type=\"hidden\" name=\"_wpcf7_container_post\" value=\"0\" \/>\n<input type=\"hidden\" name=\"_wpcf7_posted_data_hash\" value=\"\" \/>\n<input type=\"hidden\" name=\"_wpcf7_recaptcha_response\" value=\"\" \/>\n<\/div>\n<h4>1. Datos personales\n<\/h4>\n<p>Nombre y Apellidos*<br \/>\n<span class=\"wpcf7-form-control-wrap\" data-name=\"Nombre\"><input size=\"40\" maxlength=\"400\" class=\"wpcf7-form-control wpcf7-text wpcf7-validates-as-required\" aria-required=\"true\" aria-invalid=\"false\" value=\"\" type=\"text\" name=\"Nombre\" \/><\/span>\n<\/p>\n<p>E-mail*<br \/>\n<span class=\"wpcf7-form-control-wrap\" data-name=\"Email\"><input size=\"40\" maxlength=\"400\" class=\"wpcf7-form-control wpcf7-email wpcf7-validates-as-required wpcf7-text wpcf7-validates-as-email\" aria-required=\"true\" aria-invalid=\"false\" value=\"\" type=\"email\" name=\"Email\" \/><\/span>\n<\/p>\n<p>Entidad<br \/>\n<span class=\"wpcf7-form-control-wrap\" data-name=\"Entidad\"><input size=\"40\" maxlength=\"400\" class=\"wpcf7-form-control wpcf7-text\" aria-invalid=\"false\" value=\"\" type=\"text\" name=\"Entidad\" \/><\/span>\n<\/p>\n<p>Pa\u00eds*<br \/>\n<span class=\"wpcf7-form-control-wrap\" data-name=\"Pais\"><select class=\"wpcf7-form-control wpcf7-select wpcf7-validates-as-required\" aria-required=\"true\" aria-invalid=\"false\" name=\"Pais\"><option value=\"\">&#8212;Por favor, elige una opci\u00f3n&#8212;<\/option><option value=\"Afganist\u00e1n\">Afganist\u00e1n<\/option><option value=\"Angola\">Angola<\/option><option value=\"Albania\">Albania<\/option><option value=\"Andorra\">Andorra<\/option><option value=\"Emiratos \u00c1rabes Unidos\">Emiratos \u00c1rabes Unidos<\/option><option value=\"Argentina\">Argentina<\/option><option value=\"Armenia\">Armenia<\/option><option value=\"Antigua and Barbuda\">Antigua and Barbuda<\/option><option value=\"Australia\">Australia<\/option><option value=\"Austria\">Austria<\/option><option value=\"Azerbay\u00e1n\">Azerbay\u00e1n<\/option><option value=\"Burundi\">Burundi<\/option><option value=\"B\u00e9lgica\">B\u00e9lgica<\/option><option value=\"Ben\u00edn\">Ben\u00edn<\/option><option value=\"Burkina Faso\">Burkina Faso<\/option><option value=\"Bangladesh\">Bangladesh<\/option><option value=\"Bulgaria\">Bulgaria<\/option><option value=\"Bahrein\">Bahrein<\/option><option value=\"Bahamas\">Bahamas<\/option><option value=\"Bosnia and Herzegovina\">Bosnia and Herzegovina<\/option><option value=\"Bielorrusia\">Bielorrusia<\/option><option value=\"Belice\">Belice<\/option><option value=\"Bolivia\">Bolivia<\/option><option value=\"Brasil\">Brasil<\/option><option value=\"Barbados\">Barbados<\/option><option value=\"Brun\u00e9i\">Brun\u00e9i<\/option><option value=\"Bhut\u00e1n\">Bhut\u00e1n<\/option><option value=\"Botsuana\">Botsuana<\/option><option value=\"Rep\u00fablica Centroafricana\">Rep\u00fablica Centroafricana<\/option><option value=\"Canada\">Canada<\/option><option value=\"Suiza\">Suiza<\/option><option value=\"Chile\">Chile<\/option><option value=\"China\">China<\/option><option value=\"Costa de Marfil\">Costa de Marfil<\/option><option value=\"Camer\u00fan\">Camer\u00fan<\/option><option value=\"Congo, Rep\u00fablica Democr\u00e1tica del\">Congo, Rep\u00fablica Democr\u00e1tica del<\/option><option value=\"Congo\">Congo<\/option><option value=\"Colombia\">Colombia<\/option><option value=\"Comoras\">Comoras<\/option><option value=\"Cabo Verde\">Cabo Verde<\/option><option value=\"Costa Rica\">Costa Rica<\/option><option value=\"Cuba\">Cuba<\/option><option value=\"Chipre\">Chipre<\/option><option value=\"Rep\u00fablica Checa\">Rep\u00fablica Checa<\/option><option value=\"Alemania\">Alemania<\/option><option value=\"Yibuti\">Yibuti<\/option><option value=\"Dominica\">Dominica<\/option><option value=\"Dinamarca\">Dinamarca<\/option><option value=\"Rep\u00fablica Dominicana\">Rep\u00fablica Dominicana<\/option><option value=\"Argelia\">Argelia<\/option><option value=\"Ecuador\">Ecuador<\/option><option value=\"Egipto\">Egipto<\/option><option value=\"Eritrea\">Eritrea<\/option><option value=\"Espa\u00f1a\">Espa\u00f1a<\/option><option value=\"Estonia\">Estonia<\/option><option value=\"Etiop\u00eda\">Etiop\u00eda<\/option><option value=\"Finlandia\">Finlandia<\/option><option value=\"Fiji\">Fiji<\/option><option value=\"Francia\">Francia<\/option><option value=\"Micronesia\">Micronesia<\/option><option value=\"Gabon\">Gabon<\/option><option value=\"Reino Unido\">Reino Unido<\/option><option value=\"Georgia\">Georgia<\/option><option value=\"Ghana\">Ghana<\/option><option value=\"Guinea\">Guinea<\/option><option value=\"Gambia\">Gambia<\/option><option value=\"Guinea-Bissau\">Guinea-Bissau<\/option><option value=\"Guinea Ecuatorial\">Guinea Ecuatorial<\/option><option value=\"Grecia\">Grecia<\/option><option value=\"Granada\">Granada<\/option><option value=\"Guatemala\">Guatemala<\/option><option value=\"Guyana\">Guyana<\/option><option value=\"Honduras\">Honduras<\/option><option value=\"Croacia\">Croacia<\/option><option value=\"Hait\u00ed\">Hait\u00ed<\/option><option value=\"Hungr\u00eda\">Hungr\u00eda<\/option><option value=\"Indonesia\">Indonesia<\/option><option value=\"India\">India<\/option><option value=\"Irlanda\">Irlanda<\/option><option value=\"Ir\u00e1n, Rep\u00fablica Isl\u00e1mica de\">Ir\u00e1n, Rep\u00fablica Isl\u00e1mica de<\/option><option value=\"Irak\">Irak<\/option><option value=\"Islandia\">Islandia<\/option><option value=\"Israel\">Israel<\/option><option value=\"Italia\">Italia<\/option><option value=\"Jamaica\">Jamaica<\/option><option value=\"Jordania\">Jordania<\/option><option value=\"Jap\u00f3n\">Jap\u00f3n<\/option><option value=\"Kazajist\u00e1n\">Kazajist\u00e1n<\/option><option value=\"Kenia\">Kenia<\/option><option value=\"Kirgizst\u00e1n\">Kirgizst\u00e1n<\/option><option value=\"Camboya\">Camboya<\/option><option value=\"Kiribati\">Kiribati<\/option><option value=\"Saint Kitts and Nevis\">Saint Kitts and Nevis<\/option><option value=\"Corea del Sur\">Corea del Sur<\/option><option value=\"Kuwait\">Kuwait<\/option><option value=\"Rep\u00fablica Popular Democr\u00e1tica de Laos\">Rep\u00fablica Popular Democr\u00e1tica de Laos<\/option><option value=\"Lebanon\">Lebanon<\/option><option value=\"Liberia\">Liberia<\/option><option value=\"Libia\">Libia<\/option><option value=\"Santa Luc\u00eda\">Santa Luc\u00eda<\/option><option value=\"Liechtenstein\">Liechtenstein<\/option><option value=\"Sri Lanka\">Sri Lanka<\/option><option value=\"Lesoto\">Lesoto<\/option><option value=\"Lituania\">Lituania<\/option><option value=\"Luxemburgo\">Luxemburgo<\/option><option value=\"Letonia\">Letonia<\/option><option value=\"Marruecos\">Marruecos<\/option><option value=\"Monaco\">Monaco<\/option><option value=\"Moldavia\">Moldavia<\/option><option value=\"Madagascar\">Madagascar<\/option><option value=\"Islas Maldivas\">Islas Maldivas<\/option><option value=\"Mexico\">Mexico<\/option><option value=\"Islas Marshall\">Islas Marshall<\/option><option value=\"Maced\u00f4nia\">Maced\u00f4nia<\/option><option value=\"Mali\">Mali<\/option><option value=\"Malta\">Malta<\/option><option value=\"Birmania\">Birmania<\/option><option value=\"Montenegro\">Montenegro<\/option><option value=\"Mongolia\">Mongolia<\/option><option value=\"Mozambique\">Mozambique<\/option><option value=\"Mauritania\">Mauritania<\/option><option value=\"Mauricio\">Mauricio<\/option><option value=\"Malawi\">Malawi<\/option><option value=\"Malasia\">Malasia<\/option><option value=\"Namibia\">Namibia<\/option><option value=\"Niger\">Niger<\/option><option value=\"Nigeria\">Nigeria<\/option><option value=\"Nicaragua\">Nicaragua<\/option><option value=\"Pa\u00edses Bajos\">Pa\u00edses Bajos<\/option><option value=\"Norway\">Norway<\/option><option value=\"Nepal\">Nepal<\/option><option value=\"Nauru\">Nauru<\/option><option value=\"Nueva Zelanda\">Nueva Zelanda<\/option><option value=\"Om\u00e1n\">Om\u00e1n<\/option><option value=\"Pakist\u00e1n\">Pakist\u00e1n<\/option><option value=\"Panam\u00e1\">Panam\u00e1<\/option><option value=\"Per\u00fa\">Per\u00fa<\/option><option value=\"Filipinas\">Filipinas<\/option><option value=\"Palau\">Palau<\/option><option value=\"Pap\u00faa Nueva Guinea\">Pap\u00faa Nueva Guinea<\/option><option value=\"Polonia\">Polonia<\/option><option value=\"Corea del Norte\">Corea del Norte<\/option><option value=\"Portugal\">Portugal<\/option><option value=\"Paraguay\">Paraguay<\/option><option value=\"Qatar\">Qatar<\/option><option value=\"Ruman\u00eda\">Ruman\u00eda<\/option><option value=\"Rusia\">Rusia<\/option><option value=\"Ruanda\">Ruanda<\/option><option value=\"Arabia Saudita\">Arabia Saudita<\/option><option value=\"Sud\u00e1n\">Sud\u00e1n<\/option><option value=\"Senegal\">Senegal<\/option><option value=\"Singapur\">Singapur<\/option><option value=\"Solomon Islands\">Solomon Islands<\/option><option value=\"Sierra Leona\">Sierra Leona<\/option><option value=\"El Salvador\">El Salvador<\/option><option value=\"San Marino\">San Marino<\/option><option value=\"Somalia\">Somalia<\/option><option value=\"Serbia\">Serbia<\/option><option value=\"Sud\u00e1n del Sur\">Sud\u00e1n del Sur<\/option><option value=\"Santo Tom\u00e9 y Pr\u00edncipe\">Santo Tom\u00e9 y Pr\u00edncipe<\/option><option value=\"Surin\u00e1m\">Surin\u00e1m<\/option><option value=\"Eslovaquia\">Eslovaquia<\/option><option value=\"Eslovenia\">Eslovenia<\/option><option value=\"Suecia\">Suecia<\/option><option value=\"Swazilandia\">Swazilandia<\/option><option value=\"Seychelles\">Seychelles<\/option><option value=\"Siria\">Siria<\/option><option value=\"Chad\">Chad<\/option><option value=\"Togo\">Togo<\/option><option value=\"Tailandia\">Tailandia<\/option><option value=\"Tadjikist\u00e1n\">Tadjikist\u00e1n<\/option><option value=\"Turkmenistan\">Turkmenistan<\/option><option value=\"Timor Oriental\">Timor Oriental<\/option><option value=\"Tonga\">Tonga<\/option><option value=\"Trinidad y Tobago\">Trinidad y Tobago<\/option><option value=\"Tunez\">Tunez<\/option><option value=\"Turqu\u00eda\">Turqu\u00eda<\/option><option value=\"Tuvalu\">Tuvalu<\/option><option value=\"Tanzania\">Tanzania<\/option><option value=\"Uganda\">Uganda<\/option><option value=\"Ucrania\">Ucrania<\/option><option value=\"Uruguay\">Uruguay<\/option><option value=\"Estados Unidos de Am\u00e9rica\">Estados Unidos de Am\u00e9rica<\/option><option value=\"Uzbekist\u00e1n\">Uzbekist\u00e1n<\/option><option value=\"San Vicente y las Granadinas\">San Vicente y las Granadinas<\/option><option value=\"Venezuela\">Venezuela<\/option><option value=\"Vietnam\">Vietnam<\/option><option value=\"Vanuatu\">Vanuatu<\/option><option value=\"Samoa\">Samoa<\/option><option value=\"Yemen\">Yemen<\/option><option value=\"Sud\u00e1frica\">Sud\u00e1frica<\/option><option value=\"Zambia\">Zambia<\/option><option value=\"Zimbabwe\">Zimbabwe<\/option><\/select><\/span>\n<\/p>\n<h4 style=\"padding-top:20px\">2. Se\u00f1ala qu\u00e9 perfil es m\u00e1s parecido al tuyo*:\n<\/h4>\n<p><span class=\"wpcf7-form-control-wrap\" data-name=\"Perfil\"><span class=\"wpcf7-form-control wpcf7-checkbox wpcf7-validates-as-required wpcf7-exclusive-checkbox\"><span class=\"wpcf7-list-item first\"><input type=\"checkbox\" name=\"Perfil\" value=\"T\u00e9cnico de una empresa del sector de los productos infantiles (fabricante, distribuidor, minorista, etc.)\" \/><span class=\"wpcf7-list-item-label\">T\u00e9cnico de una empresa del sector de los productos infantiles (fabricante, distribuidor, minorista, etc.)<\/span><\/span><span class=\"wpcf7-list-item\"><input type=\"checkbox\" name=\"Perfil\" value=\"Responsable de compras de productos de consumo para ni\u00f1os\" \/><span class=\"wpcf7-list-item-label\">Responsable de compras de productos de consumo para ni\u00f1os<\/span><\/span><span class=\"wpcf7-list-item\"><input type=\"checkbox\" name=\"Perfil\" value=\"Emprendedor que dise\u00f1a y fabrica sus productos\" \/><span class=\"wpcf7-list-item-label\">Emprendedor que dise\u00f1a y fabrica sus productos<\/span><\/span><span class=\"wpcf7-list-item\"><input type=\"checkbox\" name=\"Perfil\" value=\"T\u00e9cnico de una asociaci\u00f3n de consumidores\" \/><span class=\"wpcf7-list-item-label\">T\u00e9cnico de una asociaci\u00f3n de consumidores<\/span><\/span><span class=\"wpcf7-list-item\"><input type=\"checkbox\" name=\"Perfil\" value=\"Personal de una autoridad competente local, regional en materia de consumo\" \/><span class=\"wpcf7-list-item-label\">Personal de una autoridad competente local, regional en materia de consumo<\/span><\/span><span class=\"wpcf7-list-item\"><input type=\"checkbox\" name=\"Perfil\" value=\"Abogado interesado en temas de propiedad intelectual y protecci\u00f3n del consumidor infantil\" \/><span class=\"wpcf7-list-item-label\">Abogado interesado en temas de propiedad intelectual y protecci\u00f3n del consumidor infantil<\/span><\/span><span class=\"wpcf7-list-item\"><input type=\"checkbox\" name=\"Perfil\" value=\"Inspector de consumo\" \/><span class=\"wpcf7-list-item-label\">Inspector de consumo<\/span><\/span><span class=\"wpcf7-list-item\"><input type=\"checkbox\" name=\"Perfil\" value=\"Profesor\/docente\" \/><span class=\"wpcf7-list-item-label\">Profesor\/docente<\/span><\/span><span class=\"wpcf7-list-item\"><input type=\"checkbox\" name=\"Perfil\" value=\"Estudiante\" \/><span class=\"wpcf7-list-item-label\">Estudiante<\/span><\/span><span class=\"wpcf7-list-item\"><input type=\"checkbox\" name=\"Perfil\" value=\"Consumidor\" \/><span class=\"wpcf7-list-item-label\">Consumidor<\/span><\/span><span class=\"wpcf7-list-item last\"><input type=\"checkbox\" name=\"Perfil\" value=\"Otro\" \/><span class=\"wpcf7-list-item-label\">Otro<\/span><\/span><\/span><\/span>\n<\/p>\n<h4 style=\"padding-top:20px\">3. Por favor se\u00f1ala tus intereses:\n<\/h4>\n<p><span class=\"wpcf7-form-control-wrap\" data-name=\"Preinscripcion\"><span class=\"wpcf7-form-control wpcf7-checkbox wpcf7-validates-as-required\"><span class=\"wpcf7-list-item first\"><input type=\"checkbox\" name=\"Preinscripcion[]\" value=\"Estoy interesado en realizar la formaci\u00f3n CounterRisk\" \/><span class=\"wpcf7-list-item-label\">Estoy interesado en realizar la formaci\u00f3n CounterRisk<\/span><\/span><span class=\"wpcf7-list-item last\"><input type=\"checkbox\" name=\"Preinscripcion[]\" value=\"Quiero recibir el bolet\u00edn de noticias CounterRisk e informaci\u00f3n relacionada con las actividades del proyecto en la direcci\u00f3n de correo indicada\" \/><span class=\"wpcf7-list-item-label\">Quiero recibir el bolet\u00edn de noticias CounterRisk e informaci\u00f3n relacionada con las actividades del proyecto en la direcci\u00f3n de correo indicada<\/span><\/span><\/span><\/span>\n<\/p>\n<h4 style=\"padding-top:20px\">4. Eventos\n<\/h4>\n<p>Durante el proyecto organizaremos eventos para presentar los resultados y hablaremos sobre c\u00f3mo luchar contra las falsificaciones mediante la protecci\u00f3n de la propiedad intelectual, la seguridad de producto infantil y el uso de nuevas tecnolog\u00edas como el blockchain. \u00bfTe interesar\u00eda asistir?\n<\/p>\n<p><span class=\"wpcf7-form-control-wrap\" data-name=\"interesado-en-eventos\"><span class=\"wpcf7-form-control wpcf7-checkbox\"><span class=\"wpcf7-list-item first last\"><input type=\"checkbox\" name=\"interesado-en-eventos[]\" value=\"S\u00ed. Ruego me informen a trav\u00e9s de la direcci\u00f3n de correo indicada\" \/><span class=\"wpcf7-list-item-label\">S\u00ed. Ruego me informen a trav\u00e9s de la direcci\u00f3n de correo indicada<\/span><\/span><\/span><\/span>\n<\/p>\n<hr \/>\n<p><small>En cumplimiento de la normativa vigente en materia de protecci\u00f3n de datos le informamos que:<br \/>\n1. El RESPONSABLE DEL TRATAMIENTO es ASOCIACI\u00d3N DE INVESTIGACI\u00d3N DE LA INDUSTRIA DEL JUGUETE, CONEXAS Y AFINES (CIF: G03182862) ubicado en AV. DE LA INDUSTRIA, 23. 03440, IBI (ALICANTE). Tel\u00e9fono: 96 555 44 75.<br \/>\n2. La FINALIDAD DEL TRATAMIENTO:<br \/>\n- Preinscripci\u00f3n al curso: Llevar la gesti\u00f3n de inscripci\u00f3n, participaci\u00f3n, impartici\u00f3n y seguimiento participantes<br \/>\n- Boletin de noticias: Enviar por correo electr\u00f3nico a la direcci\u00f3n de email facilitada por el usuario el bolet\u00edn bolet\u00edn de noticias COUNTERRISK.<br \/>\n- Informaci\u00f3n de eventos: Enviar por correo electr\u00f3nico a la direcci\u00f3n de email facilitada por el usuario informaci\u00f3n acerca de los eventos<br \/>\n3. La LEGITIMACI\u00d3N DE LOS TRATAMIENTO se basa en el Consentimiento del interesado<br \/>\n4. El PLAZO DE CONSERVACI\u00d3N: Los datos se almacenar\u00e1n mientras el usuario no manifieste su derecho de supresi\u00f3n.<br \/>\n5. El EJERCICIO DE DERECHOS: Si desea darse de baja de las comunicaciones electr\u00f3nicas, puede hacerlo en el enlace, que se situa al pie del correo electr\u00f3nico o bien enviando un e-mail a <a href=\"mailto:proyectosseguridad@aiju.es\">proyectosseguridad@aiju.es<\/a>. Podr\u00e1 ejercitar sus derechos sobre protecci\u00f3n de datos (acceso, rectificaci\u00f3n, oposici\u00f3n, supresi\u00f3n, decisiones automatizadas, limitaci\u00f3n del tratamiento, portabilidad) por correo electr\u00f3nico en <a href=\"mailto:rgpd@aiju.info>rgpd@aiju.info<\/a>. En cualquier caso, puede solicitar la tutela de la Agencia Espa\u00f1ola de Protecci\u00f3n de Datos a trav\u00e9s de su p\u00e1gina web <a href=\"https:\/\/www.aepd.es\/\" target=_blank>https:\/\/www.aepd.es\/<\/a>. Puede consultar m\u00e1s informaci\u00f3n acerca de la <a href=\"\/politica-de-privacidad\" target=_blank>pol\u00edtica de privacidad aqu\u00ed<\/a>.<\/small>\n<\/p>\n<p style=\"width:600px; padding-left:20px;padding-top:10px;padding-bottom:10px;background-color:#F0F0F0\"><span class=\"wpcf7-form-control-wrap\" data-name=\"privacidad\"><span class=\"wpcf7-form-control wpcf7-acceptance\"><span class=\"wpcf7-list-item\"><label><input type=\"checkbox\" name=\"privacidad\" value=\"1\" aria-invalid=\"false\" \/><span class=\"wpcf7-list-item-label\">He le\u00eddo y acepto las condiciones de <a href=\"\/politica-de-privacidad\" target=_blank>pol\u00edtica de privacidad<\/a><\/span><\/label><\/span><\/span><\/span>\n<\/p>\n<p><input class=\"wpcf7-form-control wpcf7-submit has-spinner small_button\" type=\"submit\" value=\"enviar\" \/>\n<\/p><div class=\"wpcf7-response-output\" aria-hidden=\"true\"><\/div>\n<\/form>\n<\/div>\n[\/vc_column][\/vc_row]<\/p>\n<\/div>","protected":false},"excerpt":{"rendered":"<p>[vc_row][vc_column width=\u00bb1\/1&#8243;][\/vc_column][\/vc_row]<\/p>\n","protected":false},"author":1,"featured_media":0,"parent":0,"menu_order":0,"comment_status":"closed","ping_status":"closed","template":"","meta":{"footnotes":""},"class_list":["post-314","page","type-page","status-publish","hentry"],"_links":{"self":[{"href":"https:\/\/www.counterrisk.eu\/es\/wp-json\/wp\/v2\/pages\/314","targetHints":{"allow":["GET"]}}],"collection":[{"href":"https:\/\/www.counterrisk.eu\/es\/wp-json\/wp\/v2\/pages"}],"about":[{"href":"https:\/\/www.counterrisk.eu\/es\/wp-json\/wp\/v2\/types\/page"}],"author":[{"embeddable":true,"href":"https:\/\/www.counterrisk.eu\/es\/wp-json\/wp\/v2\/users\/1"}],"replies":[{"embeddable":true,"href":"https:\/\/www.counterrisk.eu\/es\/wp-json\/wp\/v2\/comments?post=314"}],"version-history":[{"count":9,"href":"https:\/\/www.counterrisk.eu\/es\/wp-json\/wp\/v2\/pages\/314\/revisions"}],"predecessor-version":[{"id":344,"href":"https:\/\/www.counterrisk.eu\/es\/wp-json\/wp\/v2\/pages\/314\/revisions\/344"}],"wp:attachment":[{"href":"https:\/\/www.counterrisk.eu\/es\/wp-json\/wp\/v2\/media?parent=314"}],"curies":[{"name":"wp","href":"https:\/\/api.w.org\/{rel}","templated":true}]}}