{"id":317,"date":"2021-06-03T13:14:51","date_gmt":"2021-06-03T11:14:51","guid":{"rendered":"https:\/\/www.counterrisk.eu\/?page_id=317"},"modified":"2021-06-11T17:13:58","modified_gmt":"2021-06-11T15:13:58","slug":"contacto","status":"publish","type":"page","link":"https:\/\/www.counterrisk.eu\/es\/contacto\/","title":{"rendered":"Contacto"},"content":{"rendered":"<div class=\"wpb-content-wrapper\"><p>[vc_row][vc_column width=\u00bb2\/3&#8243;]<h2 class=\"headline font-inherit fontsize-xl fontweight-inherit lh-15 align-left transform-inherit \" style=\"margin: 0 0 20px 0;\">Estamos encantados de escuchar tus ideas, no dudes en compartirlas con nosotros.<\/h2>\n<div class=\"wpcf7 no-js\" id=\"wpcf7-f437-o1\" lang=\"es-ES\" dir=\"ltr\" data-wpcf7-id=\"437\">\n<div class=\"screen-reader-response\"><p role=\"status\" aria-live=\"polite\" aria-atomic=\"true\"><\/p> <ul><\/ul><\/div>\n<form action=\"\/es\/wp-json\/wp\/v2\/pages\/317#wpcf7-f437-o1\" method=\"post\" class=\"wpcf7-form init\" aria-label=\"Formulario de contacto\" novalidate=\"novalidate\" data-status=\"init\">\n<div style=\"display: none;\">\n<input type=\"hidden\" name=\"_wpcf7\" value=\"437\" \/>\n<input type=\"hidden\" name=\"_wpcf7_version\" value=\"6.0.5\" \/>\n<input type=\"hidden\" name=\"_wpcf7_locale\" value=\"es_ES\" \/>\n<input type=\"hidden\" name=\"_wpcf7_unit_tag\" value=\"wpcf7-f437-o1\" \/>\n<input type=\"hidden\" name=\"_wpcf7_container_post\" value=\"0\" \/>\n<input type=\"hidden\" name=\"_wpcf7_posted_data_hash\" value=\"\" \/>\n<input type=\"hidden\" name=\"_wpcf7_recaptcha_response\" value=\"\" \/>\n<\/div>\n<p><label> Tu nombre<br \/>\n<span class=\"wpcf7-form-control-wrap\" data-name=\"nombre\"><input size=\"40\" maxlength=\"400\" class=\"wpcf7-form-control wpcf7-text wpcf7-validates-as-required\" aria-required=\"true\" aria-invalid=\"false\" value=\"\" type=\"text\" name=\"nombre\" \/><\/span> <\/label>\n<\/p>\n<p><label> Tu e-mail<br \/>\n<span class=\"wpcf7-form-control-wrap\" data-name=\"email\"><input size=\"40\" maxlength=\"400\" class=\"wpcf7-form-control wpcf7-email wpcf7-validates-as-required wpcf7-text wpcf7-validates-as-email\" aria-required=\"true\" aria-invalid=\"false\" value=\"\" type=\"email\" name=\"email\" \/><\/span> <\/label>\n<\/p>\n<p><label> Asunto<br \/>\n<span class=\"wpcf7-form-control-wrap\" data-name=\"asunto\"><input size=\"40\" maxlength=\"400\" class=\"wpcf7-form-control wpcf7-text wpcf7-validates-as-required\" aria-required=\"true\" aria-invalid=\"false\" value=\"\" type=\"text\" name=\"asunto\" \/><\/span> <\/label>\n<\/p>\n<p><label> Mensaje (opcional)<br \/>\n<span class=\"wpcf7-form-control-wrap\" data-name=\"mensaje\"><textarea cols=\"40\" rows=\"10\" maxlength=\"2000\" class=\"wpcf7-form-control wpcf7-textarea\" aria-invalid=\"false\" name=\"mensaje\"><\/textarea><\/span> <\/label>\n<\/p>\n<p><small>En cumplimiento de la normativa vigente en materia de protecci\u00f3n de datos le informamos que:<br \/>\n- El RESPONSABLE DEL TRATAMIENTO es ASOCIACI\u00d3N DE INVESTIGACI\u00d3N DE LA INDUSTRIA DEL JUGUETE, CONEXAS Y AFINES (CIF: G03182862) ubicado en AV. DE LA INDUSTRIA, 23. 03440, IBI (ALICANTE). Tel\u00e9fono: 96 555 44 75.<br \/>\n- La FINALIDAD DEL TRATAMIENTO responder a las solicitudes de informaci\u00f3n recibida.<br \/>\n- La BASE LEGITIMADORA DEL TRATAMIENTO es el consentimiento del interesado.<br \/>\n- El PLAZOS DE CONSERVACI\u00d3N de los datos es hasta que el usuario no manifieste su derecho de supresi\u00f3n.<br \/>\n- Los DESTINATARIO DEL TRATAMIENTO de los datos personales recabados ser\u00e1n comunicados en todos aquellos casos en que sea necesario para el desarrollo, cumplimiento y control de la relaci\u00f3n formalizada, no ser\u00e1n en ning\u00fan caso cedidos a terceros ni hechos p\u00fablicos, salvo en los supuestos en que lo consienta o participe voluntariamente y por obligaciones legales expresas. No se realizan transferencias internacionales.<br \/>\n- Podr\u00e1 EJERCITAR SUS DERECHOS sobre protecci\u00f3n de datos (acceso, rectificaci\u00f3n, oposici\u00f3n, supresi\u00f3n, decisiones automatizadas, limitaci\u00f3n del tratamiento, portabilidad) por correo electr\u00f3nico en <a href=\"mailto:rgpd@aiju.es\">rgpd@aiju.es<\/a>. En cualquier caso, puede solicitar la tutela de la Agencia Espa\u00f1ola de Protecci\u00f3n de Datos a trav\u00e9s de su p\u00e1gina web <a href=\"https:\/\/www.aepd.es\/\">https:\/\/www.aepd.es\/<\/a>. Puede consultar m\u00e1s informaci\u00f3n acerca de la <a href=\"\/politica-de-privacidad\">pol\u00edtica de privacidad<\/a> aqu\u00ed <\/small>\n<\/p>\n<p><input class=\"wpcf7-form-control wpcf7-submit has-spinner\" type=\"submit\" value=\"Enviar\" \/>\n<\/p><div class=\"wpcf7-response-output\" aria-hidden=\"true\"><\/div>\n<\/form>\n<\/div>\n[\/vc_column][vc_column width=\u00bb1\/3&#8243;]<h3 class=\"headline font-inherit fontsize-l fontweight-inherit lh-inherit align-left transform-inherit \" style=\"margin: 0 0 20px 0;\">Contacto<\/h3><div class=\"divider divider5\" style='margin:0px 0 30px 0 !important;'><\/div>[vc_column_text]<\/p>\n<h4><strong>AIJU Instituto Tecnol\u00f3gico del Producto Infantil y de Ocio<\/strong><\/h4>\n<h5><i class=\"fa fa-map-marker minti-icon\" style=\"color:#009fe3 !important; font-size: 18px; margin: 0px 10px 0px 0px\"><\/i> Av. Industria, 23 \u2013 03440 Ibi (Alicante) SPAIN<\/h5>\n<h5><i class=\"fa fa-phone minti-icon\" style=\"color:#009fe3 !important; font-size: 18px; margin: 0px 10px 0px 0px\"><\/i> +34 965 55 44 75<\/h5>\n<h5><i class=\"fa fa-envelope minti-icon\" style=\"color:#009fe3 !important; font-size: 18px; margin: 0px 10px 0px 0px\"><\/i> <a href=\"mailto:proyectosseguridad@aiju.es\">proyectosseguridad@aiju.es<\/a><\/h5>\n<p>[\/vc_column_text][\/vc_column][\/vc_row]<\/p>\n<\/div>","protected":false},"excerpt":{"rendered":"<p>[vc_row][vc_column width=\u00bb2\/3&#8243;][\/vc_column][vc_column width=\u00bb1\/3&#8243;][vc_column_text] AIJU Instituto Tecnol\u00f3gico del Producto Infantil y de Ocio Av. Industria, 23 \u2013 03440 Ibi (Alicante) SPAIN +34 965 55 44 75 proyectosseguridad@aiju.es [\/vc_column_text][\/vc_column][\/vc_row]<\/p>\n","protected":false},"author":1,"featured_media":0,"parent":0,"menu_order":0,"comment_status":"closed","ping_status":"closed","template":"","meta":{"footnotes":""},"class_list":["post-317","page","type-page","status-publish","hentry"],"_links":{"self":[{"href":"https:\/\/www.counterrisk.eu\/es\/wp-json\/wp\/v2\/pages\/317","targetHints":{"allow":["GET"]}}],"collection":[{"href":"https:\/\/www.counterrisk.eu\/es\/wp-json\/wp\/v2\/pages"}],"about":[{"href":"https:\/\/www.counterrisk.eu\/es\/wp-json\/wp\/v2\/types\/page"}],"author":[{"embeddable":true,"href":"https:\/\/www.counterrisk.eu\/es\/wp-json\/wp\/v2\/users\/1"}],"replies":[{"embeddable":true,"href":"https:\/\/www.counterrisk.eu\/es\/wp-json\/wp\/v2\/comments?post=317"}],"version-history":[{"count":15,"href":"https:\/\/www.counterrisk.eu\/es\/wp-json\/wp\/v2\/pages\/317\/revisions"}],"predecessor-version":[{"id":441,"href":"https:\/\/www.counterrisk.eu\/es\/wp-json\/wp\/v2\/pages\/317\/revisions\/441"}],"wp:attachment":[{"href":"https:\/\/www.counterrisk.eu\/es\/wp-json\/wp\/v2\/media?parent=317"}],"curies":[{"name":"wp","href":"https:\/\/api.w.org\/{rel}","templated":true}]}}