{"id":508,"date":"2021-06-14T18:15:27","date_gmt":"2021-06-14T16:15:27","guid":{"rendered":"https:\/\/www.counterrisk.eu\/?page_id=508"},"modified":"2021-06-15T18:35:14","modified_gmt":"2021-06-15T16:35:14","slug":"politics-cookies","status":"publish","type":"page","link":"https:\/\/www.counterrisk.eu\/es\/politics-cookies\/","title":{"rendered":"Pol\u00edtica de cookies"},"content":{"rendered":"<h2 style=\"text-align: center;\"><strong>POL\u00cdTICA DE COOKIES DE WWW.COUNTERRISK.EU<\/strong><\/h2>\n<p style=\"text-align: center;\"><strong>Fecha de \u00faltima actualizaci\u00f3n: 14\/06\/21<\/strong><\/p>\n<h4><strong>\u00bfQU\u00c9 SON LAS COOKIES?<\/strong><\/h4>\n<p>Las cookies son\u00a0peque\u00f1os ficheros que se instalan en el disco duro o en el navegador del ordenador, tablet, smartphone o dispositivo equivalente con funciones de navegaci\u00f3n a trav\u00e9s de Internet y ayudan a, entre otros: personalizar los servicios del titular de la web, facilitar la navegaci\u00f3n y usabilidad a trav\u00e9s de la misma, obtener informaci\u00f3n agregada de los visitantes de la web, posibilitar la reproducci\u00f3n y visualizaci\u00f3n de contenido multimedia en la propia web, permitir elementos de interactuaci\u00f3n entre el usuario y la propia web, habilitar herramientas de seguridad, etc\u00e9tera.<\/p>\n<h4><strong>DEFINICIONES UTILIZADAS EN ESTA POL\u00cdTICA DE COOKIES<\/strong><\/h4>\n<ul>\n<li>Usabilidad web: puede definirse como la experiencia que tiene un usuario cuando navega, utiliza e interact\u00faa con una p\u00e1gina web<\/li>\n<li>Informaci\u00f3n agregada: informaci\u00f3n no nominal, t\u00edpicamente num\u00e9rica y a efectos de proporcionar informaci\u00f3n estad\u00edstica<\/li>\n<li>Equipo terminal: equipo (ordenador, smartphone, tablet, etc.) del usuario que navega por Internet<\/li>\n<li>Editor: responsable o titular de la p\u00e1gina web<\/li>\n<li>Tercero: entidad externa, colaboradora, prestadora de servicios o relacionada con el editor, interviniente en la gesti\u00f3n de algunas cookies<\/li>\n<li>Responsable de la cookie: el editor, responsable, titular de la p\u00e1gina web o, incluso, el tercero en algunos casos<\/li>\n<li>H\u00e1bitos de navegaci\u00f3n: tendencias que muestra el usuario cuando navega trav\u00e9s de una p\u00e1gina web como, por ejemplo, tiempo que visita la p\u00e1gina, partes que visita, secciones m\u00e1s frecuentes, origen de la visita, destino de la visita, entre otros.<\/li>\n<\/ul>\n<h4><strong>\u00bfQU\u00c9 TIPO DE COOKIES EXISTEN?<\/strong><\/h4>\n<p>Seg\u00fan la entidad que la gestiona:<\/p>\n<ul>\n<li><u>Cookies propias<\/u>: son aqu\u00e9llas que se env\u00edan al equipo terminal del usuario desde un equipo o dominio gestionado por el propio editor y desde el que se presta el servicio solicitado por el usuario.<\/li>\n<li><u>Cookies de terceros<\/u>: son aqu\u00e9llas que se env\u00edan al equipo terminal del usuario desde un equipo o dominio que no es gestionado por el editor, sino por otra entidad que trata los datos obtenidos trav\u00e9s de las cookies.<\/li>\n<\/ul>\n<p>Seg\u00fan el plazo de tiempo que permanecen activadas en el equipo terminal:<\/p>\n<ul>\n<li><u>Cookies de sesi\u00f3n<\/u>: son un tipo de cookies dise\u00f1adas para recabar y almacenar datos mientras el usuario accede a una p\u00e1gina web.<\/li>\n<li><u>Cookies persistentes<\/u>: son un tipo de cookies en el que los datos siguen almacenados en el terminal y pueden ser accedidos y tratados durante un periodo definido por el responsable de la cookie, y que puede ir de unos minutos a varios a\u00f1os.<\/li>\n<\/ul>\n<p>Seg\u00fan la finalidad\u00a0para la que se traten los datos obtenidos a trav\u00e9s de las cookies:<\/p>\n<ul>\n<li><u>Cookies t\u00e9cnicas<\/u>: son aqu\u00e9llas que permiten al usuario la navegaci\u00f3n a trav\u00e9s de una p\u00e1gina web, plataforma o aplicaci\u00f3n y la utilizaci\u00f3n de las diferentes opciones o servicios que en ella existan como, por ejemplo, controlar el tr\u00e1fico y la comunicaci\u00f3n de datos, identificar la sesi\u00f3n, acceder a partes de acceso restringido, recordar los elementos que integran un pedido, realizar el proceso de compra de un pedido, realizar la solicitud de inscripci\u00f3n o participaci\u00f3n en un evento, utilizar elementos de seguridad durante la navegaci\u00f3n, almacenar contenidos para la difusi\u00f3n de videos o sonido o compartir contenidos a trav\u00e9s de redes sociales.<\/li>\n<li><u>Cookies de personalizaci\u00f3n<\/u>: son aqu\u00e9llas que permiten al usuario acceder al servicio con algunas caracter\u00edsticas de car\u00e1cter general predefinidas en funci\u00f3n de una serie de criterios en el terminal del usuario como por ejemplo ser\u00edan el idioma, el tipo de navegador a trav\u00e9s del cual accede al servicio, la configuraci\u00f3n regional desde donde accede al servicio, etc.<\/li>\n<li><u>Cookies de an\u00e1lisis<\/u>: son aqu\u00e9llas que permiten al responsable de las mismas, el seguimiento y an\u00e1lisis del comportamiento de los usuarios de los sitios web a los que est\u00e1n vinculadas. La informaci\u00f3n recogida mediante este tipo de cookies se utiliza en la medici\u00f3n de la actividad de los sitios web, aplicaci\u00f3n o plataforma y para la elaboraci\u00f3n de perfiles de navegaci\u00f3n de los usuarios de dichos sitios, aplicaciones y plataformas, con el fin de introducir mejoras en funci\u00f3n del an\u00e1lisis de los datos de uso que hacen los usuarios del servicio.<\/li>\n<li><u>Cookies publicitarias<\/u>: son aqu\u00e9llas que permiten la gesti\u00f3n, de la forma m\u00e1s eficaz posible, de los espacios publicitarios que, en su caso, el editor haya incluido en una p\u00e1gina web, aplicaci\u00f3n o plataforma desde la que presta el servicio solicitado en base a criterios como el contenido editado o la frecuencia en la que se muestran los anuncio.<\/li>\n<li><u>Cookies de publicidad comportamental<\/u>: son aqu\u00e9llas que permiten la gesti\u00f3n, de la forma m\u00e1s eficaz posible, de los espacios publicitarios que, en su caso, el editor haya incluido en una p\u00e1gina web, aplicaci\u00f3n o plataforma desde la que presta el servicio solicitado. Estas cookies almacenan informaci\u00f3n del comportamiento de los usuarios obtenida a trav\u00e9s de la observaci\u00f3n continuada de sus h\u00e1bitos de navegaci\u00f3n, lo que permite desarrollar un perfil espec\u00edfico para mostrar publicidad en funci\u00f3n del mismo.<\/li>\n<\/ul>\n<p>&nbsp;<\/p>\n<h4><strong>EN CONCRETO, \u00bfQU\u00c9 COOKIES UTILIZAMOS?<\/strong><\/h4>\n<table class=\"custom-table-2\" width=\"100%\">\n<thead>\n<tr>\n<td width=\"68\"><strong>Nombre de la cookie<\/strong><\/td>\n<td width=\"126\"><strong>Servidor\/Dominio desde el que se env\u00eda<\/strong><\/td>\n<td width=\"158\"><strong>Finalidad<\/strong><\/td>\n<td width=\"73\"><strong>Permanencia<\/strong><\/td>\n<\/tr>\n<\/thead>\n<tbody>\n<tr>\n<td width=\"68\">cookieConsent<\/td>\n<td width=\"126\">counterrisk.eu<\/td>\n<td width=\"158\">Guarda las preferencias del usuario sobre las cookies<\/td>\n<td width=\"73\">1 a\u00f1o<\/td>\n<\/tr>\n<tr>\n<td width=\"68\">wp-settings-5<br \/>\nwp-settings-time-5<\/td>\n<td width=\"126\">counterrisk.eu<\/td>\n<td width=\"158\">Permitir la navegaci\u00f3n del Usuario en el Website e identificar, guardar y reutilizar sus preferencias (i.e. idioma, datos de sesi\u00f3n, usuario y contrase\u00f1a, etc.).<\/td>\n<td width=\"73\">1 a\u00f1o<\/td>\n<\/tr>\n<tr>\n<td width=\"68\">_grecaptcha<\/td>\n<td width=\"126\">google.com<\/td>\n<td width=\"158\">Se utiliza para distinguir entre humanos y robots<\/td>\n<td width=\"73\">persistente<\/td>\n<\/tr>\n<tr>\n<td width=\"68\">_ga<\/td>\n<td width=\"126\">google.com<\/td>\n<td width=\"158\">Permite que Google Analytics recoja datos generales y an\u00f3nimos sobre los visitantes de la web<\/td>\n<td width=\"73\">2 a\u00f1os<\/td>\n<\/tr>\n<\/tbody>\n<\/table>\n<p>&nbsp;<\/p>\n<h4><strong>\u00bfC\u00d3MO DESACTIVAR LAS COOKIES?<\/strong><\/h4>\n<p>El bloqueo o desactivaci\u00f3n de todas las cookies ayuda a proteger la privacidad, pero tambi\u00e9n puede limitar la experiencia en algunos sitios web, as\u00ed como limitar funcionalidades o, incluso, no permitir la correcta navegaci\u00f3n o utilizaci\u00f3n de algunos de sus servicios.\u00a0Si quieres saber c\u00f3mo desactivar las cookies en los navegadores web m\u00e1s populares, accede a los siguientes tutoriales:<\/p>\n<ul>\n<li><a href=\"http:\/\/support.google.com\/chrome\/answer\/95647?hl=es\">Google Chrome<\/a><\/li>\n<li><a href=\"http:\/\/support.mozilla.org\/es\/kb\/habilitar-y-deshabilitar-cookies-que-los-sitios-we\">Mozilla Firefox<\/a><\/li>\n<li><a href=\"http:\/\/windows.microsoft.com\/es-es\/windows-vista\/block-or-allow-cookies\">Internet Explorer<\/a><\/li>\n<li><a href=\"http:\/\/support.apple.com\/es-es\/HT1677\">Safari<\/a><\/li>\n<li><a href=\"http:\/\/support.google.com\/chrome\/answer\/2392971?hl=es\">Chrome para Android<\/a><\/li>\n<li><a href=\"http:\/\/help.opera.com\/Windows\/11.50\/es-ES\/cookies.html\">Opera<\/a><\/li>\n<\/ul>\n<p>Si tienes alguna pregunta o duda acerca de esta Pol\u00edtica de Cookies, puedes ponerte en contacto con nosotros a trav\u00e9s de\u00a0<a href=\"mailto:proyectosseguridad@aiju.es\">proyectosseguridad@aiju.es<\/a><\/p>\n<p>&nbsp;<\/p>\n","protected":false},"excerpt":{"rendered":"<p>POL\u00cdTICA DE COOKIES DE WWW.COUNTERRISK.EU Fecha de \u00faltima actualizaci\u00f3n: 14\/06\/21 \u00bfQU\u00c9 SON LAS COOKIES? Las cookies son\u00a0peque\u00f1os ficheros que se instalan en el disco duro o en el navegador del ordenador, tablet, smartphone o dispositivo equivalente con funciones de navegaci\u00f3n a trav\u00e9s de Internet y ayudan a, entre otros: personalizar los servicios del titular de la web, facilitar la navegaci\u00f3n y usabilidad a trav\u00e9s de la misma, obtener informaci\u00f3n agregada de los visitantes de la web, posibilitar la reproducci\u00f3n y visualizaci\u00f3n de contenido multimedia en la propia web, permitir elementos de interactuaci\u00f3n entre el usuario y la propia web, habilitar herramientas de seguridad, etc\u00e9tera. DEFINICIONES UTILIZADAS EN ESTA POL\u00cdTICA DE COOKIES Usabilidad web: puede definirse como la experiencia que tiene un usuario cuando navega, utiliza e interact\u00faa con una p\u00e1gina web Informaci\u00f3n agregada: informaci\u00f3n no nominal, t\u00edpicamente num\u00e9rica y a efectos de proporcionar informaci\u00f3n estad\u00edstica Equipo terminal: equipo (ordenador, smartphone, tablet, etc.) del usuario que navega por Internet Editor: responsable o titular de la p\u00e1gina web Tercero: entidad externa, colaboradora, prestadora de servicios o relacionada con el editor, interviniente en la gesti\u00f3n de algunas cookies Responsable de la cookie: el editor, responsable, titular de la p\u00e1gina web o, incluso, el [&hellip;]<\/p>\n","protected":false},"author":1,"featured_media":0,"parent":0,"menu_order":0,"comment_status":"closed","ping_status":"closed","template":"","meta":{"footnotes":""},"class_list":["post-508","page","type-page","status-publish","hentry"],"_links":{"self":[{"href":"https:\/\/www.counterrisk.eu\/es\/wp-json\/wp\/v2\/pages\/508","targetHints":{"allow":["GET"]}}],"collection":[{"href":"https:\/\/www.counterrisk.eu\/es\/wp-json\/wp\/v2\/pages"}],"about":[{"href":"https:\/\/www.counterrisk.eu\/es\/wp-json\/wp\/v2\/types\/page"}],"author":[{"embeddable":true,"href":"https:\/\/www.counterrisk.eu\/es\/wp-json\/wp\/v2\/users\/1"}],"replies":[{"embeddable":true,"href":"https:\/\/www.counterrisk.eu\/es\/wp-json\/wp\/v2\/comments?post=508"}],"version-history":[{"count":7,"href":"https:\/\/www.counterrisk.eu\/es\/wp-json\/wp\/v2\/pages\/508\/revisions"}],"predecessor-version":[{"id":829,"href":"https:\/\/www.counterrisk.eu\/es\/wp-json\/wp\/v2\/pages\/508\/revisions\/829"}],"wp:attachment":[{"href":"https:\/\/www.counterrisk.eu\/es\/wp-json\/wp\/v2\/media?parent=508"}],"curies":[{"name":"wp","href":"https:\/\/api.w.org\/{rel}","templated":true}]}}