{"id":1794,"date":"2022-10-05T12:28:57","date_gmt":"2022-10-05T10:28:57","guid":{"rendered":"https:\/\/www.counterrisk.eu\/materials\/"},"modified":"2023-05-30T15:25:31","modified_gmt":"2023-05-30T13:25:31","slug":"materials","status":"publish","type":"page","link":"https:\/\/www.counterrisk.eu\/fr\/materials\/","title":{"rendered":"Materials"},"content":{"rendered":"<div class=\"wpb-content-wrapper\"><p>[vc_row][vc_column width=\u00a0\u00bb1\/1&Prime;]<div class=\"toggle\"><div class=\"toggle-title \">Intellectual product O1 - NOOC 1 for consumer organizations<\/div><div class=\"toggle-inner\"><p>CounterRisk NOOC 1 (nano open online course) for consumer organizations. Available in five languages ES, EN, FR, CS and PT.<\/p>\n<p>Course aimed at the staff of consumer organisations and all those involved in consumer education and awareness activities.<\/p>\n<p>The course is offered on a mobile app and are consist of mini training pills, videos, infographics, activities, reading material, self-evaluation tests and case studies with augmented reality. The learning process is awarded with tokens, as gamification element.<\/p>\n<p>Topics covered from consumer organizations point of view: risks of counterfeit children&rsquo;s products, consumer protection, new technologies, intellectual property issues and product safety.<\/p>\n<p><a href=\"https:\/\/drive.google.com\/file\/d\/1t1jlZQfRZh7vyVC-h516RACxyXUS5V3l\/view\">Download<\/a> the apk on your mobile or tablet<\/p>\n<p>This App can also be found on Play Store (android devices) and App Store (ios devices)<\/p><\/div><\/div><div class=\"spacer\" style=\"height: 20px;\"><\/div><div class=\"toggle\"><div class=\"toggle-title \">Intellectual product O2 - NOOC 2 for industry<\/div><div class=\"toggle-inner\"><p>CounterRisk NOOC 2 (nano open online course) for industry of children&rsquo;s products, especially SME&rsquo;s. Available in five languages ES, EN, FR, CS and PT.<\/p>\n<p>Course aimed at the staff of companies of consumer goods for children.<\/p>\n<p>The course is offered on a mobile app and are consist of mini training pills, videos, infographics, activities, reading material, self-evaluation tests and case studies with augmented reality. The learning process is awarded with tokens, as gamification element.<\/p>\n<p>Topics covered from SMEs point of view: intellectual property, new technologies such as blockchain, children&rsquo;s products safety and consumer communication.<\/p>\n<p><a href=\"https:\/\/drive.google.com\/file\/d\/1UcBFqbdmzaTYvMNbBNgxfpWb6z3NZ-wh\/view?usp=sharing\">Download<\/a> the apk on your mobile or tablet.<\/p>\n<p>Available on Play Store (android devices) and App Store (iOS devices).<\/p><\/div><\/div><div class=\"spacer\" style=\"height: 20px;\"><\/div><div class=\"toggle\"><div class=\"toggle-title \">Results of the Erasmus Days webinar<\/div><div class=\"toggle-inner\"><p><a href=\"https:\/\/www.counterrisk.eu\/wp-content\/uploads\/2022\/10\/Webinar-Erasmus-Days-22-1_compressed.pdf\" target=\"_blank\" class=\"button color-1 medium \" style=\"border-radius: 2px;\"><i class='fa fa-download'><\/i>Download<\/a>\n<p><span class=\"x_ContentPasted0\">Material\u00a0from the webinar \u00ab\u00a0<\/span><i><span class=\"x_ContentPasted0\">Nuevos horizontes en seguridad en la UE. Implicaciones para los productos infantiles.\u00a0Las falsificaciones: un problema grave para la salud de los m\u00e1s peque\u00f1os\u00a0\u00bb<\/span><\/i><b><span class=\"x_ContentPasted0\">\u00a0<\/span><\/b><span class=\"x_ContentPasted0\">provided by AIJU within Erasmus Days initiative of 2022.<\/span><\/p>\n<p><a href=\"https:\/\/youtu.be\/4UR7-2boVnA\">Recording<\/a><\/p><\/div><\/div><div class=\"spacer\" style=\"height: 20px;\"><\/div><div class=\"toggle\"><div class=\"toggle-title \">Results of the C1 short-term joint staff training event<\/div><div class=\"toggle-inner\"><p><a href=\"https:\/\/bit.ly\/3RVI4Ve\" target=\"_blank\" rel=\"noopener\">Download<\/a><\/p>\n<p><span class=\"x_ContentPasted0\"><span class=\"x_ContentPasted0\" lang=\"en-GB\">Event organized by the Centre for International Intellectual Property Studies (CEIPI) of the University of Strasbourg (France). Topics addressed from the businesses point of view: legal aspects of intellectual and industrial property, the blockchain applied to product and company protection, children\u2019s product safety regulations, building consumer trust in the industry.\u00a0<\/span><\/span><\/p><\/div><\/div><div class=\"spacer\" style=\"height: 20px;\"><\/div><div class=\"toggle\"><div class=\"toggle-title \">Results of the online staff training event<\/div><div class=\"toggle-inner\"><p><a href=\"https:\/\/bit.ly\/3s1DRoh\" target=\"_blank\" rel=\"noopener\">Download<\/a><\/p>\n<p><span class=\"x_ContentPasted0\"><span class=\"x_ContentPasted0\" lang=\"en-GB\">Material from the\u00a0\u00a0knowledge exchange online session for the staff of the\u00a0\u00a0European organizations that\u00a0\u00a0form the\u00a0\u00a0CounterRisk consortium. Topics addressed from the consumer point of view: European regulation, environmental problems arising from counterfeiting, introduction to blockchain technology, risks of counterfeit products. \u00a0<\/span><\/span><\/p><\/div><\/div><div class=\"spacer\" style=\"height: 20px;\"><\/div><div class=\"toggle\"><div class=\"toggle-title \">Results of the first multiplier event hosted by Lucentia Lab<\/div><div class=\"toggle-inner\"><p><a href=\"https:\/\/drive.google.com\/file\/d\/1gKwHEcGkhEek4dTVE9WZq8LpSTAXqKUJ\/view?usp=share_link\" target=\"_blank\" rel=\"noopener\">Download<\/a><\/p>\n<p>Material from the first multiplier event \u00ab\u00a0<em>New technologies and mechanisms to protect child consumers from counterfeits. CounterRisk NOOC: what consumers need to know<\/em>\u00a0\u00bb hosted by Lucentia Lab in September 2022.<\/p>\n<p>Topics adressed included the risks of counterfeit products and how to identify them, impact on industry, the role of IP, and how new technologies, including blockchain, can contribute to product protection. Presentation of NOOC for consumers.<\/p><\/div><\/div><div class=\"spacer\" style=\"height: 20px;\"><\/div><div class=\"toggle\"><div class=\"toggle-title \">Results of the final multiplier event hosted by AIJU<\/div><div class=\"toggle-inner\"><p><a href=\"https:\/\/drive.google.com\/file\/d\/1Ga2MmY_W7nEX9RXSZ7TzejuDhx2rR-hn\/view?usp=share_link\" target=\"_blank\" rel=\"noopener\">Download<\/a><\/p>\n<p>Material from the final multiplier event hosted by AIJU\u00a0 on 16 March 2023 \u00ab\u00a0<em>New European legal framework for consumer products. Implication for children&rsquo;s products safety. Presentation of CounterRisk training tools<\/em>\u00ab\u00a0.<\/p>\n<p>Among the topics addressed were the hidden risks of counterfeit products, how to defend your company against them, novelties for children\u2019s products in the new European legal framework and activities carried out by market surveillance authorities, intellectual and industrial property and the role of new technologies for brand protection. Presentation of CounterRisk training tools.<\/p><\/div><\/div><div class=\"spacer\" style=\"height: 20px;\"><\/div><div class=\"toggle\"><div class=\"toggle-title \">Results of the multiplier event hosted by SHH<\/div><div class=\"toggle-inner\"><p><a href=\"https:\/\/drive.google.com\/file\/d\/1ulKB1UVpDYQ9LDpJo9I4Wulb-thDAejR\/view?usp=share_link\" target=\"_blank\" rel=\"noopener\">Download<\/a><\/p>\n<p>Material from the multiplier event hosted by SHH on 30 March 2023 \u00ab\u00a0<em>Semin\u00e1\u0159 o boji proti pad\u011blk\u016fm hra\u010dek a prezentaci projektu CounterRisk<\/em>\u00ab\u00a0. <em>Seminar on the fight against counterfeit toys and presentation of the CounterRisk project.<\/em><\/p>\n<p>Among the topics addressed there was the presentation of CounterRisk training tools, the issue of fighting against counterfeits, intellectual property rights and the application of new technologies for product protection.<\/p><\/div><\/div><div class=\"spacer\" style=\"height: 20px;\"><\/div><div class=\"toggle\"><div class=\"toggle-title \">NOOC1 competences for consumer organizations and consumer educators<\/div><div class=\"toggle-inner\"><p><a href=\"https:\/\/www.counterrisk.eu\/wp-content\/uploads\/2023\/01\/EN-nooc.pdf\" target=\"_blank\" class=\"button color-1 medium \" style=\"border-radius: 2px;\"><i class='fa fa-download'><\/i>Download<\/a>\n<p>What you will learn about counterfeit children&rsquo;s products.<\/p><\/div><\/div><div class=\"spacer\" style=\"height: 20px;\"><\/div><div class=\"toggle\"><div class=\"toggle-title \">NOOC2 competences for businesses in children&#039;s products sector<\/div><div class=\"toggle-inner\"><p><a href=\"https:\/\/www.counterrisk.eu\/wp-content\/uploads\/2023\/02\/NOOC2-EN-1.pdf\" target=\"_blank\" class=\"button color-1 medium \" style=\"border-radius: 2px;\"><i class='fa fa-download'><\/i>Download<\/a>\n<p>What you will learn in CounterRisk NOOC for industry.<\/p><\/div><\/div><div class=\"spacer\" style=\"height: 20px;\"><\/div><div class=\"toggle\"><div class=\"toggle-title \">Dissemination and awareness material for consumer organizations<\/div><div class=\"toggle-inner\"><p><a href=\"https:\/\/drive.google.com\/file\/d\/1fAamPq4CBBA0ygtQ7zvRBdXm7EGQHGrH\/view?usp=share_link\">Download<\/a><\/p>\n<p>Dissemination and awareness material from CounterRisk social networks aimed at consumer organizations.<\/p><\/div><\/div><div class=\"spacer\" style=\"height: 20px;\"><\/div><div class=\"toggle\"><div class=\"toggle-title \">Dissemination and awareness material for businesses in children&#039;s products sector<\/div><div class=\"toggle-inner\"><p><a href=\"https:\/\/drive.google.com\/file\/d\/1GFKGRLmYyaJrANE84u4rEFswvC3TH6Yb\/view?usp=share_link\">Download<\/a><\/p>\n<p>Dissemination and awareness material from CounterRisk social networks aimed at businesses in children&rsquo;s products sector.<\/p><\/div><\/div><div class=\"spacer\" style=\"height: 20px;\"><\/div><div class=\"toggle\"><div class=\"toggle-title \">Lessons learned<\/div><div class=\"toggle-inner\"><p><a href=\"https:\/\/www.counterrisk.eu\/wp-content\/uploads\/2023\/05\/lessons-learned-1.pdf\" target=\"_blank\" class=\"button color-1 medium \" style=\"border-radius: 2px;\"><i class='fa fa-download'><\/i>Download<\/a>\n<p>Lessons learned by the CounterRisk consortium. Lessons learned can be used to identify project management process improvements and the strengths of the project.<\/p><\/div><\/div>[\/vc_column][\/vc_row]<\/p>\n<\/div>","protected":false},"excerpt":{"rendered":"<p>[vc_row][vc_column width=\u00a0\u00bb1\/1&Prime;][\/vc_column][\/vc_row]<\/p>\n","protected":false},"author":1,"featured_media":0,"parent":0,"menu_order":0,"comment_status":"closed","ping_status":"closed","template":"","meta":{"footnotes":""},"class_list":["post-1794","page","type-page","status-publish","hentry"],"_links":{"self":[{"href":"https:\/\/www.counterrisk.eu\/fr\/wp-json\/wp\/v2\/pages\/1794","targetHints":{"allow":["GET"]}}],"collection":[{"href":"https:\/\/www.counterrisk.eu\/fr\/wp-json\/wp\/v2\/pages"}],"about":[{"href":"https:\/\/www.counterrisk.eu\/fr\/wp-json\/wp\/v2\/types\/page"}],"author":[{"embeddable":true,"href":"https:\/\/www.counterrisk.eu\/fr\/wp-json\/wp\/v2\/users\/1"}],"replies":[{"embeddable":true,"href":"https:\/\/www.counterrisk.eu\/fr\/wp-json\/wp\/v2\/comments?post=1794"}],"version-history":[{"count":29,"href":"https:\/\/www.counterrisk.eu\/fr\/wp-json\/wp\/v2\/pages\/1794\/revisions"}],"predecessor-version":[{"id":2266,"href":"https:\/\/www.counterrisk.eu\/fr\/wp-json\/wp\/v2\/pages\/1794\/revisions\/2266"}],"wp:attachment":[{"href":"https:\/\/www.counterrisk.eu\/fr\/wp-json\/wp\/v2\/media?parent=1794"}],"curies":[{"name":"wp","href":"https:\/\/api.w.org\/{rel}","templated":true}]}}