{"id":903,"date":"2021-05-31T19:04:34","date_gmt":"2021-05-31T17:04:34","guid":{"rendered":"https:\/\/www.counterrisk.eu\/el-proyecto\/"},"modified":"2021-07-27T11:54:20","modified_gmt":"2021-07-27T09:54:20","slug":"le-projet","status":"publish","type":"page","link":"https:\/\/www.counterrisk.eu\/fr\/le-projet\/","title":{"rendered":"Le projet"},"content":{"rendered":"<div class=\"wpb-content-wrapper\"><p>[vc_row top_padding=\u00a0\u00bb80&Prime;][vc_column animation=\u00a0\u00bbfade-in-from-left\u00a0\u00bb column_center=\u00a0\u00bbtrue\u00a0\u00bb width=\u00a0\u00bb2\/3&Prime; delay=\u00a0\u00bb400&Prime;]<div class=\"headline font-inherit fontsize-m fontweight-inherit lh-15 align-left transform-inherit \" style=\"margin: 0 0 20px 0;\">CounterRisk est un projet transnational, financ\u00e9 par le programme Erasmus+ de la Commission europ\u00e9enne, qui vise \u00e0 d\u00e9velopper des ressources \u00e9ducatives ouvertes sur les TIC sur la fa\u00e7on de lutter contre la contrefa\u00e7on des produits pour enfants, abordant la protection des droits de propri\u00e9t\u00e9 intellectuelle, la s\u00e9curit\u00e9 des produits pour enfants et comment les nouvelles technologies, telles que la blockchain, peuvent aider \u00e0 prot\u00e9ger les produits et \u00e0 am\u00e9liorer leur s\u00e9curit\u00e9.<\/div>[\/vc_column][vc_column animation=\u00a0\u00bbfade-in-from-right\u00a0\u00bb width=\u00a0\u00bb1\/3&Prime; delay=\u00a0\u00bb400&Prime;]<div class=\"single_image wpb_content_element align-center   image_greyscale \" data-animation=\"none\" data-delay=\"0\"><img loading=\"lazy\" decoding=\"async\" width=\"509\" height=\"339\" src=\"https:\/\/www.counterrisk.eu\/wp-content\/uploads\/2021\/06\/real-falso.png\" class=\"attachment-full\" alt=\"\" title=\"real-falso\" srcset=\"https:\/\/www.counterrisk.eu\/wp-content\/uploads\/2021\/06\/real-falso.png 509w, https:\/\/www.counterrisk.eu\/wp-content\/uploads\/2021\/06\/real-falso-300x200.png 300w\" sizes=\"auto, (max-width: 509px) 100vw, 509px\" \/><\/div>[\/vc_column][\/vc_row][vc_row top_padding=\u00a0\u00bb40&Prime; bottom_padding=\u00a0\u00bb40&Prime;][vc_column width=\u00a0\u00bb2\/3&Prime;]<div class=\"headline font-inherit fontsize-m fontweight-600 lh-inherit align-left transform-inherit \" style=\"margin: 0 0px 30px 0;\">Le projet s&rsquo;adresse principalement \u00e0 deux groupes cibles :<\/div><div class=\"iconbox  wpb_content_element iconbox-style-2 icon-color-accent color-dark clearfix\"><div class=\"iconbox-icon\"><img src='https:\/\/www.counterrisk.eu\/wp-content\/uploads\/2021\/05\/cub.png' class='iconimg' alt='' \/><\/div><div class=\"iconbox-content\"><h3><\/h3><p>les <strong>professionnels<\/strong> des entreprises de produits pour enfants, en particulier les PME, et<\/p><\/div><\/div><div class=\"iconbox  wpb_content_element iconbox-style-2 icon-color-accent color-dark clearfix\"><div class=\"iconbox-icon\"><img src='https:\/\/www.counterrisk.eu\/wp-content\/uploads\/2021\/05\/cub.png' class='iconimg' alt='' \/><\/div><div class=\"iconbox-content\"><h3><\/h3><p><strong>le personnel technique des organisations de consommateurs<\/strong>, en tant que groupe cible qui est en contact avec les personnes qui ach\u00e8tent des produits de consommation pour enfants, \u00e0 la fois en ligne et dans les magasins.<\/p><\/div><\/div>[\/vc_column][vc_column width=\u00a0\u00bb1\/3&Prime;]<div class=\"headline font-inherit fontsize-m fontweight-600 lh-inherit align-left transform-inherit \" style=\"margin: 0 0 30px 0;\">Autres b\u00e9n\u00e9ficiaires :<\/div>[vc_column_text]personnels des administrations publiques en charge des activit\u00e9s de surveillance du march\u00e9 et d&rsquo;\u00e9ducation des consommateurs, enseignants et \u00e9tudiants des disciplines li\u00e9es aux th\u00e9matiques du projet, et tout individu en g\u00e9n\u00e9ral.[\/vc_column_text][\/vc_column][\/vc_row][vc_row bg_image=\u00a0\u00bb204&Prime; text_color=\u00a0\u00bblight\u00a0\u00bb top_padding=\u00a0\u00bb80&Prime; bottom_padding=\u00a0\u00bb80&Prime;][vc_column width=\u00a0\u00bb1\/1&Prime;]<h3 class=\"headline font-special fontsize-xxl fontweight-inherit lh-inherit align-left transform-inherit \" style=\"margin: 0 30px 0px 0;\">Objectifs<\/h3><div class=\"spacer\" style=\"height: 40px;\"><\/div><div class=\"minti_boxedholder   clearfix\" style=\"padding: 40px 40px 40px 40px; margin: 0px 0px 0px 0px; background-color: rgba(12,12,12,0.6); \">[vc_column_text]La contrefa\u00e7on est \u00e0 la fois \u00e9conomiquement dommageable pour les entreprises et pour la sant\u00e9 des consommateurs. Dans le cas des produits pour enfants, les produits contrefaits pr\u00e9sentent un risque grave pour la sant\u00e9 des consommateurs les plus vuln\u00e9rables, comme les enfants. Selon l&rsquo;\u00e9tude de l&rsquo;EUIPO \u00ab\u00a0\u00c9tude qualitative sur les risques que repr\u00e9sentent les contrefa\u00e7ons pour les consommateurs, 2019\u00a0\u00bb, 80% des produits contrefaits dangereux, \u00e9taient des produits pour enfants.[\/vc_column_text][vc_column_text]L&rsquo;objectif ultime du projet CounterRisk est d&rsquo;aider \u00e0 am\u00e9liorer les comp\u00e9tences cl\u00e9s des professionnels (PME et associations de consommateurs) pour se <strong>prot\u00e9ger de la contrefa\u00e7on<\/strong> gr\u00e2ce \u00e0 une meilleure connaissance de la propri\u00e9t\u00e9 intellectuelle et de la s\u00e9curit\u00e9 des produits destin\u00e9s aux enfants et d&rsquo;informer de la mani\u00e8re dont la mise en \u0153uvre de nouvelles technologies dans les produits peut contribuer \u00e0 garantir leur authenticit\u00e9 aux autorit\u00e9s et aux consommateurs.[\/vc_column_text]<\/div>[\/vc_column][vc_column animation=\u00a0\u00bbfade-in-from-left\u00a0\u00bb width=\u00a0\u00bb1\/2&Prime; delay=\u00a0\u00bb300&Prime;][\/vc_column][vc_column animation=\u00a0\u00bbfade-in-from-right\u00a0\u00bb width=\u00a0\u00bb1\/2&Prime; delay=\u00a0\u00bb300&Prime;][\/vc_column][\/vc_row][vc_row top_padding=\u00a0\u00bb80&Prime; bottom_padding=\u00a0\u00bb60&Prime;][vc_column width=\u00a0\u00bb1\/1&Prime;]<h3 class=\"headline font-special fontsize-xxl fontweight-inherit lh-inherit align-center transform-inherit \" style=\"margin: 0 0px 0px 0;\">Principaux r\u00e9sultats du projet<\/h3><h3 class=\"headline font-special fontsize-xl fontweight-inherit lh-inherit align-center transform-inherit \" style=\"margin: 0 0px 0px 0; color: #1e73be;\">Production intellectuelle attendue<\/h3><div class=\"spacer\" style=\"height: 40px;\"><\/div>[\/vc_column][vc_column width=\u00a0\u00bb1\/2&Prime;]<div class=\"iconbox  wpb_content_element iconbox-style-5 icon-color-accent color-dark clearfix\"><div class=\"iconbox-icon\"><i class=\"fa fa-arrow-right boxicon\" style=\"\"><\/i><\/div><div class=\"iconbox-content\"><h3>1. NOOC pour les organisations de consommateurs<\/h3><p>cours en ligne gratuit et ouvert sous la forme d&rsquo;un NOOC, sp\u00e9cialement con\u00e7u pour le personnel des associations de consommateurs et autres professionnels impliqu\u00e9s dans les activit\u00e9s de sensibilisation et d&rsquo;\u00e9ducation des consommateurs.<\/p>\n<p>pourquoi et comment \u00e9viter d&rsquo;acheter des produits contrefaits pour les enfants<\/p><\/div><\/div>[\/vc_column][vc_column width=\u00a0\u00bb1\/2&Prime;]<div class=\"iconbox  wpb_content_element iconbox-style-5 icon-color-accent color-dark clearfix\"><div class=\"iconbox-icon\"><i class=\"fa fa-arrow-right boxicon\" style=\"\"><\/i><\/div><div class=\"iconbox-content\"><h3>2. NOOC pour les entreprises qui op\u00e9rent dans le secteur des produits pour enfants<\/h3><p>destin\u00e9 au personnel des entreprises du secteur, notamment les PME.<\/p>\n<p>prot\u00e9gez votre produit et votre entreprise gr\u00e2ce \u00e0 la propri\u00e9t\u00e9 intellectuelle, la s\u00e9curit\u00e9 des produits et les nouvelles technologies.<\/p><\/div><\/div>[\/vc_column][\/vc_row][vc_row bg_color=\u00a0\u00bb#ddedfc\u00a0\u00bb top_padding=\u00a0\u00bb40&Prime; bottom_padding=\u00a0\u00bb40&Prime;][vc_column column_padding=\u00a0\u00bbpadding-2&Prime; width=\u00a0\u00bb1\/3&Prime;]<h3 class=\"headline font-special fontsize-xxl fontweight-inherit lh-15 align-left transform-inherit \" style=\"margin: 0px 0px 0px 0;\">\u00c0 quoi ressemblent les NOOC CounterRisk\u00a0?<\/h3><div class=\"divider divider5\" style='margin:30px 0 30px 0 !important;'><\/div><div class=\"single_image wpb_content_element align-left    \" data-animation=\"none\" data-delay=\"0\"><img loading=\"lazy\" decoding=\"async\" width=\"608\" height=\"551\" src=\"https:\/\/www.counterrisk.eu\/wp-content\/uploads\/2021\/06\/ilustracion.png\" class=\"attachment-full\" alt=\"\" title=\"ilustracion\" srcset=\"https:\/\/www.counterrisk.eu\/wp-content\/uploads\/2021\/06\/ilustracion.png 608w, https:\/\/www.counterrisk.eu\/wp-content\/uploads\/2021\/06\/ilustracion-300x272.png 300w\" sizes=\"auto, (max-width: 608px) 100vw, 608px\" \/><\/div>[\/vc_column][vc_column column_padding=\u00a0\u00bbpadding-2&Prime; width=\u00a0\u00bb1\/3&Prime;]<div class=\"iconbox  wpb_content_element iconbox-style-2 icon-color-accent color-dark clearfix\"><div class=\"iconbox-icon\"><i class=\"fa sl-briefcase boxicon\" style=\"\"><\/i><\/div><div class=\"iconbox-content\"><h3>Th\u00e8mes<\/h3><p>produits pour enfants &#8211; propri\u00e9t\u00e9 intellectuelle &#8211; s\u00e9curit\u00e9 des produits &#8211; nouvelles technologies appliqu\u00e9es \u00e0 la protection et \u00e0 la gestion de la s\u00e9curit\u00e9 des produits &#8211; blockchain.<\/p><\/div><\/div><div class=\"iconbox  wpb_content_element iconbox-style-2 icon-color-accent color-dark clearfix\"><div class=\"iconbox-icon\"><i class=\"fa sl-social-youtube boxicon\" style=\"\"><\/i><\/div><div class=\"iconbox-content\"><h3>Capsules d&#039;apprentissage (training pills)<\/h3><p>avec des vid\u00e9os divertissantes, des infographies, du mat\u00e9riel de lecture, des quiz, des activit\u00e9s, etc.<\/p><\/div><\/div><div class=\"iconbox  wpb_content_element iconbox-style-2 icon-color-accent color-dark clearfix\"><div class=\"iconbox-icon\"><i class=\"fa sl-link boxicon\" style=\"\"><\/i><\/div><div class=\"iconbox-content\"><h3>Outils type &#039;game&#039;<\/h3><p>d\u00e9couvrez la technologie blockchain pendant que vous apprenez. Gagnez des bonus (tokens) pour acc\u00e9der \u00e0 de nouvelles ressources et \u00e9valuer vos nouvelles comp\u00e9tences apr\u00e8s avoir termin\u00e9 le cours.<\/p><\/div><\/div><div class=\"iconbox  wpb_content_element iconbox-style-2 icon-color-accent color-dark clearfix\"><div class=\"iconbox-icon\"><i class=\"fa sl-eye boxicon\" style=\"\"><\/i><\/div><div class=\"iconbox-content\"><h3>R\u00e9alit\u00e9 augment\u00e9e<\/h3><p>Amusez-vous avec des \u00e9tudes de cas qui utilisent la r\u00e9alit\u00e9 augment\u00e9e.<\/p><\/div><\/div>[\/vc_column][vc_column column_padding=\u00a0\u00bbpadding-2&Prime; width=\u00a0\u00bb1\/3&Prime;]<div class=\"iconbox  wpb_content_element iconbox-style-2 icon-color-accent color-dark clearfix\"><div class=\"iconbox-icon\"><i class=\"fa sl-earphones boxicon\" style=\"\"><\/i><\/div><div class=\"iconbox-content\"><h3>Apprenez selon votre envie et besoin<\/h3><p>Les supports de formation peuvent \u00eatre utilis\u00e9s dans une approche structur\u00e9e, cours apr\u00e8s cours, ou ind\u00e9pendamment. Prenez la capsule d&rsquo;apprentissage (learning pill) dont vous avez besoin \u00e0 tout moment.<\/p><\/div><\/div><div class=\"iconbox  wpb_content_element iconbox-style-2 icon-color-accent color-dark clearfix\"><div class=\"iconbox-icon\"><i class=\"fa sl-like boxicon\" style=\"\"><\/i><\/div><div class=\"iconbox-content\"><h3>Acc\u00e8s gratuit pour tous<\/h3><p>Pour acc\u00e9der aux NOOCs, il vous suffit d&rsquo;avoir acc\u00e8s \u00e0 une connexion internet et \u00e0 un appareil iOS ou Android (smartphone ou tablette)<\/p><\/div><\/div><div class=\"iconbox  wpb_content_element iconbox-style-2 icon-color-accent color-dark clearfix\"><div class=\"iconbox-icon\"><i class=\"fa sl-emoticon-smile boxicon\" style=\"\"><\/i><\/div><div class=\"iconbox-content\"><h3>Gratuit<\/h3><p>Tous les produits seront disponibles gratuitement en format num\u00e9rique sur Internet, sur le site web du projet et sur la plateforme Erasmus+, pour la diffusion des r\u00e9sultats des projets Erasmus+.<\/p><\/div><\/div><div class=\"iconbox  wpb_content_element iconbox-style-2 icon-color-accent color-dark clearfix\"><div class=\"iconbox-icon\"><i class=\"fa sl-flag boxicon\" style=\"\"><\/i><\/div><div class=\"iconbox-content\"><h3>Langues<\/h3><p>NOOCs en anglais, espagnol, fran\u00e7ais, tch\u00e8que et portugais<\/p><\/div><\/div>[\/vc_column][\/vc_row][vc_row bg_color=\u00a0\u00bb#1e73be\u00a0\u00bb text_color=\u00a0\u00bblight\u00a0\u00bb text_align=\u00a0\u00bbcenter\u00a0\u00bb top_padding=\u00a0\u00bb30&Prime; bottom_padding=\u00a0\u00bb30&Prime;][vc_column width=\u00a0\u00bb1\/1&Prime;]<h1 class=\"headline font-special fontsize-xxxl fontweight-inherit lh-inherit align-center transform-inherit \" style=\"margin: 0 0 0px 0;\">DUREE DU PROJET<\/h1><h1 class=\"headline font-special fontsize-m fontweight-inherit lh-inherit align-center transform-inherit \" style=\"margin: 0 0 20px 0;\">Date de d\u00e9but : 01\/12\/20 &#8211; Date de fin : 31\/03\/2023<\/h1>[\/vc_column][\/vc_row]<\/p>\n<\/div>","protected":false},"excerpt":{"rendered":"<p>[vc_row top_padding=\u00a0\u00bb80&Prime;][vc_column animation=\u00a0\u00bbfade-in-from-left\u00a0\u00bb column_center=\u00a0\u00bbtrue\u00a0\u00bb width=\u00a0\u00bb2\/3&Prime; delay=\u00a0\u00bb400&Prime;][\/vc_column][vc_column animation=\u00a0\u00bbfade-in-from-right\u00a0\u00bb width=\u00a0\u00bb1\/3&Prime; delay=\u00a0\u00bb400&Prime;][\/vc_column][\/vc_row][vc_row top_padding=\u00a0\u00bb40&Prime; bottom_padding=\u00a0\u00bb40&Prime;][vc_column width=\u00a0\u00bb2\/3&Prime;][\/vc_column][vc_column width=\u00a0\u00bb1\/3&Prime;][vc_column_text]personnels des administrations publiques en charge des activit\u00e9s de surveillance du march\u00e9 et d&rsquo;\u00e9ducation des consommateurs, enseignants et \u00e9tudiants des disciplines li\u00e9es aux th\u00e9matiques du projet, et tout individu en g\u00e9n\u00e9ral.[\/vc_column_text][\/vc_column][\/vc_row][vc_row bg_image=\u00a0\u00bb204&Prime; text_color=\u00a0\u00bblight\u00a0\u00bb top_padding=\u00a0\u00bb80&Prime; bottom_padding=\u00a0\u00bb80&Prime;][vc_column width=\u00a0\u00bb1\/1&Prime;][\/vc_column][vc_column animation=\u00a0\u00bbfade-in-from-left\u00a0\u00bb width=\u00a0\u00bb1\/2&Prime; delay=\u00a0\u00bb300&Prime;][\/vc_column][vc_column animation=\u00a0\u00bbfade-in-from-right\u00a0\u00bb width=\u00a0\u00bb1\/2&Prime; delay=\u00a0\u00bb300&Prime;][\/vc_column][\/vc_row][vc_row top_padding=\u00a0\u00bb80&Prime; bottom_padding=\u00a0\u00bb60&Prime;][vc_column width=\u00a0\u00bb1\/1&Prime;][\/vc_column][vc_column width=\u00a0\u00bb1\/2&Prime;][\/vc_column][vc_column width=\u00a0\u00bb1\/2&Prime;][\/vc_column][\/vc_row][vc_row bg_color=\u00a0\u00bb#ddedfc\u00a0\u00bb top_padding=\u00a0\u00bb40&Prime; bottom_padding=\u00a0\u00bb40&Prime;][vc_column column_padding=\u00a0\u00bbpadding-2&Prime; width=\u00a0\u00bb1\/3&Prime;][\/vc_column][vc_column column_padding=\u00a0\u00bbpadding-2&Prime; width=\u00a0\u00bb1\/3&Prime;][\/vc_column][vc_column column_padding=\u00a0\u00bbpadding-2&Prime; width=\u00a0\u00bb1\/3&Prime;][\/vc_column][\/vc_row][vc_row bg_color=\u00a0\u00bb#1e73be\u00a0\u00bb text_color=\u00a0\u00bblight\u00a0\u00bb text_align=\u00a0\u00bbcenter\u00a0\u00bb top_padding=\u00a0\u00bb30&Prime; bottom_padding=\u00a0\u00bb30&Prime;][vc_column width=\u00a0\u00bb1\/1&Prime;][\/vc_column][\/vc_row]<\/p>\n","protected":false},"author":1,"featured_media":0,"parent":0,"menu_order":0,"comment_status":"closed","ping_status":"closed","template":"","meta":{"footnotes":""},"class_list":["post-903","page","type-page","status-publish","hentry"],"_links":{"self":[{"href":"https:\/\/www.counterrisk.eu\/fr\/wp-json\/wp\/v2\/pages\/903","targetHints":{"allow":["GET"]}}],"collection":[{"href":"https:\/\/www.counterrisk.eu\/fr\/wp-json\/wp\/v2\/pages"}],"about":[{"href":"https:\/\/www.counterrisk.eu\/fr\/wp-json\/wp\/v2\/types\/page"}],"author":[{"embeddable":true,"href":"https:\/\/www.counterrisk.eu\/fr\/wp-json\/wp\/v2\/users\/1"}],"replies":[{"embeddable":true,"href":"https:\/\/www.counterrisk.eu\/fr\/wp-json\/wp\/v2\/comments?post=903"}],"version-history":[{"count":3,"href":"https:\/\/www.counterrisk.eu\/fr\/wp-json\/wp\/v2\/pages\/903\/revisions"}],"predecessor-version":[{"id":907,"href":"https:\/\/www.counterrisk.eu\/fr\/wp-json\/wp\/v2\/pages\/903\/revisions\/907"}],"wp:attachment":[{"href":"https:\/\/www.counterrisk.eu\/fr\/wp-json\/wp\/v2\/media?parent=903"}],"curies":[{"name":"wp","href":"https:\/\/api.w.org\/{rel}","templated":true}]}}