{"id":908,"date":"2021-06-02T18:11:49","date_gmt":"2021-06-02T16:11:49","guid":{"rendered":"https:\/\/www.counterrisk.eu\/faqs\/"},"modified":"2021-07-27T12:02:57","modified_gmt":"2021-07-27T10:02:57","slug":"faqs","status":"publish","type":"page","link":"https:\/\/www.counterrisk.eu\/fr\/faqs\/","title":{"rendered":"FAQS"},"content":{"rendered":"<div class=\"wpb-content-wrapper\"><p>[vc_row bottom_padding=\u00a0\u00bb40&Prime;][vc_column el_class=\u00a0\u00bbhidden-xs\u00a0\u00bb width=\u00a0\u00bb1\/6&Prime;]<div class=\"single_image wpb_content_element align-center    \" data-animation=\"none\" data-delay=\"0\"><img loading=\"lazy\" decoding=\"async\" width=\"75\" height=\"300\" src=\"https:\/\/www.counterrisk.eu\/wp-content\/uploads\/2021\/06\/cubs-trans-75x300.png\" class=\"attachment-medium\" alt=\"\" title=\"cubs-trans\" srcset=\"https:\/\/www.counterrisk.eu\/wp-content\/uploads\/2021\/06\/cubs-trans-75x300.png 75w, https:\/\/www.counterrisk.eu\/wp-content\/uploads\/2021\/06\/cubs-trans.png 121w\" sizes=\"auto, (max-width: 75px) 100vw, 75px\" \/><\/div>[\/vc_column][vc_column width=\u00a0\u00bb2\/3&Prime;]<div class=\"iconbox  wpb_content_element iconbox-style-2 icon-color-accent color-dark clearfix\"><div class=\"iconbox-icon\"><i class=\"fa fa-question boxicon\" style=\"\"><\/i><\/div><div class=\"iconbox-content\"><h3>Les cours sont-ils enti\u00e8rement gratuits ?<\/h3><p>Oui, ils sont <strong>enti\u00e8rement gratuits<\/strong> et ouverts \u00e0 tous.<\/p><\/div><\/div><div class=\"divider divider1\" style='margin:20px 0 20px 0 !important;'><\/div><div class=\"iconbox  wpb_content_element iconbox-style-2 icon-color-accent color-dark clearfix\"><div class=\"iconbox-icon\"><i class=\"fa fa-question boxicon\" style=\"\"><\/i><\/div><div class=\"iconbox-content\"><h3>Y a-t-il des pr\u00e9-requis pour suivre les cours?<\/h3><p>Pour suivre ces formations, il suffit d&rsquo;avoir un<strong> int\u00e9r\u00eat pour la contrefa\u00e7on et ses risques<\/strong> pour les consommateurs, les entreprises et la soci\u00e9t\u00e9 en g\u00e9n\u00e9ral. N&rsquo;oubliez pas qu&rsquo;il existe deux cours : l&rsquo;un avec un contenu con\u00e7u du point de vue des entreprises du secteur des produits pour enfants, et l&rsquo;autre pour le personnel des associations de consommateurs et toutes sortes de professionnels qui m\u00e8nent des activit\u00e9s de formation et de sensibilisation des consommateurs.<\/p><\/div><\/div><div class=\"divider divider1\" style='margin:20px 0 20px 0 !important;'><\/div><div class=\"iconbox  wpb_content_element iconbox-style-2 icon-color-accent color-dark clearfix\"><div class=\"iconbox-icon\"><i class=\"fa fa-question boxicon\" style=\"\"><\/i><\/div><div class=\"iconbox-content\"><h3>Quels sujets d&#039;int\u00e9r\u00eat vais-je trouver?<\/h3><p>Ces cours sont con\u00e7us comme des micro capsules d&rsquo;apprentissage que vous pouvez \u00ab\u00a0prendre\u00a0\u00bb selon vos besoins et\/ou vos pr\u00e9f\u00e9rences. Gr\u00e2ce \u00e0 votre smartphone, vous acc\u00e9dez rapidement et facilement \u00e0 des contenus cl\u00e9s sur la mani\u00e8re dont votre entreprise, organisation ou les autorit\u00e9s peuvent lutter contre la contrefa\u00e7on dans le monde des produits de consommation destin\u00e9s aux enfants.<\/p><\/div><\/div><div class=\"divider divider1\" style='margin:20px 0 20px 0 !important;'><\/div><div class=\"iconbox  wpb_content_element iconbox-style-2 icon-color-accent color-dark clearfix\"><div class=\"iconbox-icon\"><i class=\"fa fa-question boxicon\" style=\"\"><\/i><\/div><div class=\"iconbox-content\"><h3>De quoi ai-je besoin pour suivre ce cours ?<\/h3><p>Tout ce dont vous avez besoin est un smartphone ou une tablette (Android ou iOS) et une connexion Internet.<\/p><\/div><\/div><div class=\"divider divider1\" style='margin:20px 0 20px 0 !important;'><\/div><div class=\"iconbox  wpb_content_element iconbox-style-2 icon-color-accent color-dark clearfix\"><div class=\"iconbox-icon\"><i class=\"fa fa-question boxicon\" style=\"\"><\/i><\/div><div class=\"iconbox-content\"><h3>Vais-je obtenir un certificat apr\u00e8s avoir termin\u00e9 ce cours?<\/h3><p>\u00c0 la fin du cours, vous pouvez t\u00e9l\u00e9charger votre <strong>certificat avec la technologie blockchain.<\/strong><\/p><\/div><\/div><div class=\"divider divider1\" style='margin:20px 0 20px 0 !important;'><\/div><div class=\"iconbox  wpb_content_element iconbox-style-2 icon-color-accent color-dark clearfix\"><div class=\"iconbox-icon\"><i class=\"fa fa-question boxicon\" style=\"\"><\/i><\/div><div class=\"iconbox-content\"><h3>Quand est-ce que commence le cours ?<\/h3><p>Actuellement, les supports de formation qui seront inclus dans les cours sont d\u00e9velopp\u00e9s par les partenaires du projet europ\u00e9en CounterRisk. Le cours n&rsquo;est pas encore disponible, mais vous pouvez vous pr\u00e9-inscrire et faire partie d&rsquo;un groupe d&rsquo;utilisateurs potentiels qui pourront participer \u00e0 la phase de test des NOOC pour les consommateurs ou les entreprises, avant leur lancement. Le projet<strong> se termine en mars 2023<\/strong>.<\/p>\n<p>Contactez-nous \u00e0 <a href=\"mailto:proyectosseguridad@aiju.es\">proyectosseguridad@aiju.es<\/a> et nous vous expliquerons plus en d\u00e9tail comment participer au <strong>premier test pilote<\/strong>.<\/p><\/div><\/div><div class=\"divider divider1\" style='margin:20px 0 20px 0 !important;'><\/div><div class=\"iconbox  wpb_content_element iconbox-style-2 icon-color-accent color-dark clearfix\"><div class=\"iconbox-icon\"><i class=\"fa fa-question boxicon\" style=\"\"><\/i><\/div><div class=\"iconbox-content\"><h3>Je suis enseignant. Cet outil peut-il m&#039;aider dans mes cours ?<\/h3><p>L&rsquo;achat de produits contrefaits a augment\u00e9 de fa\u00e7on exponentielle ces derni\u00e8res ann\u00e9es, principalement en raison de l&rsquo;essor du commerce \u00e9lectronique, ce qui rend n\u00e9cessaire d&rsquo;\u00e9duquer les consommateurs afin qu&rsquo;ils puissent prendre des d\u00e9cisions \u00e9clair\u00e9es.<\/p>\n<p>Vous pouvez utiliser cet outil en classe avec vos \u00e9l\u00e8ves, futurs consommateurs, et les sensibiliser aux risques des produits contrefaits non seulement pour les entreprises, mais aussi pour la sant\u00e9, l&rsquo;environnement et la soci\u00e9t\u00e9 en g\u00e9n\u00e9ral.<\/p><\/div><\/div><div class=\"divider divider1\" style='margin:20px 0 20px 0 !important;'><\/div>[\/vc_column][vc_column el_class=\u00a0\u00bbhidden-xs\u00a0\u00bb width=\u00a0\u00bb1\/6&Prime;][\/vc_column][\/vc_row]<\/p>\n<\/div>","protected":false},"excerpt":{"rendered":"<p>[vc_row bottom_padding=\u00a0\u00bb40&Prime;][vc_column el_class=\u00a0\u00bbhidden-xs\u00a0\u00bb width=\u00a0\u00bb1\/6&Prime;][\/vc_column][vc_column width=\u00a0\u00bb2\/3&Prime;][\/vc_column][vc_column el_class=\u00a0\u00bbhidden-xs\u00a0\u00bb width=\u00a0\u00bb1\/6&Prime;][\/vc_column][\/vc_row]<\/p>\n","protected":false},"author":1,"featured_media":0,"parent":0,"menu_order":0,"comment_status":"closed","ping_status":"closed","template":"","meta":{"footnotes":""},"class_list":["post-908","page","type-page","status-publish","hentry"],"_links":{"self":[{"href":"https:\/\/www.counterrisk.eu\/fr\/wp-json\/wp\/v2\/pages\/908","targetHints":{"allow":["GET"]}}],"collection":[{"href":"https:\/\/www.counterrisk.eu\/fr\/wp-json\/wp\/v2\/pages"}],"about":[{"href":"https:\/\/www.counterrisk.eu\/fr\/wp-json\/wp\/v2\/types\/page"}],"author":[{"embeddable":true,"href":"https:\/\/www.counterrisk.eu\/fr\/wp-json\/wp\/v2\/users\/1"}],"replies":[{"embeddable":true,"href":"https:\/\/www.counterrisk.eu\/fr\/wp-json\/wp\/v2\/comments?post=908"}],"version-history":[{"count":2,"href":"https:\/\/www.counterrisk.eu\/fr\/wp-json\/wp\/v2\/pages\/908\/revisions"}],"predecessor-version":[{"id":912,"href":"https:\/\/www.counterrisk.eu\/fr\/wp-json\/wp\/v2\/pages\/908\/revisions\/912"}],"wp:attachment":[{"href":"https:\/\/www.counterrisk.eu\/fr\/wp-json\/wp\/v2\/media?parent=908"}],"curies":[{"name":"wp","href":"https:\/\/api.w.org\/{rel}","templated":true}]}}