{"id":920,"date":"2021-06-03T13:14:51","date_gmt":"2021-06-03T11:14:51","guid":{"rendered":"https:\/\/www.counterrisk.eu\/contacto\/"},"modified":"2021-07-27T12:22:08","modified_gmt":"2021-07-27T10:22:08","slug":"contact","status":"publish","type":"page","link":"https:\/\/www.counterrisk.eu\/fr\/contact\/","title":{"rendered":"Contact"},"content":{"rendered":"<div class=\"wpb-content-wrapper\"><p>[vc_row][vc_column width=\u00a0\u00bb2\/3&Prime;]<h2 class=\"headline font-inherit fontsize-xl fontweight-inherit lh-15 align-left transform-inherit \" style=\"margin: 0 0 20px 0;\">N&rsquo;h\u00e9sitez pas \u00e0 partager vos id\u00e9es avec nous<\/h2>\n<div class=\"wpcf7 no-js\" id=\"wpcf7-f919-o1\" lang=\"fr-FR\" dir=\"ltr\" data-wpcf7-id=\"919\">\n<div class=\"screen-reader-response\"><p role=\"status\" aria-live=\"polite\" aria-atomic=\"true\"><\/p> <ul><\/ul><\/div>\n<form action=\"\/fr\/wp-json\/wp\/v2\/pages\/920#wpcf7-f919-o1\" method=\"post\" class=\"wpcf7-form init\" aria-label=\"Formulaire de contact\" novalidate=\"novalidate\" data-status=\"init\">\n<div style=\"display: none;\">\n<input type=\"hidden\" name=\"_wpcf7\" value=\"919\" \/>\n<input type=\"hidden\" name=\"_wpcf7_version\" value=\"6.0.5\" \/>\n<input type=\"hidden\" name=\"_wpcf7_locale\" value=\"fr_FR\" \/>\n<input type=\"hidden\" name=\"_wpcf7_unit_tag\" value=\"wpcf7-f919-o1\" \/>\n<input type=\"hidden\" name=\"_wpcf7_container_post\" value=\"0\" \/>\n<input type=\"hidden\" name=\"_wpcf7_posted_data_hash\" value=\"\" \/>\n<input type=\"hidden\" name=\"_wpcf7_recaptcha_response\" value=\"\" \/>\n<\/div>\n<p><label> Nom<br \/>\n<span class=\"wpcf7-form-control-wrap\" data-name=\"nombre\"><input size=\"40\" maxlength=\"400\" class=\"wpcf7-form-control wpcf7-text wpcf7-validates-as-required\" aria-required=\"true\" aria-invalid=\"false\" value=\"\" type=\"text\" name=\"nombre\" \/><\/span> <\/label>\n<\/p>\n<p><label> E-mail<br \/>\n<span class=\"wpcf7-form-control-wrap\" data-name=\"email\"><input size=\"40\" maxlength=\"400\" class=\"wpcf7-form-control wpcf7-email wpcf7-validates-as-required wpcf7-text wpcf7-validates-as-email\" aria-required=\"true\" aria-invalid=\"false\" value=\"\" type=\"email\" name=\"email\" \/><\/span> <\/label>\n<\/p>\n<p><label> Question<br \/>\n<span class=\"wpcf7-form-control-wrap\" data-name=\"asunto\"><input size=\"40\" maxlength=\"400\" class=\"wpcf7-form-control wpcf7-text wpcf7-validates-as-required\" aria-required=\"true\" aria-invalid=\"false\" value=\"\" type=\"text\" name=\"asunto\" \/><\/span> <\/label>\n<\/p>\n<p><label> Message<br \/>\n<span class=\"wpcf7-form-control-wrap\" data-name=\"mensaje\"><textarea cols=\"40\" rows=\"10\" maxlength=\"2000\" class=\"wpcf7-form-control wpcf7-textarea\" aria-invalid=\"false\" name=\"mensaje\"><\/textarea><\/span> <\/label>\n<\/p>\n<p><small>In compliance with current regulations on data protection, we inform you that:<br \/>\n- THE RESPONSIBLE FOR THE TREATMENT is ASOCIACI\u00d3N DE INVESTIGACI\u00d3N DE LA INDUSTRIA DEL JUGUETE, CONEXAS Y AFINES (CIF: G03182862) located at AV. DE LA INDUSTRIA, 23. 03440, IBI (ALICANTE). Telephone: 96 555 44 75.<br \/>\n- The PURPOSE OF THE TREATMENT respond to requests for information received.<br \/>\n- THE LEGITIMATING BASE OF THE TREATMENT is the consent of the interested party.<br \/>\n- The CONSERVATION DEADLINE of the data is until the user does not express his right of deletion.<br \/>\n- THE RECIPIENT OF THE TREATMENT of the personal data collected will be communicated in all those cases in which it is necessary for the development, compliance and control of the formalized relationship, they will not be transferred to third parties or made public, in any case, except in the cases in which you consent or participate voluntarily and by express legal obligations. No international transfers are made<br \/>\n- You can EXERCISE YOUR RIGHTS on data protection (access, rectification, opposition, deletion, automated decisions, limitation of treatment, portability) by email at <a href=\"mailto:rgpd@aiju.es\">rgpd@aiju.es<\/a>. In any case, you can request the protection of the Spanish Agency for Data Protection through its website <a href=\"https:\/\/www.aepd.es\/\">https:\/\/www.aepd.es\/<\/a>. You can consult more information about the <a href=\"\/en\/privacy-policy\/\">privacy policy<\/a> here<br \/>\n<\/small>\n<\/p>\n<p><input class=\"wpcf7-form-control wpcf7-submit has-spinner\" type=\"submit\" value=\"Envoyer\" \/>\n<\/p><div class=\"wpcf7-response-output\" aria-hidden=\"true\"><\/div>\n<\/form>\n<\/div>\n[\/vc_column][vc_column width=\u00a0\u00bb1\/3&Prime;]<h3 class=\"headline font-inherit fontsize-l fontweight-inherit lh-inherit align-left transform-inherit \" style=\"margin: 0 0 20px 0;\">Contactez-nous<\/h3><div class=\"divider divider5\" style='margin:0px 0 30px 0 !important;'><\/div>[vc_column_text]<\/p>\n<h4><strong>AIJU Instituto Tecnol\u00f3gico del Producto Infantil y de Ocio<\/strong><\/h4>\n<h5><i class=\"fa fa-map-marker minti-icon\" style=\"color:#009fe3 !important; font-size: 18px; margin: 0px 10px 0px 0px\"><\/i> Av. Industria, 23 \u2013 03440 Ibi (Alicante) ESPAGNE<\/h5>\n<h5><i class=\"fa fa-phone minti-icon\" style=\"color:#009fe3 !important; font-size: 18px; margin: 0px 10px 0px 0px\"><\/i> +34 965 55 44 75<\/h5>\n<h5><i class=\"fa fa-envelope minti-icon\" style=\"color:#009fe3 !important; font-size: 18px; margin: 0px 10px 0px 0px\"><\/i> <a href=\"mailto:proyectosseguridad@aiju.es\">proyectosseguridad@aiju.es<\/a><\/h5>\n<p>[\/vc_column_text][\/vc_column][\/vc_row]<\/p>\n<\/div>","protected":false},"excerpt":{"rendered":"<p>[vc_row][vc_column width=\u00a0\u00bb2\/3&Prime;][\/vc_column][vc_column width=\u00a0\u00bb1\/3&Prime;][vc_column_text] AIJU Instituto Tecnol\u00f3gico del Producto Infantil y de Ocio Av. Industria, 23 \u2013 03440 Ibi (Alicante) ESPAGNE +34 965 55 44 75 proyectosseguridad@aiju.es [\/vc_column_text][\/vc_column][\/vc_row]<\/p>\n","protected":false},"author":1,"featured_media":0,"parent":0,"menu_order":0,"comment_status":"closed","ping_status":"closed","template":"","meta":{"footnotes":""},"class_list":["post-920","page","type-page","status-publish","hentry"],"_links":{"self":[{"href":"https:\/\/www.counterrisk.eu\/fr\/wp-json\/wp\/v2\/pages\/920","targetHints":{"allow":["GET"]}}],"collection":[{"href":"https:\/\/www.counterrisk.eu\/fr\/wp-json\/wp\/v2\/pages"}],"about":[{"href":"https:\/\/www.counterrisk.eu\/fr\/wp-json\/wp\/v2\/types\/page"}],"author":[{"embeddable":true,"href":"https:\/\/www.counterrisk.eu\/fr\/wp-json\/wp\/v2\/users\/1"}],"replies":[{"embeddable":true,"href":"https:\/\/www.counterrisk.eu\/fr\/wp-json\/wp\/v2\/comments?post=920"}],"version-history":[{"count":2,"href":"https:\/\/www.counterrisk.eu\/fr\/wp-json\/wp\/v2\/pages\/920\/revisions"}],"predecessor-version":[{"id":922,"href":"https:\/\/www.counterrisk.eu\/fr\/wp-json\/wp\/v2\/pages\/920\/revisions\/922"}],"wp:attachment":[{"href":"https:\/\/www.counterrisk.eu\/fr\/wp-json\/wp\/v2\/media?parent=920"}],"curies":[{"name":"wp","href":"https:\/\/api.w.org\/{rel}","templated":true}]}}