{"id":1001,"date":"2021-06-15T17:15:10","date_gmt":"2021-06-15T15:15:10","guid":{"rendered":"https:\/\/www.counterrisk.eu\/faqs\/"},"modified":"2021-07-27T19:23:37","modified_gmt":"2021-07-27T17:23:37","slug":"faqs","status":"publish","type":"page","link":"https:\/\/www.counterrisk.eu\/pt-pt\/faqs\/","title":{"rendered":"FAQS"},"content":{"rendered":"<div class=\"wpb-content-wrapper\"><p>[vc_row bottom_padding=&#8221;40&#8243;][vc_column el_class=&#8221;hidden-xs&#8221; width=&#8221;1\/6&#8243;]<div class=\"single_image wpb_content_element align-center    \" data-animation=\"none\" data-delay=\"0\"><img loading=\"lazy\" decoding=\"async\" width=\"75\" height=\"300\" src=\"https:\/\/www.counterrisk.eu\/wp-content\/uploads\/2021\/06\/cubs-trans-75x300.png\" class=\"attachment-medium\" alt=\"\" title=\"cubs-trans\" srcset=\"https:\/\/www.counterrisk.eu\/wp-content\/uploads\/2021\/06\/cubs-trans-75x300.png 75w, https:\/\/www.counterrisk.eu\/wp-content\/uploads\/2021\/06\/cubs-trans.png 121w\" sizes=\"auto, (max-width: 75px) 100vw, 75px\" \/><\/div>[\/vc_column][vc_column width=&#8221;2\/3&#8243;]<div class=\"iconbox  wpb_content_element iconbox-style-2 icon-color-accent color-dark clearfix\"><div class=\"iconbox-icon\"><i class=\"fa fa-question boxicon\" style=\"\"><\/i><\/div><div class=\"iconbox-content\"><h3>Os cursos s\u00e3o completamente gratuitos?<\/h3><p>Sim, s\u00e3o completamente gratuitos e abertos a todas as pessoas.<\/p><\/div><\/div><div class=\"divider divider1\" style='margin:20px 0 20px 0 !important;'><\/div><div class=\"iconbox  wpb_content_element iconbox-style-2 icon-color-accent color-dark clearfix\"><div class=\"iconbox-icon\"><i class=\"fa fa-question boxicon\" style=\"\"><\/i><\/div><div class=\"iconbox-content\"><h3>Existe algum pr\u00e9-requisito para fazer os cursos?<\/h3><p>Para participar nesses cursos, basta interessar-se pela contrafa\u00e7\u00e3o e os seus riscos para o consumidor, o com\u00e9rcio e a sociedade em geral. Recorde-se que existem dois cursos: um com conte\u00fados desenvolvidos \u200b\u200bna perspetiva das empresas do setor de produtos infantis, e outro para t\u00e9cnicos(as) de associa\u00e7\u00f5es de consumidores e outros profissionais, que realizam atividades de forma\u00e7\u00e3o e sensibiliza\u00e7\u00e3o para os consumidores.<\/p><\/div><\/div><div class=\"divider divider1\" style='margin:20px 0 20px 0 !important;'><\/div><div class=\"iconbox  wpb_content_element iconbox-style-2 icon-color-accent color-dark clearfix\"><div class=\"iconbox-icon\"><i class=\"fa fa-question boxicon\" style=\"\"><\/i><\/div><div class=\"iconbox-content\"><h3>Que temas de interesse irei encontrar nesses cursos?<\/h3><p>Esses cursos s\u00e3o desenvolvidos para funcionarem como sess\u00f5es de forma\u00e7\u00e3o curtas que pode fazer, de forma aut\u00f3noma, de acordo com suas necessidades e \/ ou prefer\u00eancias. Atrav\u00e9sd o seu smartphone, pode aceder de forma r\u00e1pida e f\u00e1cil aos principais conte\u00fados sobre como a sua empresa, organiza\u00e7\u00e3o ou entidade podem combater as falsifica\u00e7\u00f5es de produtos de consumo para crian\u00e7as.<\/p><\/div><\/div><div class=\"divider divider1\" style='margin:20px 0 20px 0 !important;'><\/div><div class=\"iconbox  wpb_content_element iconbox-style-2 icon-color-accent color-dark clearfix\"><div class=\"iconbox-icon\"><i class=\"fa fa-question boxicon\" style=\"\"><\/i><\/div><div class=\"iconbox-content\"><h3>O que eu preciso para fazer esse curso?<\/h3><p>Necessita apenas de um smartphone ou tablet (IOs ou Android) e liga\u00e7\u00e3o \u00e0 internet<\/p><\/div><\/div><div class=\"divider divider1\" style='margin:20px 0 20px 0 !important;'><\/div><div class=\"iconbox  wpb_content_element iconbox-style-2 icon-color-accent color-dark clearfix\"><div class=\"iconbox-icon\"><i class=\"fa fa-question boxicon\" style=\"\"><\/i><\/div><div class=\"iconbox-content\"><h3>Vou receber um certificado depois de terminar o curso?<\/h3><p>Ao terminar o curso, voc\u00ea poder\u00e1 baixar seu certificado com a tecnologia blockchain.<\/p><\/div><\/div><div class=\"divider divider1\" style='margin:20px 0 20px 0 !important;'><\/div><div class=\"iconbox  wpb_content_element iconbox-style-2 icon-color-accent color-dark clearfix\"><div class=\"iconbox-icon\"><i class=\"fa fa-question boxicon\" style=\"\"><\/i><\/div><div class=\"iconbox-content\"><h3>Quando come\u00e7a o curso?<\/h3><p>Neste momento, os materiais de forma\u00e7\u00e3o que far\u00e3o parte dos cursos est\u00e3o a ser desenvolvidos pelos parceiros do projecto CounterRisk. O curso ainda n\u00e3o est\u00e1 dispon\u00edvel, mas j\u00e1 pode pr\u00e9-registar-se e fazer parte de um grupo de potenciais utilizadores na fase de testes dos NOOCs para consumidores ou empresas, antes do seu lan\u00e7amento. O projeto termina em mar\u00e7o de 2023.<\/p>\n<p>Entre em contato connosco pelo e-mail <a href=\"mailto:proyectosseguridad@aiju.es\">proyectosseguridad@aiju.es<\/a> e explicaremos com mais detalhe como pode participar no primeiro teste piloto.<\/p><\/div><\/div><div class=\"divider divider1\" style='margin:20px 0 20px 0 !important;'><\/div><div class=\"iconbox  wpb_content_element iconbox-style-2 icon-color-accent color-dark clearfix\"><div class=\"iconbox-icon\"><i class=\"fa fa-question boxicon\" style=\"\"><\/i><\/div><div class=\"iconbox-content\"><h3>Eu sou professor(a). Essa ferramenta pode ajudar-me na sala de aulas?<\/h3><p>A compra de produtos falsificados aumentou exponencialmente nos \u00faltimos anos, principalmente devido ao surgimento do com\u00e9rcio eletr\u00f3nico, sendo necess\u00e1rio educar os consumidores para que possam tomar decis\u00f5es informadas.<\/p>\n<p>Pode usar essa ferramenta na sala de aula com os seus alunos, que ser\u00e3o futuros consumidores, e alert\u00e1-los para os riscos da falsifica\u00e7\u00e3o de produtos n\u00e3o s\u00f3 para as empresas, mas tamb\u00e9m para a sa\u00fade, o meio ambiente e a sociedade em geral.<\/p><\/div><\/div>[\/vc_column][vc_column el_class=&#8221;hidden-xs&#8221; width=&#8221;1\/6&#8243;][\/vc_column][\/vc_row]<\/p>\n<\/div>","protected":false},"excerpt":{"rendered":"<p>[vc_row bottom_padding=&#8221;40&#8243;][vc_column el_class=&#8221;hidden-xs&#8221; width=&#8221;1\/6&#8243;][\/vc_column][vc_column width=&#8221;2\/3&#8243;][\/vc_column][vc_column el_class=&#8221;hidden-xs&#8221; width=&#8221;1\/6&#8243;][\/vc_column][\/vc_row]<\/p>\n","protected":false},"author":1,"featured_media":0,"parent":0,"menu_order":0,"comment_status":"closed","ping_status":"closed","template":"","meta":{"footnotes":""},"class_list":["post-1001","page","type-page","status-publish","hentry"],"_links":{"self":[{"href":"https:\/\/www.counterrisk.eu\/pt-pt\/wp-json\/wp\/v2\/pages\/1001","targetHints":{"allow":["GET"]}}],"collection":[{"href":"https:\/\/www.counterrisk.eu\/pt-pt\/wp-json\/wp\/v2\/pages"}],"about":[{"href":"https:\/\/www.counterrisk.eu\/pt-pt\/wp-json\/wp\/v2\/types\/page"}],"author":[{"embeddable":true,"href":"https:\/\/www.counterrisk.eu\/pt-pt\/wp-json\/wp\/v2\/users\/1"}],"replies":[{"embeddable":true,"href":"https:\/\/www.counterrisk.eu\/pt-pt\/wp-json\/wp\/v2\/comments?post=1001"}],"version-history":[{"count":2,"href":"https:\/\/www.counterrisk.eu\/pt-pt\/wp-json\/wp\/v2\/pages\/1001\/revisions"}],"predecessor-version":[{"id":1003,"href":"https:\/\/www.counterrisk.eu\/pt-pt\/wp-json\/wp\/v2\/pages\/1001\/revisions\/1003"}],"wp:attachment":[{"href":"https:\/\/www.counterrisk.eu\/pt-pt\/wp-json\/wp\/v2\/media?parent=1001"}],"curies":[{"name":"wp","href":"https:\/\/api.w.org\/{rel}","templated":true}]}}