{"id":1004,"date":"2021-07-27T19:30:20","date_gmt":"2021-07-27T17:30:20","guid":{"rendered":"https:\/\/www.counterrisk.eu\/?page_id=1004"},"modified":"2021-07-27T19:30:20","modified_gmt":"2021-07-27T17:30:20","slug":"parceiros","status":"publish","type":"page","link":"https:\/\/www.counterrisk.eu\/pt-pt\/parceiros\/","title":{"rendered":"Parceiros"},"content":{"rendered":"<div class=\"wpb-content-wrapper\"><p>[vc_row bottom_padding=&#8221;40&#8243;][vc_column width=&#8221;1\/4&#8243;]<div class=\"single_image wpb_content_element align-left    \" data-animation=\"none\" data-delay=\"0\"><img loading=\"lazy\" decoding=\"async\" width=\"406\" height=\"105\" src=\"https:\/\/www.counterrisk.eu\/wp-content\/uploads\/2021\/06\/AIJU-completo.png\" class=\"attachment-full\" alt=\"\" title=\"AIJU-completo\" srcset=\"https:\/\/www.counterrisk.eu\/wp-content\/uploads\/2021\/06\/AIJU-completo.png 406w, https:\/\/www.counterrisk.eu\/wp-content\/uploads\/2021\/06\/AIJU-completo-300x78.png 300w\" sizes=\"auto, (max-width: 406px) 100vw, 406px\" \/><\/div>[\/vc_column][vc_column width=&#8221;3\/4&#8243;]<h3 class=\"headline font-special fontsize-xxl fontweight-500 lh-15 align-left transform-inherit \" style=\"margin: 0 0 0px 0; color: #666666;\">AIJU, INSTITUTO TECNOL\u00d3GICO DE PRODUTOS INFANTIS E DE LAZER<\/h3>[vc_column_text]IBI, ALICANTE (ESPANHA)<br \/>\n<a href=\"http:\/\/www.aiju.es\" target=\"_blank\" rel=\"noopener\"><strong>www.aiju.es<\/strong><\/a><\/p>\n<p>O Instituto Tecnol\u00f3gico de Produtos Infantis e de Lazer (AIJU) foi inaugurado em 1985 como organiza\u00e7\u00e3o sem fins lucrativos, com o objetivo de apoiar o setor de produtos para crian\u00e7as e realizar projetos de Investiga\u00e7\u00e3o &amp; Desenvolvimento para aumentar os n\u00edveis de seguran\u00e7a e qualidade destes produtos. Atualmente, a AIJU conta com cerca de 450 empresas associadas e uma equipa de mais de 80 t\u00e9cnicos especializados em diversas \u00e1reas relacionadas com produtos infantis e de lazer, como a seguran\u00e7a de produtos, o comportamento do consumidor infantil, forma\u00e7\u00e3o e inova\u00e7\u00e3o para o setor.<\/p>\n<p>A AIJU \u00e9 membro de v\u00e1rios f\u00f3runs, bem como de comit\u00e9s nacionais e europeus que atuam no campo da seguran\u00e7a de produtos infantis, como brinquedos, artigos de puericultura e mobili\u00e1rio para crian\u00e7as.[\/vc_column_text][\/vc_column][vc_column width=&#8221;1\/1&#8243;]<div class=\"divider divider1\" style='margin:50px 0 30px 0 !important;'><\/div>[\/vc_column][\/vc_row][vc_row bottom_padding=&#8221;40&#8243;][vc_column width=&#8221;1\/4&#8243;]<div class=\"single_image wpb_content_element align-left    \" data-animation=\"none\" data-delay=\"0\"><img loading=\"lazy\" decoding=\"async\" width=\"150\" height=\"150\" src=\"https:\/\/www.counterrisk.eu\/wp-content\/uploads\/2021\/05\/CEIPI-logo-trans-150.png\" class=\"attachment-full\" alt=\"\" title=\"CEIPI-logo-trans-150\" srcset=\"https:\/\/www.counterrisk.eu\/wp-content\/uploads\/2021\/05\/CEIPI-logo-trans-150.png 150w, https:\/\/www.counterrisk.eu\/wp-content\/uploads\/2021\/05\/CEIPI-logo-trans-150-80x80.png 80w\" sizes=\"auto, (max-width: 150px) 100vw, 150px\" \/><\/div>[\/vc_column][vc_column width=&#8221;3\/4&#8243;]<div class=\"single_image wpb_content_element align-left    \" data-animation=\"none\" data-delay=\"0\"><img loading=\"lazy\" decoding=\"async\" width=\"600\" height=\"121\" src=\"https:\/\/www.counterrisk.eu\/wp-content\/uploads\/2021\/06\/CEIPI-completo-1.png\" class=\"attachment-full\" alt=\"\" title=\"CEIPI-completo\" srcset=\"https:\/\/www.counterrisk.eu\/wp-content\/uploads\/2021\/06\/CEIPI-completo-1.png 600w, https:\/\/www.counterrisk.eu\/wp-content\/uploads\/2021\/06\/CEIPI-completo-1-300x61.png 300w\" sizes=\"auto, (max-width: 600px) 100vw, 600px\" \/><\/div><h3 class=\"headline font-special fontsize-xxl fontweight-500 lh-15 align-left transform-inherit \" style=\"margin: 0 0 0px 0; color: #666666;\">UNIVERSIDADE DE ESTRASBURGO<\/h3>[vc_column_text]ESTRASBURGO (FRAN\u00c7A)<br \/>\n<a href=\"http:\/\/www.ceipi.edu\" target=\"_blank\" rel=\"noopener\"><strong>www.ceipi.edu<\/strong><\/a><br \/>\n<a href=\"http:\/\/www.ceipi.edu\" target=\"_blank\" rel=\"noopener\"><strong>www.unistra.fr <\/strong><\/a><\/p>\n<p>Localizada no centro da Europa, a Universidade de Estrasburgo (UNISTRA) \u00e9 herdeira de uma grande tradi\u00e7\u00e3o nascida do humanismo do s\u00e9culo XVI quando Jean Sturm criou uma institui\u00e7\u00e3o onde se podia estudar teologia, filosofia, medicina e direito. A UNISTRA \u00e9 uma das maiores universidades da Fran\u00e7a, com mais de 52.000 alunos (incluindo 20% de estudantes internacionais), oferecendo 60 gradua\u00e7\u00f5es internacionais em parceria com universidades de todo o mundo. A Universidade est\u00e1 envolvida em 17 projetos Erasmus +, incluindo 2 mestrados Erasmus Mundus, 5 parcerias estrat\u00e9gicas Erasmus +, uma alian\u00e7a de conhecimento e um centro de excel\u00eancia Jean Monnet.<\/p>\n<p>A pesquisa \u00e9 um ativo importante para o desenvolvimento internacional da Universidade. A UNISTRA possui 71 unidades de pesquisa que abrangem todas as \u00e1reas disciplinares. Com um centro de excel\u00eancia em biologia, biotecnologia, medicina, qu\u00edmica e f\u00edsica material, a Universidade tamb\u00e9m participa ativamente no desenvolvimento das ci\u00eancias sociais e humanas. In\u00fameros pr\u00eamios de prest\u00edgio foram concedidos aos seus pesquisadores de n\u00edvel mundial, atestando a qualidade da pesquisa feita na Universidade de Estrasburgo, incluindo: 4 Pr\u00eamios Nobel, 1 Pr\u00eamio Kavli e 21 pesquisadores homenageados pelo Conselho Europeu de Pesquisa desde 2008.<\/p>\n<p>Na UNISTRA, este projeto ser\u00e1 executado pelo Centro de Estudos Internacionais da Propriedade Intelectual (CEIPI). O CEIPI \u00e9 uma parte integrante da Universidade de Estrasburgo dedicada \u00e0 pesquisa e forma\u00e7\u00e3o no dom\u00ednio da propriedade intelectual. O corpo docente do CEIPI \u00e9 composto por quase 400 acad\u00e9micos e advogados de 22 pa\u00edses e 41 cidades na Europa. H\u00e1 mais de 50 anos, o CEIPI tem formado mais de 50 mil profissionais e estudantes na \u00e1rea da propriedade intelectual.<\/p>\n<p>O CEIPI oferece v\u00e1rias gradua\u00e7\u00f5es (conferidas pela Universidade de Estrasburgo) em forma\u00e7\u00e3o inicial ou profissional, cujo objetivo \u00e9 preparar engenheiros, cientistas ou profissionais do direito para exames profissionais na \u00e1rea da propriedade industrial, bem como alunos para o Mestrado em Direito, profissionalmente orientado. Desde a cria\u00e7\u00e3o do CEIPI, que o seu objetivo tem sido formar especialistas em direito da propriedade inteletual em v\u00e1rias profiss\u00f5es: representantes legais franceses e europeus, advogados especializados em propriedade inteletual, funcion\u00e1rios de organiza\u00e7\u00f5es e escrit\u00f3rios nacionais, europeus e internacionais e acad\u00e9micos. Al\u00e9m disso, o CEIPI organiza regularmente confer\u00eancias sobre diferentes aspetos do Direito da Propriedade Inteletual da UE.<\/p>\n<p>O Departamento de Pesquisa do CEIPI \u00e9 uma equipa din\u00e2mica com um s\u00f3lido hist\u00f3rico de trabalho individual e coletivo no campo do Direito da Propriedade Inteletual (PI) da UE. A equipa \u00e9 composta por 20 acad\u00e9micos e 24 doutorandos que trabalham numa vasta gama de disciplinas em Direito da PI. A equipa do CEIPI tem uma experi\u00eancia forte e amplamente reconhecida em todos os campos da Propriedade Intelectual, incluindo: falsifica\u00e7\u00e3o, patentes e certificados de prote\u00e7\u00e3o suplementares, legisla\u00e7\u00e3o aplicada \u00e0s marcas e design, direitos autorais, denomina\u00e7\u00f5es de origem, indica\u00e7\u00f5es geogr\u00e1ficas, prote\u00e7\u00e3o de variedades de plantas, prote\u00e7\u00e3o dos segredos das marcas, aplica\u00e7\u00e3o dos direitos da propriedade inteletual.[\/vc_column_text][\/vc_column][vc_column width=&#8221;1\/1&#8243;]<div class=\"divider divider1\" style='margin:50px 0 30px 0 !important;'><\/div>[\/vc_column][\/vc_row][vc_row bottom_padding=&#8221;40&#8243;][vc_column width=&#8221;1\/4&#8243;]<div class=\"single_image wpb_content_element align-left    \" data-animation=\"none\" data-delay=\"0\"><img loading=\"lazy\" decoding=\"async\" width=\"150\" height=\"150\" src=\"https:\/\/www.counterrisk.eu\/wp-content\/uploads\/2021\/05\/Logo_lucentialab-150.png\" class=\"attachment-full\" alt=\"\" title=\"Logo_lucentialab-150\" srcset=\"https:\/\/www.counterrisk.eu\/wp-content\/uploads\/2021\/05\/Logo_lucentialab-150.png 150w, https:\/\/www.counterrisk.eu\/wp-content\/uploads\/2021\/05\/Logo_lucentialab-150-80x80.png 80w\" sizes=\"auto, (max-width: 150px) 100vw, 150px\" \/><\/div>[\/vc_column][vc_column width=&#8221;3\/4&#8243;]<h3 class=\"headline font-special fontsize-xxl fontweight-500 lh-15 align-left transform-inherit \" style=\"margin: 0 0 0px 0; color: #666666;\">LUCENTIA-LAB<\/h3>[vc_column_text]ALICANTE (ESPANHA)<br \/>\n<strong><a href=\"https:\/\/lucentialab.com\/\" target=\"_blank\" rel=\"noopener\">https:\/\/lucentialab.com\/<\/a><\/strong><\/p>\n<p>Lucentia Lab \u00e9 uma empresa de base tecnol\u00f3gica (TBC) ligada ao Parque de Ci\u00eancias da Universidade de Alicante, tendo surgido em 2015 como um spin off &#8211; uma f\u00f3rmula que permite destacar e transferir o valor do conhecimento gerado em ambiente universit\u00e1rio para o mundo dos neg\u00f3cios. Recebeu as certifica\u00e7\u00f5es de PME Inovadora e Empresa Jovem Inovadora. Assim, a Lucentia Lab \u00e9 uma empresa composta por professores, palestrantes e investigadores da Universidade, que desenvolve solu\u00e7\u00f5es de business intelligence para empresas.<\/p>\n<p>Est\u00e1 localizada na Torre Juana OST (Open Space Technology), onde est\u00e3o sediadas v\u00e1rias empresas de tecnologia em Alicante. Trabalha com empresas locais e grandes grupos empresariais como SUMA, INDRA ou GTT. Tamb\u00e9m participa em projetos internacionais executados pelo Google, como o Act\u00edvate e Digital Garage, programando ferramentas de computa\u00e7\u00e3o em nuvem e realizando an\u00e1lises preditivas para utilizadores; ou o DQIoT, um projeto internacional premiado com a certifica\u00e7\u00e3o Eureka e financiado pelo CDTI (Centro para o Desenvolvimento de Tecnologia Industrial), realizando an\u00e1lises preditivas de dados de sensores em turbinas a g\u00e1s, em conjunto com a Ambientes Inteligentes, a UCLM na Espanha, a GTone e a Universidade Miyonji no Sul da Coreia e Siemens Europa.<\/p>\n<p>A Lucentia Lab \u00e9 composta por engenheiros de computa\u00e7\u00e3o, economistas, soci\u00f3logos e especialistas em propriedade intelectual e prote\u00e7\u00e3o de dados. Utiliza metodologias resultantes de pesquisas universit\u00e1rias e aplica-as no mundo dos neg\u00f3cios. Mant\u00eam um esp\u00edrito de pesquisa e inova\u00e7\u00e3o cont\u00ednuas, fruto da sua estreita rela\u00e7\u00e3o com o meio universit\u00e1rio.[\/vc_column_text][\/vc_column][vc_column width=&#8221;1\/1&#8243;]<div class=\"divider divider1\" style='margin:50px 0 30px 0 !important;'><\/div>[\/vc_column][\/vc_row][vc_row bottom_padding=&#8221;40&#8243;][vc_column width=&#8221;1\/4&#8243;]<div class=\"single_image wpb_content_element align-left    \" data-animation=\"none\" data-delay=\"0\"><img loading=\"lazy\" decoding=\"async\" width=\"200\" height=\"150\" src=\"https:\/\/www.counterrisk.eu\/wp-content\/uploads\/2021\/05\/logo-sdruzeni-color.png\" class=\"attachment-full\" alt=\"\" title=\"logo-sdruzeni-color\" \/><\/div>[\/vc_column][vc_column width=&#8221;3\/4&#8243;]<h3 class=\"headline font-special fontsize-xxl fontweight-500 lh-15 align-left transform-inherit \" style=\"margin: 0 0 0px 0; color: #666666;\">SDRUZENI PRO HRACKU A HRU (SHH)<\/h3>[vc_column_text]PRAGA (REP\u00daBLICA CHECA)<br \/>\n<strong><a href=\"https:\/\/www.sdruzenihracky.cz\" target=\"_blank\" rel=\"noopener\">www.sdruzenihracky.cz<\/a><\/strong><\/p>\n<p>A Associa\u00e7\u00e3o Checa para os Brinquedos e o Brincar (SHH) representa e re\u00fane toda a ind\u00fastria de brinquedos na Rep\u00fablica Checa, composta por fabricantes de brinquedos, grossistas, retalhistas, escolas, designers e laborat\u00f3rios de testes. Hoje, a associa\u00e7\u00e3o tem 140 associados. S\u00e3o tamb\u00e9m membros desta associa\u00e7\u00e3o: o laborat\u00f3rio de testes de brinquedos em Zlin, o Museu do Brinquedo em Praga, a Escola de Arte Industrial em Praga e a Faculdade de Pedagogia da Universidade Charles.<\/p>\n<p>O objetivo da associa\u00e7\u00e3o \u00e9 garantir que as crian\u00e7as brinquem com brinquedos seguros que contribuam de forma positiva para o desenvolvimento da sua personalidade. Al\u00e9m disso, a SHH tem uma vasta experi\u00eancia na organiza\u00e7\u00e3o de cursos de forma\u00e7\u00e3o para os seus membros sobre quest\u00f5es espec\u00edficas do setor, como seguran\u00e7a de brinquedos e prote\u00e7\u00e3o ao consumidor.[\/vc_column_text][\/vc_column][vc_column width=&#8221;1\/1&#8243;]<div class=\"divider divider1\" style='margin:50px 0 30px 0 !important;'><\/div>[\/vc_column][\/vc_row][vc_row bottom_padding=&#8221;40&#8243;][vc_column width=&#8221;1\/4&#8243;]<div class=\"single_image wpb_content_element align-left    \" data-animation=\"none\" data-delay=\"0\"><img loading=\"lazy\" decoding=\"async\" width=\"354\" height=\"92\" src=\"https:\/\/www.counterrisk.eu\/wp-content\/uploads\/2021\/06\/APSI-completo.png\" class=\"attachment-full\" alt=\"\" title=\"APSI-completo\" srcset=\"https:\/\/www.counterrisk.eu\/wp-content\/uploads\/2021\/06\/APSI-completo.png 354w, https:\/\/www.counterrisk.eu\/wp-content\/uploads\/2021\/06\/APSI-completo-300x78.png 300w\" sizes=\"auto, (max-width: 354px) 100vw, 354px\" \/><\/div>[\/vc_column][vc_column width=&#8221;3\/4&#8243;]<h3 class=\"headline font-special fontsize-xxl fontweight-500 lh-15 align-left transform-inherit \" style=\"margin: 0 0 0px 0; color: #666666;\">ASSOCIA\u00c7\u00c3O PARA A PROMO\u00c7\u00c3O DA SEGURAN\u00c7A INFANTIL (APSI)<\/h3>[vc_column_text]LISBOA (PORTUGAL)<br \/>\n<a href=\"https:\/\/www.apsi.org.pt\" target=\"_blank\" rel=\"noopener\"><strong>www.apsi.org.pt<\/strong><\/a><\/p>\n<p>Com mais de 25 anos de atividade na \u00e1rea da seguran\u00e7a infantil, a APSI trabalha para criar e promover comportamentos, pr\u00e1ticas e ambientes seguros que garantam o crescimento saud\u00e1vel de crian\u00e7as e jovens. Tem como principal objetivo reduzir o n\u00famero e a gravidade das les\u00f5es por acidente nesses grupos et\u00e1rios.<\/p>\n<p>\u00c9 uma organiza\u00e7\u00e3o privada sem fins lucrativos fundada em 1992, que tem o estatuto de utilidade p\u00fablica. \u00c9 uma associa\u00e7\u00e3o de fam\u00edlias e uma organiza\u00e7\u00e3o de consumidores. \u00c9 l\u00edder de opini\u00e3o em diversas \u00e1reas, tais como: seguran\u00e7a na \u00e1gua, seguran\u00e7a nos espa\u00e7os de jogo e recreio, seguran\u00e7a no transporte das crian\u00e7as no autom\u00f3vel e no transporte coletivo de crian\u00e7as, tendo um papel emblem\u00e1tico na \u00e1rea da seguran\u00e7a infantil tanto em Portugal como na Europa. \u00c9 a \u00fanica entidade em Portugal exclusivamente dedicada \u00e0 preven\u00e7\u00e3o de les\u00f5es por acidente.<\/p>\n<p>A APSI interv\u00e9m na sociedade atrav\u00e9s da informa\u00e7\u00e3o e comunica\u00e7\u00e3o, pesquisa, educa\u00e7\u00e3o \/ forma\u00e7\u00e3o e participa\u00e7\u00e3o no desenvolvimento de leis, regulamentos e normas.[\/vc_column_text][\/vc_column][\/vc_row]<\/p>\n<\/div>","protected":false},"excerpt":{"rendered":"<p>[vc_row bottom_padding=&#8221;40&#8243;][vc_column width=&#8221;1\/4&#8243;][\/vc_column][vc_column width=&#8221;3\/4&#8243;][vc_column_text]IBI, ALICANTE (ESPANHA) www.aiju.es O Instituto Tecnol\u00f3gico de Produtos Infantis e de Lazer (AIJU) foi inaugurado em 1985 como organiza\u00e7\u00e3o sem fins lucrativos, com o objetivo de apoiar o setor de produtos para crian\u00e7as e realizar projetos de Investiga\u00e7\u00e3o &amp; Desenvolvimento para aumentar os n\u00edveis de seguran\u00e7a e qualidade destes produtos. Atualmente, a AIJU conta com cerca de 450 empresas associadas e uma equipa de mais de 80 t\u00e9cnicos especializados em diversas \u00e1reas relacionadas com produtos infantis e de lazer, como a seguran\u00e7a de produtos, o comportamento do consumidor infantil, forma\u00e7\u00e3o e inova\u00e7\u00e3o para o setor. A AIJU \u00e9 membro de v\u00e1rios f\u00f3runs, bem como de comit\u00e9s nacionais e europeus que atuam no campo da seguran\u00e7a de produtos infantis, como brinquedos, artigos de puericultura e mobili\u00e1rio para crian\u00e7as.[\/vc_column_text][\/vc_column][vc_column width=&#8221;1\/1&#8243;][\/vc_column][\/vc_row][vc_row bottom_padding=&#8221;40&#8243;][vc_column width=&#8221;1\/4&#8243;][\/vc_column][vc_column width=&#8221;3\/4&#8243;][vc_column_text]ESTRASBURGO (FRAN\u00c7A) www.ceipi.edu www.unistra.fr Localizada no centro da Europa, a Universidade de Estrasburgo (UNISTRA) \u00e9 herdeira de uma grande tradi\u00e7\u00e3o nascida do humanismo do s\u00e9culo XVI quando Jean Sturm criou uma institui\u00e7\u00e3o onde se podia estudar teologia, filosofia, medicina e direito. A UNISTRA \u00e9 uma das maiores universidades da Fran\u00e7a, com mais de 52.000 alunos (incluindo 20% de estudantes internacionais), oferecendo 60 gradua\u00e7\u00f5es internacionais em parceria [&hellip;]<\/p>\n","protected":false},"author":1,"featured_media":0,"parent":0,"menu_order":0,"comment_status":"closed","ping_status":"closed","template":"","meta":{"footnotes":""},"class_list":["post-1004","page","type-page","status-publish","hentry"],"_links":{"self":[{"href":"https:\/\/www.counterrisk.eu\/pt-pt\/wp-json\/wp\/v2\/pages\/1004","targetHints":{"allow":["GET"]}}],"collection":[{"href":"https:\/\/www.counterrisk.eu\/pt-pt\/wp-json\/wp\/v2\/pages"}],"about":[{"href":"https:\/\/www.counterrisk.eu\/pt-pt\/wp-json\/wp\/v2\/types\/page"}],"author":[{"embeddable":true,"href":"https:\/\/www.counterrisk.eu\/pt-pt\/wp-json\/wp\/v2\/users\/1"}],"replies":[{"embeddable":true,"href":"https:\/\/www.counterrisk.eu\/pt-pt\/wp-json\/wp\/v2\/comments?post=1004"}],"version-history":[{"count":2,"href":"https:\/\/www.counterrisk.eu\/pt-pt\/wp-json\/wp\/v2\/pages\/1004\/revisions"}],"predecessor-version":[{"id":1006,"href":"https:\/\/www.counterrisk.eu\/pt-pt\/wp-json\/wp\/v2\/pages\/1004\/revisions\/1006"}],"wp:attachment":[{"href":"https:\/\/www.counterrisk.eu\/pt-pt\/wp-json\/wp\/v2\/media?parent=1004"}],"curies":[{"name":"wp","href":"https:\/\/api.w.org\/{rel}","templated":true}]}}