{"id":1010,"date":"2021-07-27T19:34:24","date_gmt":"2021-07-27T17:34:24","guid":{"rendered":"https:\/\/www.counterrisk.eu\/?page_id=1010"},"modified":"2021-07-27T20:12:04","modified_gmt":"2021-07-27T18:12:04","slug":"inscreva-se","status":"publish","type":"page","link":"https:\/\/www.counterrisk.eu\/pt-pt\/inscreva-se\/","title":{"rendered":"Inscreva-se"},"content":{"rendered":"<div class=\"wpb-content-wrapper\"><p>[vc_row][vc_column width=&#8221;1\/1&#8243;]<h2 class=\"headline font-special fontsize-xxl fontweight-500 lh-15 align-left transform-inherit \" style=\"margin: 0 0 0px 0;\">Inscreva-se j\u00e1 para o teste piloto!<\/h2><div class=\"divider divider5\" style='margin:0px 0 50px 0 !important;'><\/div>\n<div class=\"wpcf7 no-js\" id=\"wpcf7-f1021-o1\" lang=\"pt-PT\" dir=\"ltr\" data-wpcf7-id=\"1021\">\n<div class=\"screen-reader-response\"><p role=\"status\" aria-live=\"polite\" aria-atomic=\"true\"><\/p> <ul><\/ul><\/div>\n<form action=\"\/pt-pt\/wp-json\/wp\/v2\/pages\/1010#wpcf7-f1021-o1\" method=\"post\" class=\"wpcf7-form init\" aria-label=\"Formul\u00e1rio de contacto\" novalidate=\"novalidate\" data-status=\"init\">\n<div style=\"display: none;\">\n<input type=\"hidden\" name=\"_wpcf7\" value=\"1021\" \/>\n<input type=\"hidden\" name=\"_wpcf7_version\" value=\"6.0.5\" \/>\n<input type=\"hidden\" name=\"_wpcf7_locale\" value=\"pt_PT\" \/>\n<input type=\"hidden\" name=\"_wpcf7_unit_tag\" value=\"wpcf7-f1021-o1\" \/>\n<input type=\"hidden\" name=\"_wpcf7_container_post\" value=\"0\" \/>\n<input type=\"hidden\" name=\"_wpcf7_posted_data_hash\" value=\"\" \/>\n<input type=\"hidden\" name=\"_wpcf7_recaptcha_response\" value=\"\" \/>\n<\/div>\n<h4>1. Dados pessoais\n<\/h4>\n<p>Nome*<br \/>\n<span class=\"wpcf7-form-control-wrap\" data-name=\"Nombre\"><input size=\"40\" maxlength=\"400\" class=\"wpcf7-form-control wpcf7-text wpcf7-validates-as-required\" aria-required=\"true\" aria-invalid=\"false\" value=\"\" type=\"text\" name=\"Nombre\" \/><\/span>\n<\/p>\n<p>E-mail*<br \/>\n<span class=\"wpcf7-form-control-wrap\" data-name=\"Email\"><input size=\"40\" maxlength=\"400\" class=\"wpcf7-form-control wpcf7-email wpcf7-validates-as-required wpcf7-text wpcf7-validates-as-email\" aria-required=\"true\" aria-invalid=\"false\" value=\"\" type=\"email\" name=\"Email\" \/><\/span>\n<\/p>\n<p>Entidade<br \/>\n<span class=\"wpcf7-form-control-wrap\" data-name=\"Entidad\"><input size=\"40\" maxlength=\"400\" class=\"wpcf7-form-control wpcf7-text\" aria-invalid=\"false\" value=\"\" type=\"text\" name=\"Entidad\" \/><\/span>\n<\/p>\n<p>Pa\u00eds*<br \/>\n<span class=\"wpcf7-form-control-wrap\" data-name=\"Pais\"><select class=\"wpcf7-form-control wpcf7-select wpcf7-validates-as-required\" aria-required=\"true\" aria-invalid=\"false\" name=\"Pais\"><option value=\"\">&#8212;Por favor escolha uma op\u00e7\u00e3o&#8212;<\/option><option value=\"Afghanistan\">Afghanistan<\/option><option value=\"Angola\">Angola<\/option><option value=\"Albania\">Albania<\/option><option value=\"Andorra\">Andorra<\/option><option value=\"United Arab Emirates\">United Arab Emirates<\/option><option value=\"Argentina\">Argentina<\/option><option value=\"Armenia\">Armenia<\/option><option value=\"Antigua and Barbuda\">Antigua and Barbuda<\/option><option value=\"Australia\">Australia<\/option><option value=\"Austria\">Austria<\/option><option value=\"Azerbaijan\">Azerbaijan<\/option><option value=\"Burundi\">Burundi<\/option><option value=\"Belgium\">Belgium<\/option><option value=\"Benin\">Benin<\/option><option value=\"Burkina Faso\">Burkina Faso<\/option><option value=\"Bangladesh\">Bangladesh<\/option><option value=\"Bulgaria\">Bulgaria<\/option><option value=\"Bahrain\">Bahrain<\/option><option value=\"Bahamas\">Bahamas<\/option><option value=\"Bosnia and Herzegovina\">Bosnia and Herzegovina<\/option><option value=\"Belarus\">Belarus<\/option><option value=\"Belize\">Belize<\/option><option value=\"Bolivia, Plurinational State of\">Bolivia, Plurinational State of<\/option><option value=\"Brazil\">Brazil<\/option><option value=\"Barbados\">Barbados<\/option><option value=\"Brunei Darussalam\">Brunei Darussalam<\/option><option value=\"Bhutan\">Bhutan<\/option><option value=\"Botswana\">Botswana<\/option><option value=\"Central African Republic\">Central African Republic<\/option><option value=\"Canada\">Canada<\/option><option value=\"Switzerland\">Switzerland<\/option><option value=\"Chile\">Chile<\/option><option value=\"China\">China<\/option><option value=\"C\u00f4te d&#039;Ivoire\">C\u00f4te d&#039;Ivoire<\/option><option value=\"Cameroon\">Cameroon<\/option><option value=\"Congo, the Democratic Republic of the\">Congo, the Democratic Republic of the<\/option><option value=\"Congo\">Congo<\/option><option value=\"Colombia\">Colombia<\/option><option value=\"Comoros\">Comoros<\/option><option value=\"Cape Verde\">Cape Verde<\/option><option value=\"Costa Rica\">Costa Rica<\/option><option value=\"Cuba\">Cuba<\/option><option value=\"Cyprus\">Cyprus<\/option><option value=\"Czech Republic\">Czech Republic<\/option><option value=\"Germany\">Germany<\/option><option value=\"Djibouti\">Djibouti<\/option><option value=\"Dominica\">Dominica<\/option><option value=\"Denmark\">Denmark<\/option><option value=\"Dominican Republic\">Dominican Republic<\/option><option value=\"Algeria\">Algeria<\/option><option value=\"Ecuador\">Ecuador<\/option><option value=\"Egypt\">Egypt<\/option><option value=\"Eritrea\">Eritrea<\/option><option value=\"Spain\">Spain<\/option><option value=\"Estonia\">Estonia<\/option><option value=\"Ethiopia\">Ethiopia<\/option><option value=\"Finland\">Finland<\/option><option value=\"Fiji\">Fiji<\/option><option value=\"France\">France<\/option><option value=\"Micronesia, Federated States of\">Micronesia, Federated States of<\/option><option value=\"Gabon\">Gabon<\/option><option value=\"United Kingdom\">United Kingdom<\/option><option value=\"Georgia\">Georgia<\/option><option value=\"Ghana\">Ghana<\/option><option value=\"Guinea\">Guinea<\/option><option value=\"Gambia\">Gambia<\/option><option value=\"Guinea-Bissau\">Guinea-Bissau<\/option><option value=\"Equatorial Guinea\">Equatorial Guinea<\/option><option value=\"Greece\">Greece<\/option><option value=\"Grenada\">Grenada<\/option><option value=\"Guatemala\">Guatemala<\/option><option value=\"Guyana\">Guyana<\/option><option value=\"Honduras\">Honduras<\/option><option value=\"Croatia\">Croatia<\/option><option value=\"Haiti\">Haiti<\/option><option value=\"Hungary\">Hungary<\/option><option value=\"Indonesia\">Indonesia<\/option><option value=\"India\">India<\/option><option value=\"Ireland\">Ireland<\/option><option value=\"Iran, Islamic Republic of\">Iran, Islamic Republic of<\/option><option value=\"Iraq\">Iraq<\/option><option value=\"Iceland\">Iceland<\/option><option value=\"Israel\">Israel<\/option><option value=\"Italy\">Italy<\/option><option value=\"Jamaica\">Jamaica<\/option><option value=\"Jordan\">Jordan<\/option><option value=\"Japan\">Japan<\/option><option value=\"Kazakhstan\">Kazakhstan<\/option><option value=\"Kenya\">Kenya<\/option><option value=\"Kyrgyzstan\">Kyrgyzstan<\/option><option value=\"Cambodia\">Cambodia<\/option><option value=\"Kiribati\">Kiribati<\/option><option value=\"Saint Kitts and Nevis\">Saint Kitts and Nevis<\/option><option value=\"Korea, Republic of\">Korea, Republic of<\/option><option value=\"Kuwait\">Kuwait<\/option><option value=\"Lao People&#039;s Democratic Republic\">Lao People&#039;s Democratic Republic<\/option><option value=\"Lebanon\">Lebanon<\/option><option value=\"Liberia\">Liberia<\/option><option value=\"Libya\">Libya<\/option><option value=\"Saint Lucia\">Saint Lucia<\/option><option value=\"Liechtenstein\">Liechtenstein<\/option><option value=\"Sri Lanka\">Sri Lanka<\/option><option value=\"Lesotho\">Lesotho<\/option><option value=\"Lithuania\">Lithuania<\/option><option value=\"Luxembourg\">Luxembourg<\/option><option value=\"Latvia\">Latvia<\/option><option value=\"Morocco\">Morocco<\/option><option value=\"Monaco\">Monaco<\/option><option value=\"Moldova, Republic of\">Moldova, Republic of<\/option><option value=\"Madagascar\">Madagascar<\/option><option value=\"Maldives\">Maldives<\/option><option value=\"Mexico\">Mexico<\/option><option value=\"Marshall Islands\">Marshall Islands<\/option><option value=\"Macedonia, the former Yugoslav Republic of\">Macedonia, the former Yugoslav Republic of<\/option><option value=\"Mali\">Mali<\/option><option value=\"Malta\">Malta<\/option><option value=\"Myanmar\">Myanmar<\/option><option value=\"Montenegro\">Montenegro<\/option><option value=\"Mongolia\">Mongolia<\/option><option value=\"Mozambique\">Mozambique<\/option><option value=\"Mauritania\">Mauritania<\/option><option value=\"Mauritius\">Mauritius<\/option><option value=\"Malawi\">Malawi<\/option><option value=\"Malaysia\">Malaysia<\/option><option value=\"Namibia\">Namibia<\/option><option value=\"Niger\">Niger<\/option><option value=\"Nigeria\">Nigeria<\/option><option value=\"Nicaragua\">Nicaragua<\/option><option value=\"Netherlands\">Netherlands<\/option><option value=\"Norway\">Norway<\/option><option value=\"Nepal\">Nepal<\/option><option value=\"Nauru\">Nauru<\/option><option value=\"New Zealand\">New Zealand<\/option><option value=\"Oman\">Oman<\/option><option value=\"Pakistan\">Pakistan<\/option><option value=\"Panama\">Panama<\/option><option value=\"Peru\">Peru<\/option><option value=\"Philippines\">Philippines<\/option><option value=\"Palau\">Palau<\/option><option value=\"Papua New Guinea\">Papua New Guinea<\/option><option value=\"Poland\">Poland<\/option><option value=\"Korea, Democratic People&#039;s Republic of\">Korea, Democratic People&#039;s Republic of<\/option><option value=\"Portugal\">Portugal<\/option><option value=\"Paraguay\">Paraguay<\/option><option value=\"Qatar\">Qatar<\/option><option value=\"Romania\">Romania<\/option><option value=\"Russian Federation\">Russian Federation<\/option><option value=\"Rwanda\">Rwanda<\/option><option value=\"Saudi Arabia\">Saudi Arabia<\/option><option value=\"Sudan\">Sudan<\/option><option value=\"Senegal\">Senegal<\/option><option value=\"Singapore\">Singapore<\/option><option value=\"Solomon Islands\">Solomon Islands<\/option><option value=\"Sierra Leone\">Sierra Leone<\/option><option value=\"El Salvador\">El Salvador<\/option><option value=\"San Marino\">San Marino<\/option><option value=\"Somalia\">Somalia<\/option><option value=\"Serbia\">Serbia<\/option><option value=\"South Sudan\">South Sudan<\/option><option value=\"Sao Tome and Principe\">Sao Tome and Principe<\/option><option value=\"Suriname\">Suriname<\/option><option value=\"Slovakia\">Slovakia<\/option><option value=\"Slovenia\">Slovenia<\/option><option value=\"Sweden\">Sweden<\/option><option value=\"Swaziland\">Swaziland<\/option><option value=\"Seychelles\">Seychelles<\/option><option value=\"Syrian Arab Republic\">Syrian Arab Republic<\/option><option value=\"Chad\">Chad<\/option><option value=\"Togo\">Togo<\/option><option value=\"Thailand\">Thailand<\/option><option value=\"Tajikistan\">Tajikistan<\/option><option value=\"Turkmenistan\">Turkmenistan<\/option><option value=\"Timor-Leste\">Timor-Leste<\/option><option value=\"Tonga\">Tonga<\/option><option value=\"Trinidad and Tobago\">Trinidad and Tobago<\/option><option value=\"Tunisia\">Tunisia<\/option><option value=\"Turkey\">Turkey<\/option><option value=\"Tuvalu\">Tuvalu<\/option><option value=\"Tanzania, United Republic of\">Tanzania, United Republic of<\/option><option value=\"Uganda\">Uganda<\/option><option value=\"Ukraine\">Ukraine<\/option><option value=\"Uruguay\">Uruguay<\/option><option value=\"United States\">United States<\/option><option value=\"Uzbekistan\">Uzbekistan<\/option><option value=\"Saint Vincent and the Grenadines\">Saint Vincent and the Grenadines<\/option><option value=\"Venezuela, Bolivarian Republic of\">Venezuela, Bolivarian Republic of<\/option><option value=\"Viet Nam\">Viet Nam<\/option><option value=\"Vanuatu\">Vanuatu<\/option><option value=\"Samoa\">Samoa<\/option><option value=\"Yemen\">Yemen<\/option><option value=\"South Africa\">South Africa<\/option><option value=\"Zambia\">Zambia<\/option><option value=\"Zimbabwe\">Zimbabwe<\/option><\/select><\/span>\n<\/p>\n<h4 style=\"padding-top:20px\">2. Assinale o perfil mais adequado para si*:\n<\/h4>\n<p><span class=\"wpcf7-form-control-wrap\" data-name=\"Perfil\"><span class=\"wpcf7-form-control wpcf7-checkbox wpcf7-validates-as-required wpcf7-exclusive-checkbox\"><span class=\"wpcf7-list-item first\"><input type=\"checkbox\" name=\"Perfil\" value=\"T\u00e9cnico (a) de uma empresa do sector de produtos infantis (fabricante, distribuidor, importador, etc)\" \/><span class=\"wpcf7-list-item-label\">T\u00e9cnico (a) de uma empresa do sector de produtos infantis (fabricante, distribuidor, importador, etc)<\/span><\/span><span class=\"wpcf7-list-item\"><input type=\"checkbox\" name=\"Perfil\" value=\"Gestor de compras de produtos para crian\u00e7as\" \/><span class=\"wpcf7-list-item-label\">Gestor de compras de produtos para crian\u00e7as<\/span><\/span><span class=\"wpcf7-list-item\"><input type=\"checkbox\" name=\"Perfil\" value=\"Empreendedor (a) que deseja e produz produtos infantis\" \/><span class=\"wpcf7-list-item-label\">Empreendedor (a) que deseja e produz produtos infantis<\/span><\/span><span class=\"wpcf7-list-item\"><input type=\"checkbox\" name=\"Perfil\" value=\"T\u00e9cnico (a) de uma associa\u00e7\u00e3o de consumidores\" \/><span class=\"wpcf7-list-item-label\">T\u00e9cnico (a) de uma associa\u00e7\u00e3o de consumidores<\/span><\/span><span class=\"wpcf7-list-item\"><input type=\"checkbox\" name=\"Perfil\" value=\"Funcion\u00e1rio (a) de um organismo da administra\u00e7\u00e3o nacional, regional ou local respons\u00e1vel pelos direitos do consumidor\" \/><span class=\"wpcf7-list-item-label\">Funcion\u00e1rio (a) de um organismo da administra\u00e7\u00e3o nacional, regional ou local respons\u00e1vel pelos direitos do consumidor<\/span><\/span><span class=\"wpcf7-list-item\"><input type=\"checkbox\" name=\"Perfil\" value=\"Advogado (a) interessado (a) em temas de propriedade intelectual e prote\u00e7\u00e3o do consumidor infantil\" \/><span class=\"wpcf7-list-item-label\">Advogado (a) interessado (a) em temas de propriedade intelectual e prote\u00e7\u00e3o do consumidor infantil<\/span><\/span><span class=\"wpcf7-list-item\"><input type=\"checkbox\" name=\"Perfil\" value=\"Inspetor (a) respons\u00e1vel por a\u00e7\u00f5es de vigil\u00e2ncia de mercado\" \/><span class=\"wpcf7-list-item-label\">Inspetor (a) respons\u00e1vel por a\u00e7\u00f5es de vigil\u00e2ncia de mercado<\/span><\/span><span class=\"wpcf7-list-item\"><input type=\"checkbox\" name=\"Perfil\" value=\"Docente\" \/><span class=\"wpcf7-list-item-label\">Docente<\/span><\/span><span class=\"wpcf7-list-item\"><input type=\"checkbox\" name=\"Perfil\" value=\"Estudante\" \/><span class=\"wpcf7-list-item-label\">Estudante<\/span><\/span><span class=\"wpcf7-list-item\"><input type=\"checkbox\" name=\"Perfil\" value=\"Consumidor\" \/><span class=\"wpcf7-list-item-label\">Consumidor<\/span><\/span><span class=\"wpcf7-list-item last\"><input type=\"checkbox\" name=\"Perfil\" value=\"Outro\" \/><span class=\"wpcf7-list-item-label\">Outro<\/span><\/span><\/span><\/span>\n<\/p>\n<h4 style=\"padding-top:20px\">3. Por favor marque os seus interesses:\n<\/h4>\n<p><span class=\"wpcf7-form-control-wrap\" data-name=\"Preinscripcion\"><span class=\"wpcf7-form-control wpcf7-checkbox wpcf7-validates-as-required\"><span class=\"wpcf7-list-item first\"><input type=\"checkbox\" name=\"Preinscripcion[]\" value=\"Estou interessado (a) em fazer o curso CounterRisk\" \/><span class=\"wpcf7-list-item-label\">Estou interessado (a) em fazer o curso CounterRisk<\/span><\/span><span class=\"wpcf7-list-item last\"><input type=\"checkbox\" name=\"Preinscripcion[]\" value=\"Quero receber a newsletter e informa\u00e7\u00f5es relacionadas com as atividades do projeto para o e-mail indicado anteriormente\" \/><span class=\"wpcf7-list-item-label\">Quero receber a newsletter e informa\u00e7\u00f5es relacionadas com as atividades do projeto para o e-mail indicado anteriormente<\/span><\/span><\/span><\/span>\n<\/p>\n<h4 style=\"padding-top:20px\">4. Eventos\n<\/h4>\n<p>Durante o projeto, iremos organizar eventos para apresentar os resultados e onde abordaremos a tem\u00e1tica, como combater as falsifica\u00e7\u00f5es atrav\u00e9s da prote\u00e7\u00e3o da propriedade intelectual, a seguran\u00e7a do produto infantil e o uso de novas tecnologias como o blockchain. Interessa-lhe participar?\n<\/p>\n<p><span class=\"wpcf7-form-control-wrap\" data-name=\"interesado-en-eventos\"><span class=\"wpcf7-form-control wpcf7-checkbox\"><span class=\"wpcf7-list-item first last\"><input type=\"checkbox\" name=\"interesado-en-eventos[]\" value=\"Sim, interessa-me. Por favor contacte-me atrav\u00e9s do e-mail acima indicado.\" \/><span class=\"wpcf7-list-item-label\">Sim, interessa-me. Por favor contacte-me atrav\u00e9s do e-mail acima indicado.<\/span><\/span><\/span><\/span>\n<\/p>\n<hr \/>\n<p><small>In compliance with current regulations on data protection, we inform you that:<br \/>\n\u2022 THE RESPONSIBLE FOR THE TREATMENT is ASOCIACI\u00d3N DE INVESTIGACI\u00d3N DE LA INDUSTRIA DEL JUGUETE, CONEXAS Y AFINES (CIF: G03182862) located at AV. DE LA INDUSTRIA, 23. 03440, IBI (ALICANTE). Telephone: 96 555 44 75.<br \/>\n\u2022 THE PURPOSE OF THE TREATMENT<br \/>\n- Pre-enrollment to the course: Manage the enrollment, participation, teaching and follow-up of participants<br \/>\n- Newsletter: Send the email newsletter COUNTERRISK by email to the email address provided by the user.<br \/>\n- Event information: Send information about events by email to the email address provided by the user<br \/>\n\u2022 THE LEGITIMATION OF THE TREATMENT is based on the consent of the interested party<br \/>\n\u2022 CONSERVATION DEADLINES: The data will be stored as long as the user does not express his right of deletion.<br \/>\n\u2022 EXERCISE OF RIGHTS: If you wish to unsubscribe from electronic communications, you can do so at the link, which is located at the bottom of the email or by sending an email to <a href=\"mailto:proyectosseguridad@aiju.es\">proyectosseguridad@aiju.es<\/a>. You can exercise your rights on data protection (access, rectification, opposition, deletion, automated decisions, limitation of treatment, portability) by email at <a href=\"mailto:rgpd@aiju.info>rgpd@aiju.info<\/a>. In any case, you can request the protection of the Spanish Agency for Data Protection through its website <a href=\"https:\/\/www.aepd.es\/\" target=_blank>https:\/\/www.aepd.es\/<\/a>. You can consult more information about the <a href=\"\/en\/privacy-policy\/\" target=_blank>privacy policy<\/a> here (link)<br \/>\n<\/small>\n<\/p>\n<p style=\"width:600px; padding-left:20px;padding-top:10px;padding-bottom:10px;background-color:#F0F0F0\"><span class=\"wpcf7-form-control-wrap\" data-name=\"privacidad\"><span class=\"wpcf7-form-control wpcf7-acceptance\"><span class=\"wpcf7-list-item\"><label><input type=\"checkbox\" name=\"privacidad\" value=\"1\" aria-invalid=\"false\" \/><span class=\"wpcf7-list-item-label\">I have read and accept the <a href=\"\/en\/privacy-policy\/\" target=_blank>privacy policy<\/a><\/span><\/label><\/span><\/span><\/span>\n<\/p>\n<p><input class=\"wpcf7-form-control wpcf7-submit has-spinner small_button\" type=\"submit\" value=\"Enviar\" \/>\n<\/p><div class=\"wpcf7-response-output\" aria-hidden=\"true\"><\/div>\n<\/form>\n<\/div>\n[\/vc_column][\/vc_row]<\/p>\n<\/div>","protected":false},"excerpt":{"rendered":"<p>[vc_row][vc_column width=&#8221;1\/1&#8243;][\/vc_column][\/vc_row]<\/p>\n","protected":false},"author":1,"featured_media":0,"parent":0,"menu_order":0,"comment_status":"closed","ping_status":"closed","template":"","meta":{"footnotes":""},"class_list":["post-1010","page","type-page","status-publish","hentry"],"_links":{"self":[{"href":"https:\/\/www.counterrisk.eu\/pt-pt\/wp-json\/wp\/v2\/pages\/1010","targetHints":{"allow":["GET"]}}],"collection":[{"href":"https:\/\/www.counterrisk.eu\/pt-pt\/wp-json\/wp\/v2\/pages"}],"about":[{"href":"https:\/\/www.counterrisk.eu\/pt-pt\/wp-json\/wp\/v2\/types\/page"}],"author":[{"embeddable":true,"href":"https:\/\/www.counterrisk.eu\/pt-pt\/wp-json\/wp\/v2\/users\/1"}],"replies":[{"embeddable":true,"href":"https:\/\/www.counterrisk.eu\/pt-pt\/wp-json\/wp\/v2\/comments?post=1010"}],"version-history":[{"count":3,"href":"https:\/\/www.counterrisk.eu\/pt-pt\/wp-json\/wp\/v2\/pages\/1010\/revisions"}],"predecessor-version":[{"id":1024,"href":"https:\/\/www.counterrisk.eu\/pt-pt\/wp-json\/wp\/v2\/pages\/1010\/revisions\/1024"}],"wp:attachment":[{"href":"https:\/\/www.counterrisk.eu\/pt-pt\/wp-json\/wp\/v2\/media?parent=1010"}],"curies":[{"name":"wp","href":"https:\/\/api.w.org\/{rel}","templated":true}]}}