{"id":992,"date":"2021-06-15T17:07:43","date_gmt":"2021-06-15T15:07:43","guid":{"rendered":"https:\/\/www.counterrisk.eu\/the-project\/"},"modified":"2021-07-27T19:14:32","modified_gmt":"2021-07-27T17:14:32","slug":"o-projeto","status":"publish","type":"page","link":"https:\/\/www.counterrisk.eu\/pt-pt\/o-projeto\/","title":{"rendered":"O projeto"},"content":{"rendered":"<div class=\"wpb-content-wrapper\"><p>[vc_row top_padding=&#8221;80&#8243;][vc_column animation=&#8221;fade-in-from-left&#8221; column_center=&#8221;true&#8221; width=&#8221;2\/3&#8243; delay=&#8221;400&#8243;]<div class=\"headline font-inherit fontsize-m fontweight-inherit lh-15 align-left transform-inherit \" style=\"margin: 0 0 20px 0;\">CounterRisk \u00e9 um projecto transnacional, financiado pelo Programa Erasmus + da Comiss\u00e3o Europeia, que tem como objectivo o desenvolvimento de recursos formativos TIC abertos sobre como combater a contrafa\u00e7\u00e3o dos produtos infantis, abordando a prote\u00e7\u00e3o dos direitos da propriedade intelectual, a seguran\u00e7a de produtos infantis e como as novas tecnologias, como o blockchain, pode ajudar a proteger os produtos e melhorar a sua seguran\u00e7a. <\/div>[\/vc_column][vc_column animation=&#8221;fade-in-from-right&#8221; width=&#8221;1\/3&#8243; delay=&#8221;400&#8243;]<div class=\"single_image wpb_content_element align-center   image_greyscale \" data-animation=\"none\" data-delay=\"0\"><img loading=\"lazy\" decoding=\"async\" width=\"509\" height=\"339\" src=\"https:\/\/www.counterrisk.eu\/wp-content\/uploads\/2021\/06\/real-falso.png\" class=\"attachment-full\" alt=\"\" title=\"real-falso\" srcset=\"https:\/\/www.counterrisk.eu\/wp-content\/uploads\/2021\/06\/real-falso.png 509w, https:\/\/www.counterrisk.eu\/wp-content\/uploads\/2021\/06\/real-falso-300x200.png 300w\" sizes=\"auto, (max-width: 509px) 100vw, 509px\" \/><\/div>[\/vc_column][\/vc_row][vc_row top_padding=&#8221;40&#8243; bottom_padding=&#8221;40&#8243;][vc_column width=&#8221;1\/1&#8243;]<h3 class=\"headline font-special fontsize-xxl fontweight-inherit lh-inherit align-left transform-inherit \" style=\"margin: 0 30px 0px 0;\">Grupos alvo<\/h3>[\/vc_column][vc_column width=&#8221;2\/3&#8243;]<div class=\"headline font-inherit fontsize-m fontweight-600 lh-inherit align-left transform-inherit \" style=\"margin: 0 0px 30px 0;\">O projeto \u00e9 principalmente dirigido a dois grupos alvo:<\/div><div class=\"iconbox  wpb_content_element iconbox-style-2 icon-color-accent color-dark clearfix\"><div class=\"iconbox-icon\"><img src='https:\/\/www.counterrisk.eu\/wp-content\/uploads\/2021\/05\/cub.png' class='iconimg' alt='' \/><\/div><div class=\"iconbox-content\"><h3><\/h3><p>profissionais de empresas de produtos infantis, especialmente PMEs e<\/p><\/div><\/div><div class=\"iconbox  wpb_content_element iconbox-style-2 icon-color-accent color-dark clearfix\"><div class=\"iconbox-icon\"><img src='https:\/\/www.counterrisk.eu\/wp-content\/uploads\/2021\/05\/cub.png' class='iconimg' alt='' \/><\/div><div class=\"iconbox-content\"><h3><\/h3><p>funcion\u00e1rios(as) das organiza\u00e7\u00f5es de consumidores, como grupo chave que alcan\u00e7a as pessoas que compram produtos para as crian\u00e7as, tanto online como em lojas f\u00edsicas.<\/p><\/div><\/div>[\/vc_column][vc_column width=&#8221;1\/3&#8243;]<div class=\"headline font-inherit fontsize-m fontweight-600 lh-inherit align-left transform-inherit \" style=\"margin: 0 0 30px 0;\">Outros benefici\u00e1rios:<\/div>[vc_column_text]Funcion\u00e1rios(as) da administra\u00e7\u00e3o p\u00fablica respons\u00e1veis pela fiscaliza\u00e7\u00e3o do mercado ou por atividades de educa\u00e7\u00e3o dos consumidores, professores(as), estudantes de disciplinas relacionadas com os temas do projeto e pessoas no geral.[\/vc_column_text][\/vc_column][\/vc_row][vc_row bg_image=&#8221;204&#8243; text_color=&#8221;light&#8221; top_padding=&#8221;80&#8243; bottom_padding=&#8221;80&#8243;][vc_column width=&#8221;1\/1&#8243;]<h3 class=\"headline font-special fontsize-xxl fontweight-inherit lh-inherit align-left transform-inherit \" style=\"margin: 0 30px 0px 0;\">Objetivo<\/h3><div class=\"spacer\" style=\"height: 40px;\"><\/div><div class=\"minti_boxedholder   clearfix\" style=\"padding: 40px 40px 40px 40px; margin: 0px 0px 0px 0px; background-color: rgba(12,12,12,0.6); \">[vc_column_text]As falsifica\u00e7\u00f5es de produtos s\u00e3o economicamente prejudiciais para as empresas e para a sa\u00fade dos consumidores. No caso de produtos infantis, as falsifica\u00e7\u00f5es representam um s\u00e9rio risco para a sa\u00fade dos consumidores mais vulner\u00e1veis, como as crian\u00e7as. De acordo com um estudo do EUIPO \u201cEstudo qualitativo sobre os riscos apresentados por produtos contrafeitos para os consumidores, 2019 \u201d, <strong>80% dos produtos contrafeitos inseguros eram produtos infantis.<\/strong>[\/vc_column_text][vc_column_text]O objetivo final do projeto CounterRisk \u00e9 ajudar a melhorar as compet\u00eancias-chave dos profissionais (PMEs e associa\u00e7\u00f5es de consumidores) na prote\u00e7\u00e3o relativamente \u00e0 contrafa\u00e7\u00e3o, atrav\u00e9s de um maior conhecimento sobre propriedade intelectual, seguran\u00e7a dos produtos infantis, e, de como, a implementa\u00e7\u00e3o de novas tecnologias em produtos \u00e9 fundamental para garantir a sua autenticidade junto das autoridades e os consumidores.[\/vc_column_text]<\/div>[\/vc_column][\/vc_row][vc_row top_padding=&#8221;80&#8243; bottom_padding=&#8221;60&#8243;][vc_column width=&#8221;1\/1&#8243;]<h3 class=\"headline font-special fontsize-xxl fontweight-inherit lh-inherit align-center transform-inherit \" style=\"margin: 0 0px 0px 0;\">Principais resultados do projeto<\/h3><h3 class=\"headline font-special fontsize-xl fontweight-inherit lh-inherit align-center transform-inherit \" style=\"margin: 0 80px 0px 0; color: #1e73be;\">Dois recursos intelectuais<\/h3><div class=\"spacer\" style=\"height: 40px;\"><\/div>[\/vc_column][vc_column width=&#8221;1\/2&#8243;]<div class=\"iconbox  wpb_content_element iconbox-style-5 icon-color-accent color-dark clearfix\"><div class=\"iconbox-icon\"><i class=\"fa fa-arrow-right boxicon\" style=\"\"><\/i><\/div><div class=\"iconbox-content\"><h3>1. NOOC para organiza\u00e7\u00f5es de consumidores<\/h3><p>Curso online gratuito e aberto em formato NOOC, desenvolvido especificamente para t\u00e9cnicos(as) de associa\u00e7\u00f5es de consumidores e demais profissionais envolvidos em atividades de conscientiza\u00e7\u00e3o e educa\u00e7\u00e3o do consumidor.<\/p>\n<p>Como e porqu\u00ea evitar comprar produtos falsificados para as crian\u00e7as?<\/p><\/div><\/div>[\/vc_column][vc_column width=&#8221;1\/2&#8243;]<div class=\"iconbox  wpb_content_element iconbox-style-5 icon-color-accent color-dark clearfix\"><div class=\"iconbox-icon\"><i class=\"fa fa-arrow-right boxicon\" style=\"\"><\/i><\/div><div class=\"iconbox-content\"><h3>2. NOOC para empresas do setor de produtos para crian\u00e7as<\/h3><p>Dirigido aos profissionais das empresas do setor, especialmente PMEs.<\/p>\n<p>Proteja o seu produto e a sua empresa atrav\u00e9s da propriedade intelectual, a seguran\u00e7a dos produtos e as novas tecnologias.<\/p><\/div><\/div>[\/vc_column][\/vc_row][vc_row bg_color=&#8221;#ddedfc&#8221; top_padding=&#8221;40&#8243; bottom_padding=&#8221;40&#8243;][vc_column column_padding=&#8221;padding-2&#8243; width=&#8221;1\/3&#8243;]<h3 class=\"headline font-special fontsize-xxl fontweight-inherit lh-15 align-left transform-inherit \" style=\"margin: 0px 0px 0px 0;\">Como s\u00e3o os NOOCs CounterRisk?<\/h3><div class=\"divider divider5\" style='margin:30px 0 30px 0 !important;'><\/div><div class=\"single_image wpb_content_element align-left    \" data-animation=\"none\" data-delay=\"0\"><img loading=\"lazy\" decoding=\"async\" width=\"608\" height=\"551\" src=\"https:\/\/www.counterrisk.eu\/wp-content\/uploads\/2021\/06\/ilustracion.png\" class=\"attachment-full\" alt=\"\" title=\"ilustracion\" srcset=\"https:\/\/www.counterrisk.eu\/wp-content\/uploads\/2021\/06\/ilustracion.png 608w, https:\/\/www.counterrisk.eu\/wp-content\/uploads\/2021\/06\/ilustracion-300x272.png 300w\" sizes=\"auto, (max-width: 608px) 100vw, 608px\" \/><\/div>[\/vc_column][vc_column column_padding=&#8221;padding-2&#8243; width=&#8221;1\/3&#8243;]<div class=\"iconbox  wpb_content_element iconbox-style-2 icon-color-accent color-dark clearfix\"><div class=\"iconbox-icon\"><i class=\"fa sl-briefcase boxicon\" style=\"\"><\/i><\/div><div class=\"iconbox-content\"><h3>Temas<\/h3><p>produtos infantis &#8211; propriedade intelectual &#8211; seguran\u00e7a de produtos &#8211; novas tecnologias aplicadas \u00e0 prote\u00e7\u00e3o e gest\u00e3o da seguran\u00e7a de produtos &#8211; blockchain.<\/p><\/div><\/div><div class=\"iconbox  wpb_content_element iconbox-style-2 icon-color-accent color-dark clearfix\"><div class=\"iconbox-icon\"><i class=\"fa sl-social-youtube boxicon\" style=\"\"><\/i><\/div><div class=\"iconbox-content\"><h3>Sess\u00f5es de forma\u00e7\u00e3o curtas<\/h3><p>com v\u00eddeos divertidos, infografias, material de leitura, testes, atividades, etc.<\/p><\/div><\/div><div class=\"iconbox  wpb_content_element iconbox-style-2 icon-color-accent color-dark clearfix\"><div class=\"iconbox-icon\"><i class=\"fa sl-link boxicon\" style=\"\"><\/i><\/div><div class=\"iconbox-content\"><h3>Ferramentas gamificadas<\/h3><p>descubra mais sobre a tecnologia blockchain enquanto aprende. Ganhe tokens para aceder a novos recursos e avaliar as suas novas compet\u00eancias ap\u00f3s concluir o curso.<\/p><\/div><\/div><div class=\"iconbox  wpb_content_element iconbox-style-2 icon-color-accent color-dark clearfix\"><div class=\"iconbox-icon\"><i class=\"fa sl-eye boxicon\" style=\"\"><\/i><\/div><div class=\"iconbox-content\"><h3>Realidade aumentada<\/h3><p>Divirta-se com estudos de caso usando realidade aumentada.<\/p><\/div><\/div>[\/vc_column][vc_column column_padding=&#8221;padding-2&#8243; width=&#8221;1\/3&#8243;]<div class=\"iconbox  wpb_content_element iconbox-style-2 icon-color-accent color-dark clearfix\"><div class=\"iconbox-icon\"><i class=\"fa sl-earphones boxicon\" style=\"\"><\/i><\/div><div class=\"iconbox-content\"><h3>Aprenda como e quando quiser<\/h3><p>Os materiais de forma\u00e7\u00e3o podem ser usados \u200b\u200bde uma forma estruturada ao longo do curso ou de forma independente. Fa\u00e7a a sess\u00e3o que precisar a qualquer momento.<\/p><\/div><\/div><div class=\"iconbox  wpb_content_element iconbox-style-2 icon-color-accent color-dark clearfix\"><div class=\"iconbox-icon\"><i class=\"fa sl-like boxicon\" style=\"\"><\/i><\/div><div class=\"iconbox-content\"><h3>Acesso livre para todos<\/h3><p>Para aceder aos NOOCs, apenas \u00e9 necess\u00e1ria uma liga\u00e7\u00e3o \u00e0 internet e um aparelho IOs ou Android (smartphone ou tablet)<\/p><\/div><\/div><div class=\"iconbox  wpb_content_element iconbox-style-2 icon-color-accent color-dark clearfix\"><div class=\"iconbox-icon\"><i class=\"fa sl-emoticon-smile boxicon\" style=\"\"><\/i><\/div><div class=\"iconbox-content\"><h3>Gratuito<\/h3><p>Todos os produtos estar\u00e3o dispon\u00edveis gratuitamente em formato digital na Internet, no website do projeto e na plataforma Erasmus + de divulga\u00e7\u00e3o dos resultados dos projetos.<\/p><\/div><\/div><div class=\"iconbox  wpb_content_element iconbox-style-2 icon-color-accent color-dark clearfix\"><div class=\"iconbox-icon\"><i class=\"fa sl-flag boxicon\" style=\"\"><\/i><\/div><div class=\"iconbox-content\"><h3>L\u00ednguas<\/h3><p>NOOCs em ingl\u00eas, espanhol, franc\u00eas, checo e portugu\u00eas<\/p><\/div><\/div>[\/vc_column][\/vc_row][vc_row bg_color=&#8221;#1e73be&#8221; text_color=&#8221;light&#8221; text_align=&#8221;center&#8221; top_padding=&#8221;30&#8243; bottom_padding=&#8221;30&#8243;][vc_column width=&#8221;1\/1&#8243;]<h1 class=\"headline font-special fontsize-xxxl fontweight-inherit lh-inherit align-center transform-inherit \" style=\"margin: 0 0 0px 0;\">DURA\u00c7\u00c3O DO PROJETO<\/h1><h1 class=\"headline font-special fontsize-m fontweight-inherit lh-inherit align-center transform-inherit \" style=\"margin: 0 0 20px 0;\">Data de in\u00edcio: 01\/12\/20 Data de fim: 31\/03\/2023<\/h1>[\/vc_column][\/vc_row]<\/p>\n<\/div>","protected":false},"excerpt":{"rendered":"<p>[vc_row top_padding=&#8221;80&#8243;][vc_column animation=&#8221;fade-in-from-left&#8221; column_center=&#8221;true&#8221; width=&#8221;2\/3&#8243; delay=&#8221;400&#8243;][\/vc_column][vc_column animation=&#8221;fade-in-from-right&#8221; width=&#8221;1\/3&#8243; delay=&#8221;400&#8243;][\/vc_column][\/vc_row][vc_row top_padding=&#8221;40&#8243; bottom_padding=&#8221;40&#8243;][vc_column width=&#8221;1\/1&#8243;][\/vc_column][vc_column width=&#8221;2\/3&#8243;][\/vc_column][vc_column width=&#8221;1\/3&#8243;][vc_column_text]Funcion\u00e1rios(as) da administra\u00e7\u00e3o p\u00fablica respons\u00e1veis pela fiscaliza\u00e7\u00e3o do mercado ou por atividades de educa\u00e7\u00e3o dos consumidores, professores(as), estudantes de disciplinas relacionadas com os temas do projeto e pessoas no geral.[\/vc_column_text][\/vc_column][\/vc_row][vc_row bg_image=&#8221;204&#8243; text_color=&#8221;light&#8221; top_padding=&#8221;80&#8243; bottom_padding=&#8221;80&#8243;][vc_column width=&#8221;1\/1&#8243;][\/vc_column][\/vc_row][vc_row top_padding=&#8221;80&#8243; bottom_padding=&#8221;60&#8243;][vc_column width=&#8221;1\/1&#8243;][\/vc_column][vc_column width=&#8221;1\/2&#8243;][\/vc_column][vc_column width=&#8221;1\/2&#8243;][\/vc_column][\/vc_row][vc_row bg_color=&#8221;#ddedfc&#8221; top_padding=&#8221;40&#8243; bottom_padding=&#8221;40&#8243;][vc_column column_padding=&#8221;padding-2&#8243; width=&#8221;1\/3&#8243;][\/vc_column][vc_column column_padding=&#8221;padding-2&#8243; width=&#8221;1\/3&#8243;][\/vc_column][vc_column column_padding=&#8221;padding-2&#8243; width=&#8221;1\/3&#8243;][\/vc_column][\/vc_row][vc_row bg_color=&#8221;#1e73be&#8221; text_color=&#8221;light&#8221; text_align=&#8221;center&#8221; top_padding=&#8221;30&#8243; bottom_padding=&#8221;30&#8243;][vc_column width=&#8221;1\/1&#8243;][\/vc_column][\/vc_row]<\/p>\n","protected":false},"author":1,"featured_media":0,"parent":0,"menu_order":0,"comment_status":"closed","ping_status":"closed","template":"","meta":{"footnotes":""},"class_list":["post-992","page","type-page","status-publish","hentry"],"_links":{"self":[{"href":"https:\/\/www.counterrisk.eu\/pt-pt\/wp-json\/wp\/v2\/pages\/992","targetHints":{"allow":["GET"]}}],"collection":[{"href":"https:\/\/www.counterrisk.eu\/pt-pt\/wp-json\/wp\/v2\/pages"}],"about":[{"href":"https:\/\/www.counterrisk.eu\/pt-pt\/wp-json\/wp\/v2\/types\/page"}],"author":[{"embeddable":true,"href":"https:\/\/www.counterrisk.eu\/pt-pt\/wp-json\/wp\/v2\/users\/1"}],"replies":[{"embeddable":true,"href":"https:\/\/www.counterrisk.eu\/pt-pt\/wp-json\/wp\/v2\/comments?post=992"}],"version-history":[{"count":2,"href":"https:\/\/www.counterrisk.eu\/pt-pt\/wp-json\/wp\/v2\/pages\/992\/revisions"}],"predecessor-version":[{"id":996,"href":"https:\/\/www.counterrisk.eu\/pt-pt\/wp-json\/wp\/v2\/pages\/992\/revisions\/996"}],"wp:attachment":[{"href":"https:\/\/www.counterrisk.eu\/pt-pt\/wp-json\/wp\/v2\/media?parent=992"}],"curies":[{"name":"wp","href":"https:\/\/api.w.org\/{rel}","templated":true}]}}